{"id":851,"date":"2011-05-09T18:11:01","date_gmt":"2011-05-09T18:11:01","guid":{"rendered":"https:\/\/topplant.pl\/?page_id=4"},"modified":"2017-05-23T14:10:34","modified_gmt":"2017-05-23T12:10:34","slug":"o-firmie","status":"publish","type":"page","link":"https:\/\/topplant.pl\/de\/o-firmie\/","title":{"rendered":"\u00dcber uns"},"content":{"rendered":"<p><img decoding=\"async\" class=\"alignright size-medium wp-image-950\" src=\"https:\/\/topplant.pl\/wp-content\/uploads\/2011\/05\/fo2-300x215.png\" alt=\"fo2\" width=\"300\" height=\"215\" srcset=\"https:\/\/topplant.pl\/wp-content\/uploads\/2011\/05\/fo2-300x215.png 300w, https:\/\/topplant.pl\/wp-content\/uploads\/2011\/05\/fo2-419x300.png 419w, https:\/\/topplant.pl\/wp-content\/uploads\/2011\/05\/fo2.png 420w\" sizes=\"(max-width: 300px) 100vw, 300px\" \/><\/p>\n<p style=\"text-align: justify;\">TOP-PLANT\u00a0\u2013 Familienbauernhof: Mutter, Vater und erwachsene Kinder plus Kreis der treuen und kompetenten Mitarbeiter.<\/p>\n<p style=\"text-align: justify;\">Wir sind gl\u00fcckliche Menschen, weil wir davon leben, was unsere Leidenschaft ist. Dar\u00fcber hinaus, bieten wir Freude f\u00fcr alle, die die Freude der Umgebung mit den lebenden Pflanzen genie\u00dfen k\u00f6nnen. Jeder G\u00e4rtner ist ein bisschen selbstgef\u00e4llig und gierig auf Lob. Wir auch. Nichts freut uns so sehr als zufriedener Kunde (Gro\u00df- oder Einzelh\u00e4ndler \u2013 egal), weil er zu uns wieder kommt. Deswegen unser Ehrgeiz ist, die einzigartige, nicht unbedingt treuere Blumen, aber auch gesunde Fr\u00fcchte, deren Sch\u00f6nheit und Geschmack vergisst man nicht, vorzuschlagen.<\/p>\n<p style=\"text-align: justify;\">\u00a0In \u00fcber 15 Jahren des Bestehens von unserem Bauernhof haben wir Tausende von Kunden (sowie unsere aus Westpommern, als auch aus dem nahe gelegten Deutschland) zu sich selbst \u00fcberzeugt,\u00a0 die Qualit\u00e4t, reiches Sortiment und gute Ratschl\u00e4ge, auf welche sie immer bei uns rechnen k\u00f6nnen, gesch\u00e4tzt haben. Ohne \u00fcbertriebene Bescheidenheit k\u00f6nnen wir sagen, dass es in unserer Gegend nicht viele Gartenbauunternehmen gibt, die in diesem Bereich mit uns Schritt halten k\u00f6nnen. Jeden Tag zu Ihrer Verf\u00fcgung stehen bei uns erfahrene Ingenieure- Enthusiasten, die die Pflanzen zu einem bestimmten Standort w\u00e4hlen helfen und beraten, wie man darauf achten, dass sie Ihre Augen so lange wie m\u00f6glich anziehen\u2026<\/p>\n<p style=\"text-align: justify;\">Bez\u00fcglich der Erdbeeren und Himbeeren \u2013 hier sind wir schwer zu schlagen. Wundersch\u00f6ne, bew\u00e4hrte Sorten, nat\u00fcrliche Best\u00e4ubung der Blumen von den Hummeln, die modernste Gew\u00e4chshaustechnik, die Anwendung der \u201efiesen\u201c Chemiestoffe (keine Herbizide, biologischer Schutz gegen der meisten Krankheiten und Sch\u00e4dlinge, richtig ausgewogene D\u00fcngung) ausschlie\u00dft \u2013 das ist unser Schl\u00fcssel zum Erfolg. Es ist nicht verwunderlich, dass nach unseren fr\u00fchesten Erdbeeren (ab Anfang Mai) sich eine Warteschlage &#8220;wie zu kommunistischen Zeiten&#8221; \u00a0anstellt :-).<\/p>\n<p style=\"text-align: justify;\">Unser Bauernhof geh\u00f6rt zu den gr\u00f6\u00dften in unserem Stettiner- Region. Derzeit bedienen wir \u00fcber 60.000 m2 der Gew\u00e4chsh\u00e4user, wovon Blumenproduktion etwa 10.000 m2 umfasst, der Rest dagegen wird zur so genannten kontrollierten Produktion von Erdbeeren und Himbeeren und Produktion der Topferdbeerpflanzen benutzt.<\/p>\n<p style=\"text-align: justify;\">Im Firmengesch\u00e4ft von rd. 1000m2 haben wir f\u00fcr Sie ein bemerkenswertes Angebot vorbereitet, das hoffentlich sogar die anspruchsvollsten Liebhaber der Blumen zu sch\u00e4tzen wissen.<\/p>\n<p><\/p>","protected":false},"excerpt":{"rendered":"<p>TOP-PLANT\u00a0\u2013 Familienbauernhof: Mutter, Vater und erwachsene Kinder plus Kreis der treuen und kompetenten Mitarbeiter. Wir sind gl\u00fcckliche Menschen, weil wir davon leben, was unsere Leidenschaft ist. Dar\u00fcber hinaus, bieten wir Freude f\u00fcr alle, die die Freude der Umgebung mit den &hellip; <a href=\"https:\/\/topplant.pl\/de\/o-firmie\/\">Weiterlesen <span class=\"meta-nav\">&rarr;<\/span><\/a><\/p>\n","protected":false},"author":2,"featured_media":0,"parent":0,"menu_order":0,"comment_status":"open","ping_status":"closed","template":"sidebar-page.php","meta":[],"yoast_head":"<!-- This site is optimized with the Yoast SEO plugin v20.2.1 - https:\/\/yoast.com\/wordpress\/plugins\/seo\/ -->\n<title>O nas&nbsp;<\/title>\n<meta name=\"robots\" content=\"index, follow, max-snippet:-1, max-image-preview:large, max-video-preview:-1\" \/>\n<link rel=\"canonical\" href=\"https:\/\/topplant.pl\/o-firmie\/\" \/>\n<meta property=\"og:locale\" content=\"de_DE\" \/>\n<meta property=\"og:type\" content=\"article\" \/>\n<meta property=\"og:title\" content=\"O nas&nbsp;\" \/>\n<meta property=\"og:description\" content=\"TOP-PLANT\u00a0\u2013 Familienbauernhof: Mutter, Vater und erwachsene Kinder plus Kreis der treuen und kompetenten Mitarbeiter. Wir sind gl\u00fcckliche Menschen, weil wir davon leben, was unsere Leidenschaft ist. Dar\u00fcber hinaus, bieten wir Freude f\u00fcr alle, die die Freude der Umgebung mit den &hellip; Weiterlesen &rarr;\" \/>\n<meta property=\"og:url\" content=\"https:\/\/topplant.pl\/o-firmie\/\" \/>\n<meta property=\"og:site_name\" content=\"TOP-PLANT\" \/>\n<meta property=\"article:publisher\" content=\"https:\/\/www.facebook.com\/Centrum-Ogrodnicze-Top-Plant-Szczecin-317711855543144\" \/>\n<meta property=\"article:modified_time\" content=\"2017-05-23T12:10:34+00:00\" \/>\n<meta property=\"og:image\" content=\"https:\/\/topplant.pl\/wp-content\/uploads\/2011\/05\/fo2-300x215.png\" \/>\n<meta name=\"twitter:card\" content=\"summary_large_image\" \/>\n<meta name=\"twitter:label1\" content=\"Gesch\u00e4tzte Lesezeit\" \/>\n\t<meta name=\"twitter:data1\" content=\"4 Minuten\" \/>\n<script type=\"application\/ld+json\" class=\"yoast-schema-graph\">{\"@context\":\"https:\/\/schema.org\",\"@graph\":[{\"@type\":\"WebPage\",\"@id\":\"https:\/\/topplant.pl\/o-firmie\/\",\"url\":\"https:\/\/topplant.pl\/o-firmie\/\",\"name\":\"O nas&nbsp;\",\"isPartOf\":{\"@id\":\"https:\/\/topplant.pl\/#website\"},\"datePublished\":\"2011-05-09T18:11:01+00:00\",\"dateModified\":\"2017-05-23T12:10:34+00:00\",\"breadcrumb\":{\"@id\":\"https:\/\/topplant.pl\/o-firmie\/#breadcrumb\"},\"inLanguage\":\"de-DE\",\"potentialAction\":[{\"@type\":\"ReadAction\",\"target\":[\"https:\/\/topplant.pl\/o-firmie\/\"]}]},{\"@type\":\"BreadcrumbList\",\"@id\":\"https:\/\/topplant.pl\/o-firmie\/#breadcrumb\",\"itemListElement\":[{\"@type\":\"ListItem\",\"position\":1,\"name\":\"Strona g\u0142\u00f3wna\",\"item\":\"https:\/\/topplant.pl\/\"},{\"@type\":\"ListItem\",\"position\":2,\"name\":\"O nas\"}]},{\"@type\":\"WebSite\",\"@id\":\"https:\/\/topplant.pl\/#website\",\"url\":\"https:\/\/topplant.pl\/\",\"name\":\"Centrum Ogrodnicze TOP-PLANT\",\"description\":\"Producent kwiat\u00f3w, sadzonek, owoc\u00f3w truskawek i malin\",\"publisher\":{\"@id\":\"https:\/\/topplant.pl\/#organization\"},\"potentialAction\":[{\"@type\":\"SearchAction\",\"target\":{\"@type\":\"EntryPoint\",\"urlTemplate\":\"https:\/\/topplant.pl\/?s={search_term_string}\"},\"query-input\":\"required name=search_term_string\"}],\"inLanguage\":\"de-DE\"},{\"@type\":\"Organization\",\"@id\":\"https:\/\/topplant.pl\/#organization\",\"name\":\"Centrum Ogrodnicze TOP-PLANT\",\"url\":\"https:\/\/topplant.pl\/\",\"logo\":{\"@type\":\"ImageObject\",\"inLanguage\":\"de-DE\",\"@id\":\"https:\/\/topplant.pl\/#\/schema\/logo\/image\/\",\"url\":\"https:\/\/topplant.pl\/wp-content\/uploads\/2018\/01\/baner-10_bratek_nowe_logo.jpg\",\"contentUrl\":\"https:\/\/topplant.pl\/wp-content\/uploads\/2018\/01\/baner-10_bratek_nowe_logo.jpg\",\"width\":1000,\"height\":320,\"caption\":\"Centrum Ogrodnicze TOP-PLANT\"},\"image\":{\"@id\":\"https:\/\/topplant.pl\/#\/schema\/logo\/image\/\"},\"sameAs\":[\"https:\/\/www.facebook.com\/Centrum-Ogrodnicze-Top-Plant-Szczecin-317711855543144\"]}]}<\/script>\n<!-- \/ Yoast SEO plugin. -->","yoast_head_json":{"title":"O nas&nbsp;","robots":{"index":"index","follow":"follow","max-snippet":"max-snippet:-1","max-image-preview":"max-image-preview:large","max-video-preview":"max-video-preview:-1"},"canonical":"https:\/\/topplant.pl\/o-firmie\/","og_locale":"de_DE","og_type":"article","og_title":"O nas&nbsp;","og_description":"TOP-PLANT\u00a0\u2013 Familienbauernhof: Mutter, Vater und erwachsene Kinder plus Kreis der treuen und kompetenten Mitarbeiter. Wir sind gl\u00fcckliche Menschen, weil wir davon leben, was unsere Leidenschaft ist. Dar\u00fcber hinaus, bieten wir Freude f\u00fcr alle, die die Freude der Umgebung mit den &hellip; Weiterlesen &rarr;","og_url":"https:\/\/topplant.pl\/o-firmie\/","og_site_name":"TOP-PLANT","article_publisher":"https:\/\/www.facebook.com\/Centrum-Ogrodnicze-Top-Plant-Szczecin-317711855543144","article_modified_time":"2017-05-23T12:10:34+00:00","og_image":[{"url":"https:\/\/topplant.pl\/wp-content\/uploads\/2011\/05\/fo2-300x215.png"}],"twitter_card":"summary_large_image","twitter_misc":{"Gesch\u00e4tzte Lesezeit":"4 Minuten"},"schema":{"@context":"https:\/\/schema.org","@graph":[{"@type":"WebPage","@id":"https:\/\/topplant.pl\/o-firmie\/","url":"https:\/\/topplant.pl\/o-firmie\/","name":"O nas&nbsp;","isPartOf":{"@id":"https:\/\/topplant.pl\/#website"},"datePublished":"2011-05-09T18:11:01+00:00","dateModified":"2017-05-23T12:10:34+00:00","breadcrumb":{"@id":"https:\/\/topplant.pl\/o-firmie\/#breadcrumb"},"inLanguage":"de-DE","potentialAction":[{"@type":"ReadAction","target":["https:\/\/topplant.pl\/o-firmie\/"]}]},{"@type":"BreadcrumbList","@id":"https:\/\/topplant.pl\/o-firmie\/#breadcrumb","itemListElement":[{"@type":"ListItem","position":1,"name":"Strona g\u0142\u00f3wna","item":"https:\/\/topplant.pl\/"},{"@type":"ListItem","position":2,"name":"O nas"}]},{"@type":"WebSite","@id":"https:\/\/topplant.pl\/#website","url":"https:\/\/topplant.pl\/","name":"Centrum Ogrodnicze TOP-PLANT","description":"Producent kwiat\u00f3w, sadzonek, owoc\u00f3w truskawek i malin","publisher":{"@id":"https:\/\/topplant.pl\/#organization"},"potentialAction":[{"@type":"SearchAction","target":{"@type":"EntryPoint","urlTemplate":"https:\/\/topplant.pl\/?s={search_term_string}"},"query-input":"required name=search_term_string"}],"inLanguage":"de-DE"},{"@type":"Organization","@id":"https:\/\/topplant.pl\/#organization","name":"Centrum Ogrodnicze TOP-PLANT","url":"https:\/\/topplant.pl\/","logo":{"@type":"ImageObject","inLanguage":"de-DE","@id":"https:\/\/topplant.pl\/#\/schema\/logo\/image\/","url":"https:\/\/topplant.pl\/wp-content\/uploads\/2018\/01\/baner-10_bratek_nowe_logo.jpg","contentUrl":"https:\/\/topplant.pl\/wp-content\/uploads\/2018\/01\/baner-10_bratek_nowe_logo.jpg","width":1000,"height":320,"caption":"Centrum Ogrodnicze TOP-PLANT"},"image":{"@id":"https:\/\/topplant.pl\/#\/schema\/logo\/image\/"},"sameAs":["https:\/\/www.facebook.com\/Centrum-Ogrodnicze-Top-Plant-Szczecin-317711855543144"]}]}},"_links":{"self":[{"href":"https:\/\/topplant.pl\/de\/wp-json\/wp\/v2\/pages\/851"}],"collection":[{"href":"https:\/\/topplant.pl\/de\/wp-json\/wp\/v2\/pages"}],"about":[{"href":"https:\/\/topplant.pl\/de\/wp-json\/wp\/v2\/types\/page"}],"author":[{"embeddable":true,"href":"https:\/\/topplant.pl\/de\/wp-json\/wp\/v2\/users\/2"}],"replies":[{"embeddable":true,"href":"https:\/\/topplant.pl\/de\/wp-json\/wp\/v2\/comments?post=851"}],"version-history":[{"count":0,"href":"https:\/\/topplant.pl\/de\/wp-json\/wp\/v2\/pages\/851\/revisions"}],"wp:attachment":[{"href":"https:\/\/topplant.pl\/de\/wp-json\/wp\/v2\/media?parent=851"}],"curies":[{"name":"wp","href":"https:\/\/api.w.org\/{rel}","templated":true}]}}