{"id":463,"date":"2012-08-10T11:18:19","date_gmt":"2012-08-10T09:18:19","guid":{"rendered":"https:\/\/topplant.pl\/?page_id=463"},"modified":"2017-04-28T10:03:54","modified_gmt":"2017-04-28T08:03:54","slug":"sadzonki-truskawek-doniczkowane","status":"publish","type":"page","link":"https:\/\/topplant.pl\/de\/sadzonki-truskawek-doniczkowane\/","title":{"rendered":"Stiefm\u00fctterchen (Stiefm\u00fctterchen, Viola)"},"content":{"rendered":"<p><\/p>\n<div style=\"background-color: lightblue; padding: 10px; padding-bottom: 30px; margin-bottom: 30px; border: 1px solid blue;\">\n<div style=\"font-size: 17px; font-weight: bold; text-align: justify;\">Prowadzisz centrum ogrodnicze albo obsadzasz wi\u0119ksze kwietniki?<\/div>\n<p style=\"text-align: justify;\"><img decoding=\"async\" class=\"size-thumbnail wp-image-1063 alignright\" src=\"https:\/\/topplant.pl\/wp-content\/uploads\/2016\/02\/2015-04-23-10.47.46-150x150.jpg\" alt=\"2015-04-23 10.47.46\" width=\"150\" \/><br \/>\nOferujemy\u00a0pierwszorz\u0119dny materia\u0142 rodem z Syngenty! Dostarczamy kwiaty bezpo\u015brednio do ka\u017cdego Centrum Ogrodniczego lub sklepu, a <span style=\"color: #800000;\"><strong>dostawa jest\u00a0gratis!<\/strong> <\/span>Zam\u00f3wienia mog\u0105 by\u0107 realizowane nawet nast\u0119pnego dnia po z\u0142o\u017ceniu zam\u00f3wienia*<\/p>\n<div style=\"margin: 0 auto; background-color: red; padding: 5px; width: 220px; color: white; font-weight: bold; text-align: center;\"><a style=\"color: white;\" href=\"https:\/\/topplant.pl\/bratki-hurt\/\">POKA\u017b OFERT\u0118 HURTOW\u0104<\/a><\/div>\n<\/div>\n<p style=\"text-align: justify;\"><img decoding=\"async\" class=\"wp-image-1034 alignleft\" src=\"https:\/\/topplant.pl\/wp-content\/uploads\/2012\/03\/26003-RockyF1GoldenYellowImproved_M-300x291.jpg\" alt=\"\" width=\"240\" height=\"233\" srcset=\"https:\/\/topplant.pl\/wp-content\/uploads\/2012\/03\/26003-RockyF1GoldenYellowImproved_M-300x291.jpg 300w, https:\/\/topplant.pl\/wp-content\/uploads\/2012\/03\/26003-RockyF1GoldenYellowImproved_M-768x746.jpg 768w, https:\/\/topplant.pl\/wp-content\/uploads\/2012\/03\/26003-RockyF1GoldenYellowImproved_M-1024x994.jpg 1024w, https:\/\/topplant.pl\/wp-content\/uploads\/2012\/03\/26003-RockyF1GoldenYellowImproved_M-309x300.jpg 309w, https:\/\/topplant.pl\/wp-content\/uploads\/2012\/03\/26003-RockyF1GoldenYellowImproved_M.jpg 1072w\" sizes=\"(max-width: 240px) 100vw, 240px\" \/>Bratki s\u0105 nasz\u0105 pasj\u0105 od wielu, wielu lat.\u00a0 Trudno nam wyobrazi\u0107 sobie wiosn\u0119 bez tych uroczych kwiat\u00f3w. Po miesi\u0105cach ch\u0142odu i szarzyzny, bratki,\u00a0 dzi\u0119ki niewyobra\u017calnie \u017cywym kolorom jawi\u0105 si\u0119 jako lekarstwo na pozimow\u0105 depresj\u0119.<\/p>\n<p style=\"text-align: justify;\">Na ten moment proponujemy Pa\u0144stwu ok. 80 najpi\u0119kniejszych odmian bratk\u00f3w z rewelacyjnej grupy Delta F1 (seria <strong><em>Delta, Colossus, Endurio, Rocky, Patiola<\/em><\/strong> i inne) w pe\u0142nej gamie kolor\u00f3w rodem z wiod\u0105cego o\u015brodka hodowli bratk\u00f3w \u2013 <span style=\"text-decoration: underline;\">szwajcarskiej firmy Syngenta Seeds<\/span>.<\/p>\n<p style=\"text-align: justify;\"><img decoding=\"async\" class=\"alignright size-medium wp-image-1035\" src=\"https:\/\/topplant.pl\/wp-content\/uploads\/2012\/03\/22350-_M-300x200.jpg\" alt=\"22350-_M\" width=\"300\" height=\"200\" srcset=\"https:\/\/topplant.pl\/wp-content\/uploads\/2012\/03\/22350-_M-300x200.jpg 300w, https:\/\/topplant.pl\/wp-content\/uploads\/2012\/03\/22350-_M-450x300.jpg 450w, https:\/\/topplant.pl\/wp-content\/uploads\/2012\/03\/22350-_M.jpg 720w\" sizes=\"(max-width: 300px) 100vw, 300px\" \/>W naszej ofercie, jak co roku, znajdziecie Pa\u0144stwo sporo nowo\u015bci. \u00a0Z do\u015bwiadczenia wiemy, \u017ce bratki z Syngenty nie maj\u0105 sobie r\u00f3wnych pod wzgl\u0119dem urody i d\u0142ugo\u015bci okresu kwitnienia.\u00a0 Zawsze tworz\u0105 przepiekny efekt dekoracyjny niezale\u017cnie od miejsca, w kt\u00f3rym je posadzimy \u2013 ogr\u00f3d, balkon, taras.<\/p>\n<p style=\"text-align: justify;\"><img decoding=\"async\" class=\"alignleft wp-image-1036\" src=\"https:\/\/topplant.pl\/wp-content\/uploads\/2012\/03\/brateek.jpg\" alt=\"brateek\" width=\"260\" height=\"199\" \/>Tej wiosny, jak zwykle, przygotowali\u015bmy dla Pa\u0144stwa setki tysi\u0119cy bratk\u00f3w w doniczkach \u015br. 9 cm.<\/p>\n<p style=\"text-align: justify;\">Zapraszamy do wsp\u00f3\u0142pracy hurtownik\u00f3w \u2013 sieci market\u00f3w, centra ogrodnicze, kwiaciarnie oraz firmy ogrodnicze.\u00a0<img decoding=\"async\" class=\"alignright size-medium wp-image-1038\" src=\"https:\/\/topplant.pl\/wp-content\/uploads\/2012\/03\/12451-RockyF1Mix_M-200x300.jpg\" alt=\"12451-RockyF1Mix_M\" width=\"200\" height=\"300\" srcset=\"https:\/\/topplant.pl\/wp-content\/uploads\/2012\/03\/12451-RockyF1Mix_M-200x300.jpg 200w, https:\/\/topplant.pl\/wp-content\/uploads\/2012\/03\/12451-RockyF1Mix_M-768x1152.jpg 768w, https:\/\/topplant.pl\/wp-content\/uploads\/2012\/03\/12451-RockyF1Mix_M-683x1024.jpg 683w, https:\/\/topplant.pl\/wp-content\/uploads\/2012\/03\/12451-RockyF1Mix_M.jpg 1024w\" sizes=\"(max-width: 200px) 100vw, 200px\" \/>Detalist\u00f3w te\u017c nie odprawimy z kwitkiem:-) Ma\u0142o tego, fachowo doradzimy jak sadzi\u0107, gdzie sadzi\u0107 i co sadzi\u0107, \u017ceby m\u00f3c cieszy\u0107 oczy widokiem wdzi\u0119cznych ro\u015blin.<\/p>\n<p style=\"text-align: justify;\">Masz pytania? Chcesz zam\u00f3wi\u0107? Dzwo\u0144\u00a0do nas:\u00a0+48 666 816 085<\/p>\n<p><img decoding=\"async\" class=\"alignleft size-thumbnail wp-image-1102\" src=\"https:\/\/topplant.pl\/wp-content\/uploads\/2012\/03\/P3-150x150.jpg\" alt=\"P3\" width=\"150\" height=\"150\" \/><\/p>\n<p style=\"text-align: justify;\"><span style=\"color: #999999; font-size: 9pt;\">Pictures Copyright: kind thanks to Syngenta Seeds who is an owner of the graphics.<\/span><\/p>\n<p><\/p>","protected":false},"excerpt":{"rendered":"<p>Prowadzisz centrum ogrodnicze albo obsadzasz wi\u0119ksze kwietniki? Oferujemy\u00a0pierwszorz\u0119dny materia\u0142 rodem z Syngenty! Dostarczamy kwiaty bezpo\u015brednio do ka\u017cdego Centrum Ogrodniczego lub sklepu, a dostawa jest\u00a0gratis! Zam\u00f3wienia mog\u0105 by\u0107 realizowane nawet nast\u0119pnego dnia po z\u0142o\u017ceniu zam\u00f3wienia* POKA\u017b OFERT\u0118 HURTOW\u0104 Bratki s\u0105 nasz\u0105 &hellip; <a href=\"https:\/\/topplant.pl\/de\/sadzonki-truskawek-doniczkowane\/\">Weiterlesen <span class=\"meta-nav\">&rarr;<\/span><\/a><\/p>\n","protected":false},"author":2,"featured_media":0,"parent":0,"menu_order":0,"comment_status":"open","ping_status":"closed","template":"sidebar-page.php","meta":[],"yoast_head":"<!-- This site is optimized with the Yoast SEO plugin v20.2.1 - https:\/\/yoast.com\/wordpress\/plugins\/seo\/ -->\n<title>Stiefm\u00fctterchen (Stiefm\u00fctterchen, Viola) &nbsp;<\/title>\n<meta name=\"robots\" content=\"index, follow, max-snippet:-1, max-image-preview:large, max-video-preview:-1\" \/>\n<link rel=\"canonical\" href=\"https:\/\/topplant.pl\/sadzonki-truskawek-doniczkowane\/\" \/>\n<meta property=\"og:locale\" content=\"de_DE\" \/>\n<meta property=\"og:type\" content=\"article\" \/>\n<meta property=\"og:title\" content=\"Stiefm\u00fctterchen (Stiefm\u00fctterchen, Viola) &nbsp;\" \/>\n<meta property=\"og:description\" content=\"Prowadzisz centrum ogrodnicze albo obsadzasz wi\u0119ksze kwietniki? Oferujemy\u00a0pierwszorz\u0119dny materia\u0142 rodem z Syngenty! Dostarczamy kwiaty bezpo\u015brednio do ka\u017cdego Centrum Ogrodniczego lub sklepu, a dostawa jest\u00a0gratis! Zam\u00f3wienia mog\u0105 by\u0107 realizowane nawet nast\u0119pnego dnia po z\u0142o\u017ceniu zam\u00f3wienia* POKA\u017b OFERT\u0118 HURTOW\u0104 Bratki s\u0105 nasz\u0105 &hellip; Weiterlesen &rarr;\" \/>\n<meta property=\"og:url\" content=\"https:\/\/topplant.pl\/sadzonki-truskawek-doniczkowane\/\" \/>\n<meta property=\"og:site_name\" content=\"TOP-PLANT\" \/>\n<meta property=\"article:publisher\" content=\"https:\/\/www.facebook.com\/Centrum-Ogrodnicze-Top-Plant-Szczecin-317711855543144\" \/>\n<meta property=\"article:modified_time\" content=\"2017-04-28T08:03:54+00:00\" \/>\n<meta property=\"og:image\" content=\"https:\/\/topplant.pl\/wp-content\/uploads\/2016\/02\/2015-04-23-10.47.46-150x150.jpg\" \/>\n<meta name=\"twitter:card\" content=\"summary_large_image\" \/>\n<meta name=\"twitter:label1\" content=\"Gesch\u00e4tzte Lesezeit\" \/>\n\t<meta name=\"twitter:data1\" content=\"3 Minuten\" \/>\n<script type=\"application\/ld+json\" class=\"yoast-schema-graph\">{\"@context\":\"https:\/\/schema.org\",\"@graph\":[{\"@type\":\"WebPage\",\"@id\":\"https:\/\/topplant.pl\/sadzonki-truskawek-doniczkowane\/\",\"url\":\"https:\/\/topplant.pl\/sadzonki-truskawek-doniczkowane\/\",\"name\":\"Stiefm\u00fctterchen (Stiefm\u00fctterchen, Viola) &nbsp;\",\"isPartOf\":{\"@id\":\"https:\/\/topplant.pl\/#website\"},\"datePublished\":\"2012-08-10T09:18:19+00:00\",\"dateModified\":\"2017-04-28T08:03:54+00:00\",\"breadcrumb\":{\"@id\":\"https:\/\/topplant.pl\/sadzonki-truskawek-doniczkowane\/#breadcrumb\"},\"inLanguage\":\"de-DE\",\"potentialAction\":[{\"@type\":\"ReadAction\",\"target\":[\"https:\/\/topplant.pl\/sadzonki-truskawek-doniczkowane\/\"]}]},{\"@type\":\"BreadcrumbList\",\"@id\":\"https:\/\/topplant.pl\/sadzonki-truskawek-doniczkowane\/#breadcrumb\",\"itemListElement\":[{\"@type\":\"ListItem\",\"position\":1,\"name\":\"Strona g\u0142\u00f3wna\",\"item\":\"https:\/\/topplant.pl\/\"},{\"@type\":\"ListItem\",\"position\":2,\"name\":\"Bratek (Fio\u0142ek ogrodowy, Viola, Pansy) hortensja\"}]},{\"@type\":\"WebSite\",\"@id\":\"https:\/\/topplant.pl\/#website\",\"url\":\"https:\/\/topplant.pl\/\",\"name\":\"Centrum Ogrodnicze TOP-PLANT\",\"description\":\"Producent kwiat\u00f3w, sadzonek, owoc\u00f3w truskawek i malin\",\"publisher\":{\"@id\":\"https:\/\/topplant.pl\/#organization\"},\"potentialAction\":[{\"@type\":\"SearchAction\",\"target\":{\"@type\":\"EntryPoint\",\"urlTemplate\":\"https:\/\/topplant.pl\/?s={search_term_string}\"},\"query-input\":\"required name=search_term_string\"}],\"inLanguage\":\"de-DE\"},{\"@type\":\"Organization\",\"@id\":\"https:\/\/topplant.pl\/#organization\",\"name\":\"Centrum Ogrodnicze TOP-PLANT\",\"url\":\"https:\/\/topplant.pl\/\",\"logo\":{\"@type\":\"ImageObject\",\"inLanguage\":\"de-DE\",\"@id\":\"https:\/\/topplant.pl\/#\/schema\/logo\/image\/\",\"url\":\"https:\/\/topplant.pl\/wp-content\/uploads\/2018\/01\/baner-10_bratek_nowe_logo.jpg\",\"contentUrl\":\"https:\/\/topplant.pl\/wp-content\/uploads\/2018\/01\/baner-10_bratek_nowe_logo.jpg\",\"width\":1000,\"height\":320,\"caption\":\"Centrum Ogrodnicze TOP-PLANT\"},\"image\":{\"@id\":\"https:\/\/topplant.pl\/#\/schema\/logo\/image\/\"},\"sameAs\":[\"https:\/\/www.facebook.com\/Centrum-Ogrodnicze-Top-Plant-Szczecin-317711855543144\"]}]}<\/script>\n<!-- \/ Yoast SEO plugin. -->","yoast_head_json":{"title":"Stiefm\u00fctterchen (Stiefm\u00fctterchen, Viola) &nbsp;","robots":{"index":"index","follow":"follow","max-snippet":"max-snippet:-1","max-image-preview":"max-image-preview:large","max-video-preview":"max-video-preview:-1"},"canonical":"https:\/\/topplant.pl\/sadzonki-truskawek-doniczkowane\/","og_locale":"de_DE","og_type":"article","og_title":"Stiefm\u00fctterchen (Stiefm\u00fctterchen, Viola) &nbsp;","og_description":"Prowadzisz centrum ogrodnicze albo obsadzasz wi\u0119ksze kwietniki? Oferujemy\u00a0pierwszorz\u0119dny materia\u0142 rodem z Syngenty! Dostarczamy kwiaty bezpo\u015brednio do ka\u017cdego Centrum Ogrodniczego lub sklepu, a dostawa jest\u00a0gratis! Zam\u00f3wienia mog\u0105 by\u0107 realizowane nawet nast\u0119pnego dnia po z\u0142o\u017ceniu zam\u00f3wienia* POKA\u017b OFERT\u0118 HURTOW\u0104 Bratki s\u0105 nasz\u0105 &hellip; Weiterlesen &rarr;","og_url":"https:\/\/topplant.pl\/sadzonki-truskawek-doniczkowane\/","og_site_name":"TOP-PLANT","article_publisher":"https:\/\/www.facebook.com\/Centrum-Ogrodnicze-Top-Plant-Szczecin-317711855543144","article_modified_time":"2017-04-28T08:03:54+00:00","og_image":[{"url":"https:\/\/topplant.pl\/wp-content\/uploads\/2016\/02\/2015-04-23-10.47.46-150x150.jpg"}],"twitter_card":"summary_large_image","twitter_misc":{"Gesch\u00e4tzte Lesezeit":"3 Minuten"},"schema":{"@context":"https:\/\/schema.org","@graph":[{"@type":"WebPage","@id":"https:\/\/topplant.pl\/sadzonki-truskawek-doniczkowane\/","url":"https:\/\/topplant.pl\/sadzonki-truskawek-doniczkowane\/","name":"Stiefm\u00fctterchen (Stiefm\u00fctterchen, Viola) &nbsp;","isPartOf":{"@id":"https:\/\/topplant.pl\/#website"},"datePublished":"2012-08-10T09:18:19+00:00","dateModified":"2017-04-28T08:03:54+00:00","breadcrumb":{"@id":"https:\/\/topplant.pl\/sadzonki-truskawek-doniczkowane\/#breadcrumb"},"inLanguage":"de-DE","potentialAction":[{"@type":"ReadAction","target":["https:\/\/topplant.pl\/sadzonki-truskawek-doniczkowane\/"]}]},{"@type":"BreadcrumbList","@id":"https:\/\/topplant.pl\/sadzonki-truskawek-doniczkowane\/#breadcrumb","itemListElement":[{"@type":"ListItem","position":1,"name":"Strona g\u0142\u00f3wna","item":"https:\/\/topplant.pl\/"},{"@type":"ListItem","position":2,"name":"Bratek (Fio\u0142ek ogrodowy, Viola, Pansy) hortensja"}]},{"@type":"WebSite","@id":"https:\/\/topplant.pl\/#website","url":"https:\/\/topplant.pl\/","name":"Centrum Ogrodnicze TOP-PLANT","description":"Producent kwiat\u00f3w, sadzonek, owoc\u00f3w truskawek i malin","publisher":{"@id":"https:\/\/topplant.pl\/#organization"},"potentialAction":[{"@type":"SearchAction","target":{"@type":"EntryPoint","urlTemplate":"https:\/\/topplant.pl\/?s={search_term_string}"},"query-input":"required name=search_term_string"}],"inLanguage":"de-DE"},{"@type":"Organization","@id":"https:\/\/topplant.pl\/#organization","name":"Centrum Ogrodnicze TOP-PLANT","url":"https:\/\/topplant.pl\/","logo":{"@type":"ImageObject","inLanguage":"de-DE","@id":"https:\/\/topplant.pl\/#\/schema\/logo\/image\/","url":"https:\/\/topplant.pl\/wp-content\/uploads\/2018\/01\/baner-10_bratek_nowe_logo.jpg","contentUrl":"https:\/\/topplant.pl\/wp-content\/uploads\/2018\/01\/baner-10_bratek_nowe_logo.jpg","width":1000,"height":320,"caption":"Centrum Ogrodnicze TOP-PLANT"},"image":{"@id":"https:\/\/topplant.pl\/#\/schema\/logo\/image\/"},"sameAs":["https:\/\/www.facebook.com\/Centrum-Ogrodnicze-Top-Plant-Szczecin-317711855543144"]}]}},"_links":{"self":[{"href":"https:\/\/topplant.pl\/de\/wp-json\/wp\/v2\/pages\/463"}],"collection":[{"href":"https:\/\/topplant.pl\/de\/wp-json\/wp\/v2\/pages"}],"about":[{"href":"https:\/\/topplant.pl\/de\/wp-json\/wp\/v2\/types\/page"}],"author":[{"embeddable":true,"href":"https:\/\/topplant.pl\/de\/wp-json\/wp\/v2\/users\/2"}],"replies":[{"embeddable":true,"href":"https:\/\/topplant.pl\/de\/wp-json\/wp\/v2\/comments?post=463"}],"version-history":[{"count":0,"href":"https:\/\/topplant.pl\/de\/wp-json\/wp\/v2\/pages\/463\/revisions"}],"wp:attachment":[{"href":"https:\/\/topplant.pl\/de\/wp-json\/wp\/v2\/media?parent=463"}],"curies":[{"name":"wp","href":"https:\/\/api.w.org\/{rel}","templated":true}]}}