{"id":2088,"date":"2018-05-18T10:45:18","date_gmt":"2018-05-18T08:45:18","guid":{"rendered":"https:\/\/topplant.pl\/?page_id=2088"},"modified":"2018-05-18T10:59:08","modified_gmt":"2018-05-18T08:59:08","slug":"praca-w-centrum-ogrodniczym","status":"publish","type":"page","link":"https:\/\/topplant.pl\/de\/praca-w-centrum-ogrodniczym\/","title":{"rendered":"Praca w Centrum Ogrodniczym"},"content":{"rendered":"<p><img decoding=\"async\" class=\"alignnone wp-image-1516 size-large\" src=\"https:\/\/topplant.pl\/wp-content\/uploads\/2016\/02\/2015-05-21-11.31.57-1024x579.jpg\" alt=\"\" width=\"584\" height=\"330\" srcset=\"https:\/\/topplant.pl\/wp-content\/uploads\/2016\/02\/2015-05-21-11.31.57-1024x579.jpg 1024w, https:\/\/topplant.pl\/wp-content\/uploads\/2016\/02\/2015-05-21-11.31.57-300x170.jpg 300w, https:\/\/topplant.pl\/wp-content\/uploads\/2016\/02\/2015-05-21-11.31.57-768x434.jpg 768w, https:\/\/topplant.pl\/wp-content\/uploads\/2016\/02\/2015-05-21-11.31.57-500x283.jpg 500w\" sizes=\"(max-width: 584px) 100vw, 584px\" \/><\/p>\n<p style=\"text-align: justify;\">Poszukujemy Starszego Sprzedawcy \/ Starszej Sprzedawczyni do pracy w centrum ogrodniczym TOP-PLANT w Szczecinie, ul. Krygiera 1.<\/p>\n<p style=\"text-align: justify;\"><strong>Zadania:<\/strong> profesjonalna obs\u0142uga klient\u00f3w, doradzanie, aktywna pomoc w zakupach, sprzeda\u017c, dbanie o ekspozycj\u0119 i asortyment, obs\u0142uga dostaw, obs\u0142uga kasy.<\/p>\n<p style=\"text-align: justify;\"><strong>Wymagania:<\/strong> zami\u0142owanie do ro\u015blin, zaanga\u017cowanie, zami\u0142owanie do kontaktu z lud\u017ami, dobra znajomo\u015b\u0107 asortymentu ogrodniczego, znajomo\u015b\u0107 zagadnie\u0144 uprawy, do\u015bwiadczenie na podobnym stanowisku.<\/p>\n<p><strong>Oferujemy:<\/strong><br \/>\n&#8211; zatrudnienie na jasnych warunkach w nowoczesnej firmie z tradycj\u0105<br \/>\n&#8211; kontakt z wyj\u0105tkowymi Klientami<br \/>\n&#8211; prac\u0119 w do\u015bwiadczonym i r\u00f3\u017cnorodnym zespole<\/p>\n<hr \/>\n<p>Zbi\u00f3rka CV oraz szczeg\u00f3\u0142owe informacje\u00a0dost\u0119pne pod adresem e-mail.<\/p>\n<p><img decoding=\"async\" class=\"size-full wp-image-2089 alignnone\" style=\"color: #333333; font-style: normal; font-weight: 300;\" src=\"https:\/\/topplant.pl\/wp-content\/uploads\/2018\/05\/email-k.png\" alt=\"\" width=\"238\" height=\"28\" \/><\/p>\n<p>W tytule wiadomo\u015bci prosz\u0119 umie\u015bci\u0107 wyra\u017cenie &#8220;Sprzedawca Centrum Ogrodnicze&#8221;<\/p>\n<p>\n\t\t<style type=\"text\/css\">\n\t\t\t#gallery-2 {\n\t\t\t\tmargin: auto;\n\t\t\t}\n\t\t\t#gallery-2 .gallery-item {\n\t\t\t\tfloat: left;\n\t\t\t\tmargin-top: 10px;\n\t\t\t\ttext-align: center;\n\t\t\t\twidth: 25%;\n\t\t\t}\n\t\t\t#gallery-2 img {\n\t\t\t\tborder: 2px solid #cfcfcf;\n\t\t\t}\n\t\t\t#gallery-2 .gallery-caption {\n\t\t\t\tmargin-left: 0;\n\t\t\t}\n\t\t\t\/* see gallery_shortcode() in wp-includes\/media.php *\/\n\t\t<\/style>\n\t\t<div id='gallery-2' class='gallery galleryid-2088 gallery-columns-4 gallery-size-medium'><dl class='gallery-item'>\n\t\t\t<dt class='gallery-icon landscape'>\n\t\t\t\t<a href='https:\/\/topplant.pl\/wp-content\/uploads\/2017\/02\/22.png'><img width=\"300\" height=\"215\" src=\"https:\/\/topplant.pl\/wp-content\/uploads\/2017\/02\/22-300x215.png\" class=\"attachment-medium size-medium\" alt=\"\u0432\u043b\u0430\u0434\u0435\u043b\u044c\u0446\u044b\" decoding=\"async\" aria-describedby=\"gallery-2-1589\" srcset=\"https:\/\/topplant.pl\/wp-content\/uploads\/2017\/02\/22-300x215.png 300w, https:\/\/topplant.pl\/wp-content\/uploads\/2017\/02\/22.png 419w\" sizes=\"(max-width: 300px) 100vw, 300px\" \/><\/a>\n\t\t\t<\/dt>\n\t\t\t\t<dd class='wp-caption-text gallery-caption' id='gallery-2-1589'>\n\t\t\t\tPraca dla in\u017cyniera ogrodnictwa\n\t\t\t\t<\/dd><\/dl><dl class='gallery-item'>\n\t\t\t<dt class='gallery-icon landscape'>\n\t\t\t\t<a href='https:\/\/topplant.pl\/wp-content\/uploads\/2016\/05\/2016-07-13-12.38.06.jpg'><img width=\"300\" height=\"225\" src=\"https:\/\/topplant.pl\/wp-content\/uploads\/2016\/05\/2016-07-13-12.38.06-300x225.jpg\" class=\"attachment-medium size-medium\" alt=\"\" decoding=\"async\" aria-describedby=\"gallery-2-1624\" srcset=\"https:\/\/topplant.pl\/wp-content\/uploads\/2016\/05\/2016-07-13-12.38.06-300x225.jpg 300w, https:\/\/topplant.pl\/wp-content\/uploads\/2016\/05\/2016-07-13-12.38.06-768x576.jpg 768w, https:\/\/topplant.pl\/wp-content\/uploads\/2016\/05\/2016-07-13-12.38.06-1024x768.jpg 1024w, https:\/\/topplant.pl\/wp-content\/uploads\/2016\/05\/2016-07-13-12.38.06-400x300.jpg 400w\" sizes=\"(max-width: 300px) 100vw, 300px\" \/><\/a>\n\t\t\t<\/dt>\n\t\t\t\t<dd class='wp-caption-text gallery-caption' id='gallery-2-1624'>\n\t\t\t\t\u0440\u0430\u0431\u043e\u0442\u0430 \u0432 \u0441\u0430\u0434\u043e\u0432\u043e\u0434\u0447\u0435\u0441\u043a\u043e\u043c \u0446\u0435\u043d\u0442\u0440\u0435\n\t\t\t\t<\/dd><\/dl><dl class='gallery-item'>\n\t\t\t<dt class='gallery-icon landscape'>\n\t\t\t\t<a href='https:\/\/topplant.pl\/wp-content\/uploads\/2016\/02\/2015-04-24-10.10.27.jpg'><img width=\"300\" height=\"170\" src=\"https:\/\/topplant.pl\/wp-content\/uploads\/2016\/02\/2015-04-24-10.10.27-300x170.jpg\" class=\"attachment-medium size-medium\" alt=\"\" decoding=\"async\" aria-describedby=\"gallery-2-1519\" srcset=\"https:\/\/topplant.pl\/wp-content\/uploads\/2016\/02\/2015-04-24-10.10.27-300x170.jpg 300w, https:\/\/topplant.pl\/wp-content\/uploads\/2016\/02\/2015-04-24-10.10.27-768x434.jpg 768w, https:\/\/topplant.pl\/wp-content\/uploads\/2016\/02\/2015-04-24-10.10.27-1024x579.jpg 1024w, https:\/\/topplant.pl\/wp-content\/uploads\/2016\/02\/2015-04-24-10.10.27-500x283.jpg 500w\" sizes=\"(max-width: 300px) 100vw, 300px\" \/><\/a>\n\t\t\t<\/dt>\n\t\t\t\t<dd class='wp-caption-text gallery-caption' id='gallery-2-1519'>\n\t\t\t\t\u0420\u0430\u0431\u043e\u0442\u0430 &#8211; \u041d\u0430\u0448 \u0441\u0430\u0434 \u0446\u0435\u043d\u0442\u0440\n\t\t\t\t<\/dd><\/dl><dl class='gallery-item'>\n\t\t\t<dt class='gallery-icon landscape'>\n\t\t\t\t<a href='https:\/\/topplant.pl\/wp-content\/uploads\/2016\/05\/2016-07-13-12.44.57.jpg'><img width=\"300\" height=\"225\" src=\"https:\/\/topplant.pl\/wp-content\/uploads\/2016\/05\/2016-07-13-12.44.57-300x225.jpg\" class=\"attachment-medium size-medium\" alt=\"\" decoding=\"async\" aria-describedby=\"gallery-2-1625\" srcset=\"https:\/\/topplant.pl\/wp-content\/uploads\/2016\/05\/2016-07-13-12.44.57-300x225.jpg 300w, https:\/\/topplant.pl\/wp-content\/uploads\/2016\/05\/2016-07-13-12.44.57-768x576.jpg 768w, https:\/\/topplant.pl\/wp-content\/uploads\/2016\/05\/2016-07-13-12.44.57-1024x768.jpg 1024w, https:\/\/topplant.pl\/wp-content\/uploads\/2016\/05\/2016-07-13-12.44.57-400x300.jpg 400w\" sizes=\"(max-width: 300px) 100vw, 300px\" \/><\/a>\n\t\t\t<\/dt>\n\t\t\t\t<dd class='wp-caption-text gallery-caption' id='gallery-2-1625'>\n\t\t\t\tKwiaty rabatowe\n\t\t\t\t<\/dd><\/dl><br style=\"clear: both\" \/>\n\t\t<\/div>\n<\/p>","protected":false},"excerpt":{"rendered":"<p>Poszukujemy Starszego Sprzedawcy \/ Starszej Sprzedawczyni do pracy w centrum ogrodniczym TOP-PLANT w Szczecinie, ul. Krygiera 1. Zadania: profesjonalna obs\u0142uga klient\u00f3w, doradzanie, aktywna pomoc w zakupach, sprzeda\u017c, dbanie o ekspozycj\u0119 i asortyment, obs\u0142uga dostaw, obs\u0142uga kasy. Wymagania: zami\u0142owanie do ro\u015blin, &hellip; <a href=\"https:\/\/topplant.pl\/de\/praca-w-centrum-ogrodniczym\/\">Weiterlesen <span class=\"meta-nav\">&rarr;<\/span><\/a><\/p>\n","protected":false},"author":2,"featured_media":0,"parent":0,"menu_order":0,"comment_status":"closed","ping_status":"closed","template":"sidebar-page.php","meta":[],"yoast_head":"<!-- This site is optimized with the Yoast SEO plugin v20.2.1 - https:\/\/yoast.com\/wordpress\/plugins\/seo\/ -->\n<title>Praca w Centrum Ogrodniczym &nbsp;<\/title>\n<meta name=\"robots\" content=\"index, follow, max-snippet:-1, max-image-preview:large, max-video-preview:-1\" \/>\n<link rel=\"canonical\" href=\"https:\/\/topplant.pl\/praca-w-centrum-ogrodniczym\/\" \/>\n<meta property=\"og:locale\" content=\"de_DE\" \/>\n<meta property=\"og:type\" content=\"article\" \/>\n<meta property=\"og:title\" content=\"Praca w Centrum Ogrodniczym &nbsp;\" \/>\n<meta property=\"og:description\" content=\"Poszukujemy Starszego Sprzedawcy \/ Starszej Sprzedawczyni do pracy w centrum ogrodniczym TOP-PLANT w Szczecinie, ul. Krygiera 1. Zadania: profesjonalna obs\u0142uga klient\u00f3w, doradzanie, aktywna pomoc w zakupach, sprzeda\u017c, dbanie o ekspozycj\u0119 i asortyment, obs\u0142uga dostaw, obs\u0142uga kasy. Wymagania: zami\u0142owanie do ro\u015blin, &hellip; Weiterlesen &rarr;\" \/>\n<meta property=\"og:url\" content=\"https:\/\/topplant.pl\/praca-w-centrum-ogrodniczym\/\" \/>\n<meta property=\"og:site_name\" content=\"TOP-PLANT\" \/>\n<meta property=\"article:publisher\" content=\"https:\/\/www.facebook.com\/Centrum-Ogrodnicze-Top-Plant-Szczecin-317711855543144\" \/>\n<meta property=\"article:modified_time\" content=\"2018-05-18T08:59:08+00:00\" \/>\n<meta property=\"og:image\" content=\"https:\/\/topplant.pl\/wp-content\/uploads\/2017\/02\/22-300x215.png\" \/>\n<meta name=\"twitter:card\" content=\"summary_large_image\" \/>\n<meta name=\"twitter:label1\" content=\"Gesch\u00e4tzte Lesezeit\" \/>\n\t<meta name=\"twitter:data1\" content=\"1 Minute\" \/>\n<script type=\"application\/ld+json\" class=\"yoast-schema-graph\">{\"@context\":\"https:\/\/schema.org\",\"@graph\":[{\"@type\":\"WebPage\",\"@id\":\"https:\/\/topplant.pl\/praca-w-centrum-ogrodniczym\/\",\"url\":\"https:\/\/topplant.pl\/praca-w-centrum-ogrodniczym\/\",\"name\":\"Praca w Centrum Ogrodniczym &nbsp;\",\"isPartOf\":{\"@id\":\"https:\/\/topplant.pl\/#website\"},\"datePublished\":\"2018-05-18T08:45:18+00:00\",\"dateModified\":\"2018-05-18T08:59:08+00:00\",\"breadcrumb\":{\"@id\":\"https:\/\/topplant.pl\/praca-w-centrum-ogrodniczym\/#breadcrumb\"},\"inLanguage\":\"de-DE\",\"potentialAction\":[{\"@type\":\"ReadAction\",\"target\":[\"https:\/\/topplant.pl\/praca-w-centrum-ogrodniczym\/\"]}]},{\"@type\":\"BreadcrumbList\",\"@id\":\"https:\/\/topplant.pl\/praca-w-centrum-ogrodniczym\/#breadcrumb\",\"itemListElement\":[{\"@type\":\"ListItem\",\"position\":1,\"name\":\"Strona g\u0142\u00f3wna\",\"item\":\"https:\/\/topplant.pl\/\"},{\"@type\":\"ListItem\",\"position\":2,\"name\":\"Praca w Centrum Ogrodniczym\"}]},{\"@type\":\"WebSite\",\"@id\":\"https:\/\/topplant.pl\/#website\",\"url\":\"https:\/\/topplant.pl\/\",\"name\":\"Centrum Ogrodnicze TOP-PLANT\",\"description\":\"Producent kwiat\u00f3w, sadzonek, owoc\u00f3w truskawek i malin\",\"publisher\":{\"@id\":\"https:\/\/topplant.pl\/#organization\"},\"potentialAction\":[{\"@type\":\"SearchAction\",\"target\":{\"@type\":\"EntryPoint\",\"urlTemplate\":\"https:\/\/topplant.pl\/?s={search_term_string}\"},\"query-input\":\"required name=search_term_string\"}],\"inLanguage\":\"de-DE\"},{\"@type\":\"Organization\",\"@id\":\"https:\/\/topplant.pl\/#organization\",\"name\":\"Centrum Ogrodnicze TOP-PLANT\",\"url\":\"https:\/\/topplant.pl\/\",\"logo\":{\"@type\":\"ImageObject\",\"inLanguage\":\"de-DE\",\"@id\":\"https:\/\/topplant.pl\/#\/schema\/logo\/image\/\",\"url\":\"https:\/\/topplant.pl\/wp-content\/uploads\/2018\/01\/baner-10_bratek_nowe_logo.jpg\",\"contentUrl\":\"https:\/\/topplant.pl\/wp-content\/uploads\/2018\/01\/baner-10_bratek_nowe_logo.jpg\",\"width\":1000,\"height\":320,\"caption\":\"Centrum Ogrodnicze TOP-PLANT\"},\"image\":{\"@id\":\"https:\/\/topplant.pl\/#\/schema\/logo\/image\/\"},\"sameAs\":[\"https:\/\/www.facebook.com\/Centrum-Ogrodnicze-Top-Plant-Szczecin-317711855543144\"]}]}<\/script>\n<!-- \/ Yoast SEO plugin. -->","yoast_head_json":{"title":"Praca w Centrum Ogrodniczym &nbsp;","robots":{"index":"index","follow":"follow","max-snippet":"max-snippet:-1","max-image-preview":"max-image-preview:large","max-video-preview":"max-video-preview:-1"},"canonical":"https:\/\/topplant.pl\/praca-w-centrum-ogrodniczym\/","og_locale":"de_DE","og_type":"article","og_title":"Praca w Centrum Ogrodniczym &nbsp;","og_description":"Poszukujemy Starszego Sprzedawcy \/ Starszej Sprzedawczyni do pracy w centrum ogrodniczym TOP-PLANT w Szczecinie, ul. Krygiera 1. Zadania: profesjonalna obs\u0142uga klient\u00f3w, doradzanie, aktywna pomoc w zakupach, sprzeda\u017c, dbanie o ekspozycj\u0119 i asortyment, obs\u0142uga dostaw, obs\u0142uga kasy. Wymagania: zami\u0142owanie do ro\u015blin, &hellip; Weiterlesen &rarr;","og_url":"https:\/\/topplant.pl\/praca-w-centrum-ogrodniczym\/","og_site_name":"TOP-PLANT","article_publisher":"https:\/\/www.facebook.com\/Centrum-Ogrodnicze-Top-Plant-Szczecin-317711855543144","article_modified_time":"2018-05-18T08:59:08+00:00","og_image":[{"url":"https:\/\/topplant.pl\/wp-content\/uploads\/2017\/02\/22-300x215.png"}],"twitter_card":"summary_large_image","twitter_misc":{"Gesch\u00e4tzte Lesezeit":"1 Minute"},"schema":{"@context":"https:\/\/schema.org","@graph":[{"@type":"WebPage","@id":"https:\/\/topplant.pl\/praca-w-centrum-ogrodniczym\/","url":"https:\/\/topplant.pl\/praca-w-centrum-ogrodniczym\/","name":"Praca w Centrum Ogrodniczym &nbsp;","isPartOf":{"@id":"https:\/\/topplant.pl\/#website"},"datePublished":"2018-05-18T08:45:18+00:00","dateModified":"2018-05-18T08:59:08+00:00","breadcrumb":{"@id":"https:\/\/topplant.pl\/praca-w-centrum-ogrodniczym\/#breadcrumb"},"inLanguage":"de-DE","potentialAction":[{"@type":"ReadAction","target":["https:\/\/topplant.pl\/praca-w-centrum-ogrodniczym\/"]}]},{"@type":"BreadcrumbList","@id":"https:\/\/topplant.pl\/praca-w-centrum-ogrodniczym\/#breadcrumb","itemListElement":[{"@type":"ListItem","position":1,"name":"Strona g\u0142\u00f3wna","item":"https:\/\/topplant.pl\/"},{"@type":"ListItem","position":2,"name":"Praca w Centrum Ogrodniczym"}]},{"@type":"WebSite","@id":"https:\/\/topplant.pl\/#website","url":"https:\/\/topplant.pl\/","name":"Centrum Ogrodnicze TOP-PLANT","description":"Producent kwiat\u00f3w, sadzonek, owoc\u00f3w truskawek i malin","publisher":{"@id":"https:\/\/topplant.pl\/#organization"},"potentialAction":[{"@type":"SearchAction","target":{"@type":"EntryPoint","urlTemplate":"https:\/\/topplant.pl\/?s={search_term_string}"},"query-input":"required name=search_term_string"}],"inLanguage":"de-DE"},{"@type":"Organization","@id":"https:\/\/topplant.pl\/#organization","name":"Centrum Ogrodnicze TOP-PLANT","url":"https:\/\/topplant.pl\/","logo":{"@type":"ImageObject","inLanguage":"de-DE","@id":"https:\/\/topplant.pl\/#\/schema\/logo\/image\/","url":"https:\/\/topplant.pl\/wp-content\/uploads\/2018\/01\/baner-10_bratek_nowe_logo.jpg","contentUrl":"https:\/\/topplant.pl\/wp-content\/uploads\/2018\/01\/baner-10_bratek_nowe_logo.jpg","width":1000,"height":320,"caption":"Centrum Ogrodnicze TOP-PLANT"},"image":{"@id":"https:\/\/topplant.pl\/#\/schema\/logo\/image\/"},"sameAs":["https:\/\/www.facebook.com\/Centrum-Ogrodnicze-Top-Plant-Szczecin-317711855543144"]}]}},"_links":{"self":[{"href":"https:\/\/topplant.pl\/de\/wp-json\/wp\/v2\/pages\/2088"}],"collection":[{"href":"https:\/\/topplant.pl\/de\/wp-json\/wp\/v2\/pages"}],"about":[{"href":"https:\/\/topplant.pl\/de\/wp-json\/wp\/v2\/types\/page"}],"author":[{"embeddable":true,"href":"https:\/\/topplant.pl\/de\/wp-json\/wp\/v2\/users\/2"}],"replies":[{"embeddable":true,"href":"https:\/\/topplant.pl\/de\/wp-json\/wp\/v2\/comments?post=2088"}],"version-history":[{"count":2,"href":"https:\/\/topplant.pl\/de\/wp-json\/wp\/v2\/pages\/2088\/revisions"}],"predecessor-version":[{"id":2096,"href":"https:\/\/topplant.pl\/de\/wp-json\/wp\/v2\/pages\/2088\/revisions\/2096"}],"wp:attachment":[{"href":"https:\/\/topplant.pl\/de\/wp-json\/wp\/v2\/media?parent=2088"}],"curies":[{"name":"wp","href":"https:\/\/api.w.org\/{rel}","templated":true}]}}