{"id":1660,"date":"2017-12-07T11:49:35","date_gmt":"2017-12-07T10:49:35","guid":{"rendered":"https:\/\/topplant.pl\/?page_id=1660"},"modified":"2017-12-07T13:03:29","modified_gmt":"2017-12-07T12:03:29","slug":"ziola","status":"publish","type":"page","link":"https:\/\/topplant.pl\/de\/ziola\/","title":{"rendered":"Kr\u00e4uter"},"content":{"rendered":"<p><\/p>\n<h2 style=\"text-align: justify;\">Kr\u00e4uter, die in der Kunst des W\u00fcrzens von Speisen verwendet wurden, waren bereits in der Antike bekannt.\u00a0Den Quellen zufolge wurde der neue Geschmack den R\u00f6mern mit Koriander, Thymian und Bohnenkraut gegeben.\u00a0Derzeit leben wir in einer Zeit echter Kr\u00e4uter der Renaissance &#8211; so lohnt es sich, im Garten oder in der K\u00fcche eine eigene Ecke mit Kr\u00e4utern aufzustellen.<\/h2>\n<hr \/>\n<p>Im Folgenden stellen wir Ihnen einige Kr\u00e4uter vor.<\/p>\n<div id=\"attachment_1777\" style=\"width: 190px\" class=\"wp-caption alignleft\"><img decoding=\"async\" aria-describedby=\"caption-attachment-1777\" class=\"size-medium wp-image-1777\" src=\"https:\/\/topplant.pl\/wp-content\/uploads\/2017\/11\/DSC_1230_-180x300.jpg\" alt=\"Li\u015b\u0107 laurowy\" width=\"180\" height=\"300\" srcset=\"https:\/\/topplant.pl\/wp-content\/uploads\/2017\/11\/DSC_1230_-180x300.jpg 180w, https:\/\/topplant.pl\/wp-content\/uploads\/2017\/11\/DSC_1230_-768x1280.jpg 768w, https:\/\/topplant.pl\/wp-content\/uploads\/2017\/11\/DSC_1230_-614x1024.jpg 614w\" sizes=\"(max-width: 180px) 100vw, 180px\" \/><p id=\"caption-attachment-1777\" class=\"wp-caption-text\">Li\u015b\u0107 laurowy<\/p><\/div>\n<p>&nbsp;<\/p>\n<p>&nbsp;<\/p>\n<p style=\"text-align: justify;\"><strong>ECHTER LORBEER, LORBEERBLATT<\/strong>\u00a0&#8211; ist ein immergr\u00fcner Strauch mit einer durchschnittlichen H\u00f6he von 100 bis 300 cm (Sie k\u00f6nnen die H\u00f6he leicht durch Beschneiden anpassen). Seine Bl\u00e4tter sind ein aromatisches Gew\u00fcrz f\u00fcr Gerichte aus Fleisch und Gem\u00fcse, Suppen, Eint\u00f6pfe, Marinaden&#8230; Die Bl\u00e4tter riechen nur nach dem Reiben oder Quetschen intensiv. Das Lorbeerblatt hat auch heilende Eigenschaften &#8211; es wird bei Husten, Rheuma oder Hautkrankheiten eingesetzt. Dar\u00fcber hinaus Sch\u00e4dlinge in der Speisekammer oder K\u00fcchenschr\u00e4nke entmutigen.<\/p>\n<p>&nbsp;<\/p>\n<p>&nbsp;<\/p>\n<p>&nbsp;<\/p>\n<p>&nbsp;<\/p>\n<p>&nbsp;<\/p>\n<hr \/>\n<div id=\"attachment_1778\" style=\"width: 310px\" class=\"wp-caption alignleft\"><img decoding=\"async\" aria-describedby=\"caption-attachment-1778\" class=\"size-medium wp-image-1778\" src=\"https:\/\/topplant.pl\/wp-content\/uploads\/2017\/11\/DSC_1243_-300x200.jpg\" alt=\"Lubczyk\" width=\"300\" height=\"200\" srcset=\"https:\/\/topplant.pl\/wp-content\/uploads\/2017\/11\/DSC_1243_-300x200.jpg 300w, https:\/\/topplant.pl\/wp-content\/uploads\/2017\/11\/DSC_1243_-768x512.jpg 768w, https:\/\/topplant.pl\/wp-content\/uploads\/2017\/11\/DSC_1243_-1024x683.jpg 1024w, https:\/\/topplant.pl\/wp-content\/uploads\/2017\/11\/DSC_1243_-450x300.jpg 450w\" sizes=\"(max-width: 300px) 100vw, 300px\" \/><p id=\"caption-attachment-1778\" class=\"wp-caption-text\">Lubczyk<\/p><\/div>\n<p>&nbsp;<\/p>\n<p>&nbsp;<\/p>\n<p style=\"text-align: justify;\"><strong>LIEBST\u00d6CKEL, LOVAGE, MAGGIKRAUT<\/strong> &#8211; es ist ein gro\u00dfes Gew\u00fcrz und Kraut. Es ist anspruchslos in der Pflege, w\u00e4chst \u00fcppig (H\u00f6he bis zu 200 cm). Es findet seinen Einsatz in der K\u00fcche als W\u00fcrzmittel f\u00fcr Fleisch- und Gem\u00fcsegerichte, Salate und nat\u00fcrlich f\u00fcr Suppen. In der Medizin f\u00fcr Zahnschmerzen, Hals, Nieren und Verdauungstrakt Krankheiten sowie Frigidit\u00e4t seksual.<\/p>\n<p>&nbsp;<\/p>\n<p>&nbsp;<\/p>\n<p>&nbsp;<\/p>\n<hr \/>\n<div id=\"attachment_1779\" style=\"width: 310px\" class=\"wp-caption alignleft\"><img decoding=\"async\" aria-describedby=\"caption-attachment-1779\" class=\"wp-image-1779 size-medium\" src=\"https:\/\/topplant.pl\/wp-content\/uploads\/2017\/11\/DSC_1247_-300x200.jpg\" alt=\"Oregano, Lebiodka pospolita\" width=\"300\" height=\"200\" srcset=\"https:\/\/topplant.pl\/wp-content\/uploads\/2017\/11\/DSC_1247_-300x200.jpg 300w, https:\/\/topplant.pl\/wp-content\/uploads\/2017\/11\/DSC_1247_-768x512.jpg 768w, https:\/\/topplant.pl\/wp-content\/uploads\/2017\/11\/DSC_1247_-1024x683.jpg 1024w, https:\/\/topplant.pl\/wp-content\/uploads\/2017\/11\/DSC_1247_-450x300.jpg 450w\" sizes=\"(max-width: 300px) 100vw, 300px\" \/><p id=\"caption-attachment-1779\" class=\"wp-caption-text\">Oregano, Lebiodka pospolita<\/p><\/div>\n<p>&nbsp;<\/p>\n<p style=\"text-align: justify;\"><strong>OREGANO, GEMEINER DOST<\/strong>\u00a0&#8211; ist eines der beliebtesten Kr\u00e4uter, die wir mit uns treffen k\u00f6nnen. Es wird nicht nur zu italienischen Gerichten, sondern auch zu Fleischgerichten, So\u00dfen und Salaten hinzugef\u00fcgt. Als therapeutische Ma\u00dfnahme k\u00f6nnen Sie haupts\u00e4chlich desinfizierende, gewaltt\u00e4tige, harntreibende, verdauungsf\u00f6rdernde, entgiftende und schlaff\u00f6rdernde Pillen erw\u00e4hnen. Es enth\u00e4lt viel Vitamin K, Mangan und Omega 3. Vitamin A und E und Eisen, Kalzium und Ballaststoffe sind in einer geringeren Menge vorhanden.<\/p>\n<p>&nbsp;<\/p>\n<p>&nbsp;<\/p>\n<hr \/>\n<div id=\"attachment_1780\" style=\"width: 310px\" class=\"wp-caption alignleft\"><img decoding=\"async\" aria-describedby=\"caption-attachment-1780\" class=\"size-medium wp-image-1780\" src=\"https:\/\/topplant.pl\/wp-content\/uploads\/2017\/11\/DSC_1241_-300x200.jpg\" alt=\"Pietruszka\" width=\"300\" height=\"200\" srcset=\"https:\/\/topplant.pl\/wp-content\/uploads\/2017\/11\/DSC_1241_-300x200.jpg 300w, https:\/\/topplant.pl\/wp-content\/uploads\/2017\/11\/DSC_1241_-768x512.jpg 768w, https:\/\/topplant.pl\/wp-content\/uploads\/2017\/11\/DSC_1241_-1024x683.jpg 1024w, https:\/\/topplant.pl\/wp-content\/uploads\/2017\/11\/DSC_1241_-450x300.jpg 450w\" sizes=\"(max-width: 300px) 100vw, 300px\" \/><p id=\"caption-attachment-1780\" class=\"wp-caption-text\">Pietruszka<\/p><\/div>\n<p>&nbsp;<\/p>\n<p style=\"text-align: justify;\"><strong>PETERSILIE<\/strong> &#8211; hat ein frisches Aroma und einen ausgepr\u00e4gten Geschmack, der es zu einer idealen Erg\u00e4nzung zu den meisten Gerichten macht. Es eignet sich gut als Erg\u00e4nzung zu Gulasch, Saucen, Reisgerichten, K\u00e4sepasten, Gem\u00fcse, Omelettes und Fischgerichten. Es gibt die Farbe von Pesto. In der Behandlung wird f\u00fcr Verdauungsst\u00f6rungen, Bronchitis, Erkrankungen der Harnwege eingesetzt. Es ist reich an Vitaminen, haupts\u00e4chlich A und C. Die darin enthaltenen Histamininhibitoren reduzieren die Entz\u00fcndung.<\/p>\n<p>&nbsp;<\/p>\n<p>&nbsp;<\/p>\n<hr \/>\n<div id=\"attachment_1781\" style=\"width: 282px\" class=\"wp-caption alignleft\"><img decoding=\"async\" aria-describedby=\"caption-attachment-1781\" class=\"size-medium wp-image-1781\" src=\"https:\/\/topplant.pl\/wp-content\/uploads\/2017\/11\/DSC_1254_-e1511360727642-272x300.jpg\" alt=\"Rozmaryn\" width=\"272\" height=\"300\" srcset=\"https:\/\/topplant.pl\/wp-content\/uploads\/2017\/11\/DSC_1254_-e1511360727642-272x300.jpg 272w, https:\/\/topplant.pl\/wp-content\/uploads\/2017\/11\/DSC_1254_-e1511360727642-768x847.jpg 768w, https:\/\/topplant.pl\/wp-content\/uploads\/2017\/11\/DSC_1254_-e1511360727642-929x1024.jpg 929w\" sizes=\"(max-width: 272px) 100vw, 272px\" \/><p id=\"caption-attachment-1781\" class=\"wp-caption-text\">Rozmaryn<\/p><\/div>\n<p>&nbsp;<\/p>\n<p>&nbsp;<\/p>\n<p style=\"text-align: justify;\"><strong>ROSMARIN<\/strong> &#8211; Dies ist ein immergr\u00fcner Strauch. Es kann sowohl im Boden als auch in einem Topf angebaut werden. In unserem Klima erreicht es normalerweise etwa 50 cm H\u00f6he. In der K\u00fcche am h\u00e4ufigsten als Gew\u00fcrz f\u00fcr Fleisch, Gem\u00fcse, Fisch und Pasta. In der Medizin dagegen st\u00e4rkt es die Immunit\u00e4t des K\u00f6rpers und verbessert die Stimmung.<\/p>\n<p>&nbsp;<\/p>\n<p>&nbsp;<\/p>\n<p>&nbsp;<\/p>\n<p>&nbsp;<\/p>\n<p>&nbsp;<\/p>\n<p>&nbsp;<\/p>\n<hr \/>\n<div id=\"attachment_1783\" style=\"width: 310px\" class=\"wp-caption alignleft\"><img decoding=\"async\" aria-describedby=\"caption-attachment-1783\" class=\"wp-image-1783 size-medium\" src=\"https:\/\/topplant.pl\/wp-content\/uploads\/2017\/11\/DSC_1238_-e1511360852488-300x255.jpg\" alt=\"Szczaw krwisty, Bloody Dock\" width=\"300\" height=\"255\" srcset=\"https:\/\/topplant.pl\/wp-content\/uploads\/2017\/11\/DSC_1238_-e1511360852488-300x255.jpg 300w, https:\/\/topplant.pl\/wp-content\/uploads\/2017\/11\/DSC_1238_-e1511360852488-768x654.jpg 768w, https:\/\/topplant.pl\/wp-content\/uploads\/2017\/11\/DSC_1238_-e1511360852488-1024x872.jpg 1024w, https:\/\/topplant.pl\/wp-content\/uploads\/2017\/11\/DSC_1238_-e1511360852488-352x300.jpg 352w\" sizes=\"(max-width: 300px) 100vw, 300px\" \/><p id=\"caption-attachment-1783\" class=\"wp-caption-text\">Szczaw krwisty, Bloody Dock<\/p><\/div>\n<p>&nbsp;<\/p>\n<p style=\"text-align: justify;\"><strong>BLUT SAUERAMPFER, BLOODY DOCK<\/strong>\u00a0&#8211; Sauerampfer wird am h\u00e4ufigsten in franz\u00f6sischen und \u00e4gyptischen Gerichten wie Suppen, Sandwiches, Salaten, gekochten Lachsen, Schmorbraten und Spiegeleiern verwendet. Es passt gut zum Geschmack von Zwiebeln, Fisch, Kartoffeln, Fleisch, Paprika und Saucen auf Rahmbasis. Es hat eine gute Wirkung auf die Verdauung, lindert die Auswirkungen von Inaktivit\u00e4t, es wird auch bei der Behandlung von Leberproblemen und Geschw\u00fcren im Mund und Hals Wunden funktionieren. Es ist reich an Vitamin C, Kalium, Phosphor, Kalzium und Magnesium.<\/p>\n<p>&nbsp;<\/p>\n<p>&nbsp;<\/p>\n<p>&nbsp;<\/p>\n<hr \/>\n<div id=\"attachment_1784\" style=\"width: 310px\" class=\"wp-caption alignleft\"><img decoding=\"async\" aria-describedby=\"caption-attachment-1784\" class=\"size-medium wp-image-1784\" src=\"https:\/\/topplant.pl\/wp-content\/uploads\/2017\/11\/DSC_1251_-e1511361030329-300x221.jpg\" alt=\"Szczypior\" width=\"300\" height=\"221\" srcset=\"https:\/\/topplant.pl\/wp-content\/uploads\/2017\/11\/DSC_1251_-e1511361030329-300x221.jpg 300w, https:\/\/topplant.pl\/wp-content\/uploads\/2017\/11\/DSC_1251_-e1511361030329-768x566.jpg 768w, https:\/\/topplant.pl\/wp-content\/uploads\/2017\/11\/DSC_1251_-e1511361030329-1024x755.jpg 1024w, https:\/\/topplant.pl\/wp-content\/uploads\/2017\/11\/DSC_1251_-e1511361030329-407x300.jpg 407w\" sizes=\"(max-width: 300px) 100vw, 300px\" \/><p id=\"caption-attachment-1784\" class=\"wp-caption-text\">Szczypior<\/p><\/div>\n<p>&nbsp;<\/p>\n<p style=\"text-align: justify;\"><strong>SCHNITTLAUCH<\/strong> &#8211; aufgrund des delikaten Geschmacks ist eine sehr beliebte Zutat der europ\u00e4ischen K\u00fcche. Die gr\u00fcnen Stiele von Schnittlauch sind gut als Erg\u00e4nzung zu kalten Salaten, Suppen und Gulasch. Es kann auch verwendet werden, um fertige Suppen, Saucen, R\u00fchrei, Sandwiches, Aufl\u00e4ufe usw. zu dekorieren. Sie k\u00f6nnen es mit Zitrone, Estragon, Petersilie, Sesam\u00f6l, Sojasauce, Ingwer, Kartoffeln und Chili kombinieren. Es wird therapeutisch verwendet, um den Blutdruck zu senken, die Verdauung, den Appetit zu stimulieren und hat antiseptische Eigenschaften.<\/p>\n<p>&nbsp;<\/p>\n<p>&nbsp;<\/p>\n<hr \/>\n<div id=\"attachment_1787\" style=\"width: 310px\" class=\"wp-caption alignleft\"><img decoding=\"async\" aria-describedby=\"caption-attachment-1787\" class=\"size-medium wp-image-1787\" src=\"https:\/\/topplant.pl\/wp-content\/uploads\/2017\/11\/DSC_1239_-300x200.jpg\" alt=\"Tymianek\" width=\"300\" height=\"200\" srcset=\"https:\/\/topplant.pl\/wp-content\/uploads\/2017\/11\/DSC_1239_-300x200.jpg 300w, https:\/\/topplant.pl\/wp-content\/uploads\/2017\/11\/DSC_1239_-768x512.jpg 768w, https:\/\/topplant.pl\/wp-content\/uploads\/2017\/11\/DSC_1239_-1024x683.jpg 1024w, https:\/\/topplant.pl\/wp-content\/uploads\/2017\/11\/DSC_1239_-450x300.jpg 450w\" sizes=\"(max-width: 300px) 100vw, 300px\" \/><p id=\"caption-attachment-1787\" class=\"wp-caption-text\">Tymianek<\/p><\/div>\n<p style=\"text-align: justify;\"><strong>THYMIAN<\/strong> &#8211; In der franz\u00f6sischen K\u00fcche gilt es aufgrund des feinen Nelkenaromas als eines der feinsten Kr\u00e4uter. Es passt perfekt zu Kalb, Lamm, Rind, Gefl\u00fcgel, Fisch, betont den Geschmack von F\u00fcllung, Gulasch, Pasteten, Suppen und Br\u00fchen. Es f\u00fcgt interessante Aromen zu Tomaten, Zwiebeln, Karotten, Gurken, Lauch, Spargel, Pilzen, Mais und vielen anderen hinzu. In der Medizin hat es antiseptische, sedative, w\u00e4rmende Wirkung, erh\u00f6ht die Menge an Schleim in der Lunge produziert, verhindert virale, pilzartige und bakterielle Infektionen. Es kann auch topisch zum Gurgeln bei Laryngitis, Geschw\u00fcren im Mund, Ringelflechte, Mandelentz\u00fcndung verwendet werden.<\/p>\n<p>&nbsp;<\/p>\n<p>&nbsp;<\/p>\n<p>&nbsp;<\/p>\n<p>&nbsp;<\/p>\n<p>&nbsp;<\/p>\n<p>&nbsp;<\/p>\n<p>&nbsp;<\/p>","protected":false},"excerpt":{"rendered":"<p>Kr\u00e4uter, die in der Kunst des W\u00fcrzens von Speisen verwendet wurden, waren bereits in der Antike bekannt.\u00a0Den Quellen zufolge wurde der neue Geschmack den R\u00f6mern mit Koriander, Thymian und Bohnenkraut gegeben.\u00a0Derzeit leben wir in einer Zeit echter Kr\u00e4uter der Renaissance &hellip; <a href=\"https:\/\/topplant.pl\/de\/ziola\/\">Weiterlesen <span class=\"meta-nav\">&rarr;<\/span><\/a><\/p>\n","protected":false},"author":2,"featured_media":0,"parent":0,"menu_order":0,"comment_status":"closed","ping_status":"closed","template":"sidebar-page.php","meta":{"footnotes":""},"class_list":["post-1660","page","type-page","status-publish","hentry"],"yoast_head":"<!-- This site is optimized with the Yoast SEO plugin v20.2.1 - https:\/\/yoast.com\/wordpress\/plugins\/seo\/ -->\n<title>Kr\u00e4uter &nbsp;<\/title>\n<meta name=\"description\" content=\"(Polski) Zio\u0142a | Ro\u015bliny rabatowe letnie | Ro\u015bliny lecznicze | Ro\u015bliny domowe ozdobne | Najtaniej w Szczecinie | Du\u017cy wyb\u00f3r | Mo\u017cliwo\u015b\u0107 wypo\u017cyczenia\" \/>\n<meta name=\"robots\" content=\"index, follow, max-snippet:-1, max-image-preview:large, max-video-preview:-1\" \/>\n<link rel=\"canonical\" href=\"https:\/\/topplant.pl\/ziola\/\" \/>\n<meta property=\"og:locale\" content=\"de_DE\" \/>\n<meta property=\"og:type\" content=\"article\" \/>\n<meta property=\"og:title\" content=\"Kr\u00e4uter &nbsp;\" \/>\n<meta property=\"og:description\" content=\"{:pl}Zio\u0142a | Ro\u015bliny rabatowe letnie | Ro\u015bliny lecznicze | Ro\u015bliny domowe ozdobne | Najtaniej w Szczecinie | Du\u017cy wyb\u00f3r | Mo\u017cliwo\u015b\u0107 wypo\u017cyczenia{:}\" \/>\n<meta property=\"og:url\" content=\"https:\/\/topplant.pl\/ziola\/\" \/>\n<meta property=\"og:site_name\" content=\"TOP-PLANT\" \/>\n<meta property=\"article:publisher\" content=\"https:\/\/www.facebook.com\/Centrum-Ogrodnicze-Top-Plant-Szczecin-317711855543144\" \/>\n<meta property=\"article:modified_time\" content=\"2017-12-07T12:03:29+00:00\" \/>\n<meta property=\"og:image\" content=\"https:\/\/topplant.pl\/wp-content\/uploads\/2017\/11\/DSC_1230_-180x300.jpg\" \/>\n<meta name=\"twitter:card\" content=\"summary_large_image\" \/>\n<meta name=\"twitter:label1\" content=\"Gesch\u00e4tzte Lesezeit\" \/>\n\t<meta name=\"twitter:data1\" content=\"8\u00a0Minuten\" \/>\n<script type=\"application\/ld+json\" class=\"yoast-schema-graph\">{\"@context\":\"https:\/\/schema.org\",\"@graph\":[{\"@type\":\"WebPage\",\"@id\":\"https:\/\/topplant.pl\/ziola\/\",\"url\":\"https:\/\/topplant.pl\/ziola\/\",\"name\":\"Kr\u00e4uter &nbsp;\",\"isPartOf\":{\"@id\":\"https:\/\/topplant.pl\/#website\"},\"datePublished\":\"2017-12-07T10:49:35+00:00\",\"dateModified\":\"2017-12-07T12:03:29+00:00\",\"description\":\"{:pl}Zio\u0142a | Ro\u015bliny rabatowe letnie | Ro\u015bliny lecznicze | Ro\u015bliny domowe ozdobne | Najtaniej w Szczecinie | Du\u017cy wyb\u00f3r | Mo\u017cliwo\u015b\u0107 wypo\u017cyczenia{:}\",\"breadcrumb\":{\"@id\":\"https:\/\/topplant.pl\/ziola\/#breadcrumb\"},\"inLanguage\":\"de\",\"potentialAction\":[{\"@type\":\"ReadAction\",\"target\":[\"https:\/\/topplant.pl\/ziola\/\"]}]},{\"@type\":\"BreadcrumbList\",\"@id\":\"https:\/\/topplant.pl\/ziola\/#breadcrumb\",\"itemListElement\":[{\"@type\":\"ListItem\",\"position\":1,\"name\":\"Strona g\u0142\u00f3wna\",\"item\":\"https:\/\/topplant.pl\/\"},{\"@type\":\"ListItem\",\"position\":2,\"name\":\"Zio\u0142a\"}]},{\"@type\":\"WebSite\",\"@id\":\"https:\/\/topplant.pl\/#website\",\"url\":\"https:\/\/topplant.pl\/\",\"name\":\"Centrum Ogrodnicze TOP-PLANT\",\"description\":\"Producent kwiat\u00f3w, sadzonek, owoc\u00f3w truskawek i malin\",\"publisher\":{\"@id\":\"https:\/\/topplant.pl\/#organization\"},\"potentialAction\":[{\"@type\":\"SearchAction\",\"target\":{\"@type\":\"EntryPoint\",\"urlTemplate\":\"https:\/\/topplant.pl\/?s={search_term_string}\"},\"query-input\":\"required name=search_term_string\"}],\"inLanguage\":\"de\"},{\"@type\":\"Organization\",\"@id\":\"https:\/\/topplant.pl\/#organization\",\"name\":\"Centrum Ogrodnicze TOP-PLANT\",\"url\":\"https:\/\/topplant.pl\/\",\"logo\":{\"@type\":\"ImageObject\",\"inLanguage\":\"de\",\"@id\":\"https:\/\/topplant.pl\/#\/schema\/logo\/image\/\",\"url\":\"https:\/\/topplant.pl\/wp-content\/uploads\/2018\/01\/baner-10_bratek_nowe_logo.jpg\",\"contentUrl\":\"https:\/\/topplant.pl\/wp-content\/uploads\/2018\/01\/baner-10_bratek_nowe_logo.jpg\",\"width\":1000,\"height\":320,\"caption\":\"Centrum Ogrodnicze TOP-PLANT\"},\"image\":{\"@id\":\"https:\/\/topplant.pl\/#\/schema\/logo\/image\/\"},\"sameAs\":[\"https:\/\/www.facebook.com\/Centrum-Ogrodnicze-Top-Plant-Szczecin-317711855543144\"]}]}<\/script>\n<!-- \/ Yoast SEO plugin. -->","yoast_head_json":{"title":"Kr\u00e4uter &nbsp;","description":"(Polski) Zio\u0142a | Ro\u015bliny rabatowe letnie | Ro\u015bliny lecznicze | Ro\u015bliny domowe ozdobne | Najtaniej w Szczecinie | Du\u017cy wyb\u00f3r | Mo\u017cliwo\u015b\u0107 wypo\u017cyczenia","robots":{"index":"index","follow":"follow","max-snippet":"max-snippet:-1","max-image-preview":"max-image-preview:large","max-video-preview":"max-video-preview:-1"},"canonical":"https:\/\/topplant.pl\/ziola\/","og_locale":"de_DE","og_type":"article","og_title":"Kr\u00e4uter &nbsp;","og_description":"{:pl}Zio\u0142a | Ro\u015bliny rabatowe letnie | Ro\u015bliny lecznicze | Ro\u015bliny domowe ozdobne | Najtaniej w Szczecinie | Du\u017cy wyb\u00f3r | Mo\u017cliwo\u015b\u0107 wypo\u017cyczenia{:}","og_url":"https:\/\/topplant.pl\/ziola\/","og_site_name":"TOP-PLANT","article_publisher":"https:\/\/www.facebook.com\/Centrum-Ogrodnicze-Top-Plant-Szczecin-317711855543144","article_modified_time":"2017-12-07T12:03:29+00:00","og_image":[{"url":"https:\/\/topplant.pl\/wp-content\/uploads\/2017\/11\/DSC_1230_-180x300.jpg"}],"twitter_card":"summary_large_image","twitter_misc":{"Gesch\u00e4tzte Lesezeit":"8\u00a0Minuten"},"schema":{"@context":"https:\/\/schema.org","@graph":[{"@type":"WebPage","@id":"https:\/\/topplant.pl\/ziola\/","url":"https:\/\/topplant.pl\/ziola\/","name":"Kr\u00e4uter &nbsp;","isPartOf":{"@id":"https:\/\/topplant.pl\/#website"},"datePublished":"2017-12-07T10:49:35+00:00","dateModified":"2017-12-07T12:03:29+00:00","description":"{:pl}Zio\u0142a | Ro\u015bliny rabatowe letnie | Ro\u015bliny lecznicze | Ro\u015bliny domowe ozdobne | Najtaniej w Szczecinie | Du\u017cy wyb\u00f3r | Mo\u017cliwo\u015b\u0107 wypo\u017cyczenia{:}","breadcrumb":{"@id":"https:\/\/topplant.pl\/ziola\/#breadcrumb"},"inLanguage":"de","potentialAction":[{"@type":"ReadAction","target":["https:\/\/topplant.pl\/ziola\/"]}]},{"@type":"BreadcrumbList","@id":"https:\/\/topplant.pl\/ziola\/#breadcrumb","itemListElement":[{"@type":"ListItem","position":1,"name":"Strona g\u0142\u00f3wna","item":"https:\/\/topplant.pl\/"},{"@type":"ListItem","position":2,"name":"Zio\u0142a"}]},{"@type":"WebSite","@id":"https:\/\/topplant.pl\/#website","url":"https:\/\/topplant.pl\/","name":"Centrum Ogrodnicze TOP-PLANT","description":"Producent kwiat\u00f3w, sadzonek, owoc\u00f3w truskawek i malin","publisher":{"@id":"https:\/\/topplant.pl\/#organization"},"potentialAction":[{"@type":"SearchAction","target":{"@type":"EntryPoint","urlTemplate":"https:\/\/topplant.pl\/?s={search_term_string}"},"query-input":"required name=search_term_string"}],"inLanguage":"de"},{"@type":"Organization","@id":"https:\/\/topplant.pl\/#organization","name":"Centrum Ogrodnicze TOP-PLANT","url":"https:\/\/topplant.pl\/","logo":{"@type":"ImageObject","inLanguage":"de","@id":"https:\/\/topplant.pl\/#\/schema\/logo\/image\/","url":"https:\/\/topplant.pl\/wp-content\/uploads\/2018\/01\/baner-10_bratek_nowe_logo.jpg","contentUrl":"https:\/\/topplant.pl\/wp-content\/uploads\/2018\/01\/baner-10_bratek_nowe_logo.jpg","width":1000,"height":320,"caption":"Centrum Ogrodnicze TOP-PLANT"},"image":{"@id":"https:\/\/topplant.pl\/#\/schema\/logo\/image\/"},"sameAs":["https:\/\/www.facebook.com\/Centrum-Ogrodnicze-Top-Plant-Szczecin-317711855543144"]}]}},"_links":{"self":[{"href":"https:\/\/topplant.pl\/de\/wp-json\/wp\/v2\/pages\/1660","targetHints":{"allow":["GET"]}}],"collection":[{"href":"https:\/\/topplant.pl\/de\/wp-json\/wp\/v2\/pages"}],"about":[{"href":"https:\/\/topplant.pl\/de\/wp-json\/wp\/v2\/types\/page"}],"author":[{"embeddable":true,"href":"https:\/\/topplant.pl\/de\/wp-json\/wp\/v2\/users\/2"}],"replies":[{"embeddable":true,"href":"https:\/\/topplant.pl\/de\/wp-json\/wp\/v2\/comments?post=1660"}],"version-history":[{"count":3,"href":"https:\/\/topplant.pl\/de\/wp-json\/wp\/v2\/pages\/1660\/revisions"}],"predecessor-version":[{"id":1890,"href":"https:\/\/topplant.pl\/de\/wp-json\/wp\/v2\/pages\/1660\/revisions\/1890"}],"wp:attachment":[{"href":"https:\/\/topplant.pl\/de\/wp-json\/wp\/v2\/media?parent=1660"}],"curies":[{"name":"wp","href":"https:\/\/api.w.org\/{rel}","templated":true}]}}