{"id":1657,"date":"2017-12-06T13:25:16","date_gmt":"2017-12-06T12:25:16","guid":{"rendered":"https:\/\/topplant.pl\/?page_id=1657"},"modified":"2017-12-06T13:25:16","modified_gmt":"2017-12-06T12:25:16","slug":"rosliny-rabatowe-letnie","status":"publish","type":"page","link":"https:\/\/topplant.pl\/de\/rosliny-rabatowe-letnie\/","title":{"rendered":"Sommer-Rabatt-Pflanzen"},"content":{"rendered":"<p><\/p>\n<h2 style=\"text-align: justify;\">Sommer-Rabatt-Pflanzen &#8211;\u00a0Es sind die Liebhaber der sch\u00f6nen Vegetation, die an die farbenfrohen, reizvollen Rabatte im Sommer denken.\u00a0Es sind diese Orte in unserem Garten, die die Augen der Besitzer erfreuen, aber vor allem fesselnde G\u00e4ste.\u00a0Sie wissen nicht, welche Blumen Sie w\u00e4hlen sollen?\u00a0Kommen Sie zu uns &#8211; wir bieten professionelle Hilfe.<\/h2>\n<hr \/>\n<p style=\"text-align: justify;\">Unten finden Sie Beispiele f\u00fcr Sommerrabatte, die auf unserem Bauernhof erh\u00e4ltlich sind.<\/p>\n<div id=\"attachment_1717\" style=\"width: 222px\" class=\"wp-caption alignleft\"><img aria-describedby=\"caption-attachment-1717\" decoding=\"async\" class=\"size-medium wp-image-1717\" src=\"https:\/\/topplant.pl\/wp-content\/uploads\/2017\/11\/1-15-212x300.jpg\" alt=\"Ipomea\" width=\"212\" height=\"300\" srcset=\"https:\/\/topplant.pl\/wp-content\/uploads\/2017\/11\/1-15-212x300.jpg 212w, https:\/\/topplant.pl\/wp-content\/uploads\/2017\/11\/1-15-768x1087.jpg 768w, https:\/\/topplant.pl\/wp-content\/uploads\/2017\/11\/1-15-723x1024.jpg 723w\" sizes=\"(max-width: 212px) 100vw, 212px\" \/><p id=\"caption-attachment-1717\" class=\"wp-caption-text\">Ipomea<\/p><\/div>\n<p>&nbsp;<\/p>\n<p>&nbsp;<\/p>\n<p style=\"text-align: justify;\"><strong>IPOMEA,\u00a0IPOM\u00d6A<\/strong> &#8211; hat sehr dekorative, gl\u00e4nzende Bl\u00e4tter mit klar ader zu sehen. Ben\u00f6tigt ein locker Substrat mit der Zugabe von Kompost, regelm\u00e4\u00dfige D\u00fcngung und Bew\u00e4sserung Sie k\u00f6nnen periodischen Wassermangel dank knollenf\u00f6rmiger Wurzeln \u00fcberleben. Die Position sollte sonnig oder in leichtem Schatten stehen.<\/p>\n<p>&nbsp;<\/p>\n<p>&nbsp;<\/p>\n<p>&nbsp;<\/p>\n<p>&nbsp;<\/p>\n<p>&nbsp;<\/p>\n<p>&nbsp;<\/p>\n<p>&nbsp;<\/p>\n<hr \/>\n<div id=\"attachment_1720\" style=\"width: 310px\" class=\"wp-caption alignleft\"><img aria-describedby=\"caption-attachment-1720\" decoding=\"async\" class=\"wp-image-1720 size-medium\" src=\"https:\/\/topplant.pl\/wp-content\/uploads\/2017\/11\/1-16-300x264.jpg\" alt=\"Koniczynka, Szczawik, Oxalis\" width=\"300\" height=\"264\" srcset=\"https:\/\/topplant.pl\/wp-content\/uploads\/2017\/11\/1-16-300x264.jpg 300w, https:\/\/topplant.pl\/wp-content\/uploads\/2017\/11\/1-16-768x676.jpg 768w, https:\/\/topplant.pl\/wp-content\/uploads\/2017\/11\/1-16-1024x901.jpg 1024w, https:\/\/topplant.pl\/wp-content\/uploads\/2017\/11\/1-16-341x300.jpg 341w\" sizes=\"(max-width: 300px) 100vw, 300px\" \/><p id=\"caption-attachment-1720\" class=\"wp-caption-text\">Koniczynka, Szczawik, Oxalis<\/p><\/div>\n<p>&nbsp;<\/p>\n<p>&nbsp;<\/p>\n<p style=\"text-align: justify;\"><strong>OXALIS<\/strong> &#8211; ist eine kleine Pflanze mit Bl\u00e4ttern, die einem Klee \u00e4hneln. Der Boden sollte noch leicht feucht sein. Er mag sonnige Positionen. Von M\u00e4rz bis September sollte es m\u00e4\u00dfig bew\u00e4ssert werden, nach der Bl\u00fcte sollte die Bew\u00e4sserung schrittweise reduziert werden, bis die Bl\u00e4tter trocken sind.<\/p>\n<p>&nbsp;<\/p>\n<p>&nbsp;<\/p>\n<p>&nbsp;<\/p>\n<p>&nbsp;<\/p>\n<p>&nbsp;<\/p>\n<p>&nbsp;<\/p>\n<hr \/>\n<div id=\"attachment_1722\" style=\"width: 310px\" class=\"wp-caption alignleft\"><img aria-describedby=\"caption-attachment-1722\" decoding=\"async\" class=\"size-medium wp-image-1722\" src=\"https:\/\/topplant.pl\/wp-content\/uploads\/2017\/11\/1-17-300x291.jpg\" alt=\"Pelargonia\" width=\"300\" height=\"291\" srcset=\"https:\/\/topplant.pl\/wp-content\/uploads\/2017\/11\/1-17-300x291.jpg 300w, https:\/\/topplant.pl\/wp-content\/uploads\/2017\/11\/1-17-768x746.jpg 768w, https:\/\/topplant.pl\/wp-content\/uploads\/2017\/11\/1-17-1024x994.jpg 1024w, https:\/\/topplant.pl\/wp-content\/uploads\/2017\/11\/1-17-309x300.jpg 309w\" sizes=\"(max-width: 300px) 100vw, 300px\" \/><p id=\"caption-attachment-1722\" class=\"wp-caption-text\">Pelargonia<\/p><\/div>\n<p>&nbsp;<\/p>\n<p>&nbsp;<\/p>\n<p style=\"text-align: justify;\"><strong>GERANIE<\/strong> &#8211; die Pflanze wird haupts\u00e4chlich auf Balkonen und Terrassen angebaut, im Winter kann sie nicht mit der K\u00e4lte zurechtkommen, also behalten Sie sie zu Hause. Sie bl\u00fcht von Mai bis Herbst und schm\u00fcckt die Innenr\u00e4ume von Wohnungen. Sie m\u00f6gen offene, windstille R\u00e4ume, sonnig und halbschattig. Das optimale Substrat ist der Boden mit dem Zusatz von Torf und Sand bei pH 6 &#8211; 7. In ihrem Fall sei vorsichtig mit dem bew\u00e4ssern &#8211; es ist besser zu trocknen als zu gie\u00dfen.<\/p>\n<p>&nbsp;<\/p>\n<p>&nbsp;<\/p>\n<p>&nbsp;<\/p>\n<p>&nbsp;<\/p>\n<hr \/>\n<div id=\"attachment_1724\" style=\"width: 177px\" class=\"wp-caption alignleft\"><img aria-describedby=\"caption-attachment-1724\" decoding=\"async\" class=\"wp-image-1724 size-medium\" src=\"https:\/\/topplant.pl\/wp-content\/uploads\/2017\/11\/1-18-167x300.jpg\" alt=\"Sundawilla\" width=\"167\" height=\"300\" srcset=\"https:\/\/topplant.pl\/wp-content\/uploads\/2017\/11\/1-18-167x300.jpg 167w, https:\/\/topplant.pl\/wp-content\/uploads\/2017\/11\/1-18-768x1378.jpg 768w, https:\/\/topplant.pl\/wp-content\/uploads\/2017\/11\/1-18-571x1024.jpg 571w, https:\/\/topplant.pl\/wp-content\/uploads\/2017\/11\/1-18.jpg 1792w\" sizes=\"(max-width: 167px) 100vw, 167px\" \/><p id=\"caption-attachment-1724\" class=\"wp-caption-text\">Sundawilla<\/p><\/div>\n<p>&nbsp;<\/p>\n<p style=\"text-align: justify;\"><strong>SUNDAVILLA,\u00a0DIPLADENIA<\/strong> &#8211; Dieser Strauch mit sehr attraktiven Bl\u00fcten und dunkelgr\u00fcnen Bl\u00e4ttern. D\u00fcnne und lange Stiele ohne Unterst\u00fctzung beginnen den Topf zu verlassen. Die Blume besteht aus 5 Bl\u00fctenbl\u00e4ttern, die sich zu einer Sternform verbinden. Es bl\u00fcht von Mai bis Oktober. Er mag leichte und durchl\u00e4ssige Substrate (es kann Erde sein mit dem Zusatz von Sand), entw\u00e4sserung ist erforderlich. Ben\u00f6tigt eine warme, sonnige Position (toleriert auch Halbschatten). Wasser m\u00e4\u00dfig, damit der Boden feucht, aber nicht nass ist (\u00fcbersch\u00fcssiges Wasser aus dem Stand wird am besten ausgegossen).<\/p>\n<p>&nbsp;<\/p>\n<p>&nbsp;<\/p>\n<p>&nbsp;<\/p>\n<p>&nbsp;<\/p>\n<p>&nbsp;<\/p>\n<hr \/>\n<div id=\"attachment_1726\" style=\"width: 310px\" class=\"wp-caption alignleft\"><img aria-describedby=\"caption-attachment-1726\" decoding=\"async\" class=\"size-medium wp-image-1726\" src=\"https:\/\/topplant.pl\/wp-content\/uploads\/2017\/11\/1-19-300x277.jpg\" alt=\"Surfinia\" width=\"300\" height=\"277\" srcset=\"https:\/\/topplant.pl\/wp-content\/uploads\/2017\/11\/1-19-300x277.jpg 300w, https:\/\/topplant.pl\/wp-content\/uploads\/2017\/11\/1-19-768x709.jpg 768w, https:\/\/topplant.pl\/wp-content\/uploads\/2017\/11\/1-19-1024x946.jpg 1024w, https:\/\/topplant.pl\/wp-content\/uploads\/2017\/11\/1-19-325x300.jpg 325w\" sizes=\"(max-width: 300px) 100vw, 300px\" \/><p id=\"caption-attachment-1726\" class=\"wp-caption-text\">Surfinia<\/p><\/div>\n<p>&nbsp;<\/p>\n<p>&nbsp;<\/p>\n<p style=\"text-align: justify;\"><strong>SURFINIA<\/strong> &#8211; ist eine der Sorten von Petunien. Blumen haben normalerweise eine wei\u00dfe, rosa oder purpurrote Farbe. Sie wachsen an langen Stielen in zahlreichen Gruppen und haben einen sehr sch\u00f6nen Duft. Sie ben\u00f6tigen fruchtbaren Boden, vorzugsweise Humusboden mit einer sauren Reaktion. Die Position sollte sonnig sein. Surfines sollten h\u00e4ufig bew\u00e4ssert und ged\u00fcngt werden.<\/p>\n<p>&nbsp;<\/p>\n<p>&nbsp;<\/p>\n<p>&nbsp;<\/p>\n<p>&nbsp;<\/p>\n<p>&nbsp;<\/p>\n<hr \/>\n<p>&nbsp;<\/p>\n<p>&nbsp;<\/p>\n<p>&nbsp;<\/p>\n<p>&nbsp;<\/p>\n<p>&nbsp;<\/p>\n<p>&nbsp;<\/p>\n<p>&nbsp;<\/p>\n<p>&nbsp;<\/p>\n<p>&nbsp;<\/p>\n<p>&nbsp;<\/p>\n<p>&nbsp;<\/p>","protected":false},"excerpt":{"rendered":"<p>Sommer-Rabatt-Pflanzen &#8211;\u00a0Es sind die Liebhaber der sch\u00f6nen Vegetation, die an die farbenfrohen, reizvollen Rabatte im Sommer denken.\u00a0Es sind diese Orte in unserem Garten, die die Augen der Besitzer erfreuen, aber vor allem fesselnde G\u00e4ste.\u00a0Sie wissen nicht, welche Blumen Sie w\u00e4hlen &hellip; <a href=\"https:\/\/topplant.pl\/de\/rosliny-rabatowe-letnie\/\">Weiterlesen <span class=\"meta-nav\">&rarr;<\/span><\/a><\/p>\n","protected":false},"author":2,"featured_media":0,"parent":0,"menu_order":0,"comment_status":"closed","ping_status":"closed","template":"sidebar-page.php","meta":[],"yoast_head":"<!-- This site is optimized with the Yoast SEO plugin v20.2.1 - https:\/\/yoast.com\/wordpress\/plugins\/seo\/ -->\n<title>Sommer-Rabatt-Pflanzen &nbsp;<\/title>\n<meta name=\"description\" content=\"Ro\u015bliny rabatowe letnie | Ro\u015bliny lecznicze | Ro\u015bliny domowe ozdobne | Zio\u0142a | Najtaniej w Szczecinie | Du\u017cy wyb\u00f3r | Mo\u017cliwo\u015b\u0107 wypo\u017cyczenia\" \/>\n<meta name=\"robots\" content=\"index, follow, max-snippet:-1, max-image-preview:large, max-video-preview:-1\" \/>\n<link rel=\"canonical\" href=\"https:\/\/topplant.pl\/rosliny-rabatowe-letnie\/\" \/>\n<meta property=\"og:locale\" content=\"de_DE\" \/>\n<meta property=\"og:type\" content=\"article\" \/>\n<meta property=\"og:title\" content=\"Sommer-Rabatt-Pflanzen &nbsp;\" \/>\n<meta property=\"og:description\" content=\"Ro\u015bliny rabatowe letnie | Ro\u015bliny lecznicze | Ro\u015bliny domowe ozdobne | Zio\u0142a | Najtaniej w Szczecinie | Du\u017cy wyb\u00f3r | Mo\u017cliwo\u015b\u0107 wypo\u017cyczenia\" \/>\n<meta property=\"og:url\" content=\"https:\/\/topplant.pl\/rosliny-rabatowe-letnie\/\" \/>\n<meta property=\"og:site_name\" content=\"TOP-PLANT\" \/>\n<meta property=\"article:publisher\" content=\"https:\/\/www.facebook.com\/Centrum-Ogrodnicze-Top-Plant-Szczecin-317711855543144\" \/>\n<meta property=\"og:image\" content=\"https:\/\/topplant.pl\/wp-content\/uploads\/2017\/11\/1-15-212x300.jpg\" \/>\n<meta name=\"twitter:card\" content=\"summary_large_image\" \/>\n<meta name=\"twitter:label1\" content=\"Gesch\u00e4tzte Lesezeit\" \/>\n\t<meta name=\"twitter:data1\" content=\"5 Minuten\" \/>\n<script type=\"application\/ld+json\" class=\"yoast-schema-graph\">{\"@context\":\"https:\/\/schema.org\",\"@graph\":[{\"@type\":\"WebPage\",\"@id\":\"https:\/\/topplant.pl\/rosliny-rabatowe-letnie\/\",\"url\":\"https:\/\/topplant.pl\/rosliny-rabatowe-letnie\/\",\"name\":\"Sommer-Rabatt-Pflanzen &nbsp;\",\"isPartOf\":{\"@id\":\"https:\/\/topplant.pl\/#website\"},\"datePublished\":\"2017-12-06T12:25:16+00:00\",\"dateModified\":\"2017-12-06T12:25:16+00:00\",\"description\":\"Ro\u015bliny rabatowe letnie | Ro\u015bliny lecznicze | Ro\u015bliny domowe ozdobne | Zio\u0142a | Najtaniej w Szczecinie | Du\u017cy wyb\u00f3r | Mo\u017cliwo\u015b\u0107 wypo\u017cyczenia\",\"breadcrumb\":{\"@id\":\"https:\/\/topplant.pl\/rosliny-rabatowe-letnie\/#breadcrumb\"},\"inLanguage\":\"de-DE\",\"potentialAction\":[{\"@type\":\"ReadAction\",\"target\":[\"https:\/\/topplant.pl\/rosliny-rabatowe-letnie\/\"]}]},{\"@type\":\"BreadcrumbList\",\"@id\":\"https:\/\/topplant.pl\/rosliny-rabatowe-letnie\/#breadcrumb\",\"itemListElement\":[{\"@type\":\"ListItem\",\"position\":1,\"name\":\"Strona g\u0142\u00f3wna\",\"item\":\"https:\/\/topplant.pl\/\"},{\"@type\":\"ListItem\",\"position\":2,\"name\":\"Ro\u015bliny rabatowe letnie\"}]},{\"@type\":\"WebSite\",\"@id\":\"https:\/\/topplant.pl\/#website\",\"url\":\"https:\/\/topplant.pl\/\",\"name\":\"Centrum Ogrodnicze TOP-PLANT\",\"description\":\"Producent kwiat\u00f3w, sadzonek, owoc\u00f3w truskawek i malin\",\"publisher\":{\"@id\":\"https:\/\/topplant.pl\/#organization\"},\"potentialAction\":[{\"@type\":\"SearchAction\",\"target\":{\"@type\":\"EntryPoint\",\"urlTemplate\":\"https:\/\/topplant.pl\/?s={search_term_string}\"},\"query-input\":\"required name=search_term_string\"}],\"inLanguage\":\"de-DE\"},{\"@type\":\"Organization\",\"@id\":\"https:\/\/topplant.pl\/#organization\",\"name\":\"Centrum Ogrodnicze TOP-PLANT\",\"url\":\"https:\/\/topplant.pl\/\",\"logo\":{\"@type\":\"ImageObject\",\"inLanguage\":\"de-DE\",\"@id\":\"https:\/\/topplant.pl\/#\/schema\/logo\/image\/\",\"url\":\"https:\/\/topplant.pl\/wp-content\/uploads\/2018\/01\/baner-10_bratek_nowe_logo.jpg\",\"contentUrl\":\"https:\/\/topplant.pl\/wp-content\/uploads\/2018\/01\/baner-10_bratek_nowe_logo.jpg\",\"width\":1000,\"height\":320,\"caption\":\"Centrum Ogrodnicze TOP-PLANT\"},\"image\":{\"@id\":\"https:\/\/topplant.pl\/#\/schema\/logo\/image\/\"},\"sameAs\":[\"https:\/\/www.facebook.com\/Centrum-Ogrodnicze-Top-Plant-Szczecin-317711855543144\"]}]}<\/script>\n<!-- \/ Yoast SEO plugin. -->","yoast_head_json":{"title":"Sommer-Rabatt-Pflanzen &nbsp;","description":"Ro\u015bliny rabatowe letnie | Ro\u015bliny lecznicze | Ro\u015bliny domowe ozdobne | Zio\u0142a | Najtaniej w Szczecinie | Du\u017cy wyb\u00f3r | Mo\u017cliwo\u015b\u0107 wypo\u017cyczenia","robots":{"index":"index","follow":"follow","max-snippet":"max-snippet:-1","max-image-preview":"max-image-preview:large","max-video-preview":"max-video-preview:-1"},"canonical":"https:\/\/topplant.pl\/rosliny-rabatowe-letnie\/","og_locale":"de_DE","og_type":"article","og_title":"Sommer-Rabatt-Pflanzen &nbsp;","og_description":"Ro\u015bliny rabatowe letnie | Ro\u015bliny lecznicze | Ro\u015bliny domowe ozdobne | Zio\u0142a | Najtaniej w Szczecinie | Du\u017cy wyb\u00f3r | Mo\u017cliwo\u015b\u0107 wypo\u017cyczenia","og_url":"https:\/\/topplant.pl\/rosliny-rabatowe-letnie\/","og_site_name":"TOP-PLANT","article_publisher":"https:\/\/www.facebook.com\/Centrum-Ogrodnicze-Top-Plant-Szczecin-317711855543144","og_image":[{"url":"https:\/\/topplant.pl\/wp-content\/uploads\/2017\/11\/1-15-212x300.jpg"}],"twitter_card":"summary_large_image","twitter_misc":{"Gesch\u00e4tzte Lesezeit":"5 Minuten"},"schema":{"@context":"https:\/\/schema.org","@graph":[{"@type":"WebPage","@id":"https:\/\/topplant.pl\/rosliny-rabatowe-letnie\/","url":"https:\/\/topplant.pl\/rosliny-rabatowe-letnie\/","name":"Sommer-Rabatt-Pflanzen &nbsp;","isPartOf":{"@id":"https:\/\/topplant.pl\/#website"},"datePublished":"2017-12-06T12:25:16+00:00","dateModified":"2017-12-06T12:25:16+00:00","description":"Ro\u015bliny rabatowe letnie | Ro\u015bliny lecznicze | Ro\u015bliny domowe ozdobne | Zio\u0142a | Najtaniej w Szczecinie | Du\u017cy wyb\u00f3r | Mo\u017cliwo\u015b\u0107 wypo\u017cyczenia","breadcrumb":{"@id":"https:\/\/topplant.pl\/rosliny-rabatowe-letnie\/#breadcrumb"},"inLanguage":"de-DE","potentialAction":[{"@type":"ReadAction","target":["https:\/\/topplant.pl\/rosliny-rabatowe-letnie\/"]}]},{"@type":"BreadcrumbList","@id":"https:\/\/topplant.pl\/rosliny-rabatowe-letnie\/#breadcrumb","itemListElement":[{"@type":"ListItem","position":1,"name":"Strona g\u0142\u00f3wna","item":"https:\/\/topplant.pl\/"},{"@type":"ListItem","position":2,"name":"Ro\u015bliny rabatowe letnie"}]},{"@type":"WebSite","@id":"https:\/\/topplant.pl\/#website","url":"https:\/\/topplant.pl\/","name":"Centrum Ogrodnicze TOP-PLANT","description":"Producent kwiat\u00f3w, sadzonek, owoc\u00f3w truskawek i malin","publisher":{"@id":"https:\/\/topplant.pl\/#organization"},"potentialAction":[{"@type":"SearchAction","target":{"@type":"EntryPoint","urlTemplate":"https:\/\/topplant.pl\/?s={search_term_string}"},"query-input":"required name=search_term_string"}],"inLanguage":"de-DE"},{"@type":"Organization","@id":"https:\/\/topplant.pl\/#organization","name":"Centrum Ogrodnicze TOP-PLANT","url":"https:\/\/topplant.pl\/","logo":{"@type":"ImageObject","inLanguage":"de-DE","@id":"https:\/\/topplant.pl\/#\/schema\/logo\/image\/","url":"https:\/\/topplant.pl\/wp-content\/uploads\/2018\/01\/baner-10_bratek_nowe_logo.jpg","contentUrl":"https:\/\/topplant.pl\/wp-content\/uploads\/2018\/01\/baner-10_bratek_nowe_logo.jpg","width":1000,"height":320,"caption":"Centrum Ogrodnicze TOP-PLANT"},"image":{"@id":"https:\/\/topplant.pl\/#\/schema\/logo\/image\/"},"sameAs":["https:\/\/www.facebook.com\/Centrum-Ogrodnicze-Top-Plant-Szczecin-317711855543144"]}]}},"_links":{"self":[{"href":"https:\/\/topplant.pl\/de\/wp-json\/wp\/v2\/pages\/1657"}],"collection":[{"href":"https:\/\/topplant.pl\/de\/wp-json\/wp\/v2\/pages"}],"about":[{"href":"https:\/\/topplant.pl\/de\/wp-json\/wp\/v2\/types\/page"}],"author":[{"embeddable":true,"href":"https:\/\/topplant.pl\/de\/wp-json\/wp\/v2\/users\/2"}],"replies":[{"embeddable":true,"href":"https:\/\/topplant.pl\/de\/wp-json\/wp\/v2\/comments?post=1657"}],"version-history":[{"count":4,"href":"https:\/\/topplant.pl\/de\/wp-json\/wp\/v2\/pages\/1657\/revisions"}],"predecessor-version":[{"id":1879,"href":"https:\/\/topplant.pl\/de\/wp-json\/wp\/v2\/pages\/1657\/revisions\/1879"}],"wp:attachment":[{"href":"https:\/\/topplant.pl\/de\/wp-json\/wp\/v2\/media?parent=1657"}],"curies":[{"name":"wp","href":"https:\/\/api.w.org\/{rel}","templated":true}]}}