{"id":1655,"date":"2017-12-07T08:03:20","date_gmt":"2017-12-07T07:03:20","guid":{"rendered":"https:\/\/topplant.pl\/?page_id=1655"},"modified":"2020-10-19T17:16:32","modified_gmt":"2020-10-19T15:16:32","slug":"rosliny-lecznicze","status":"publish","type":"page","link":"https:\/\/topplant.pl\/de\/rosliny-lecznicze\/","title":{"rendered":"Heilpflanzen"},"content":{"rendered":"<p><\/p>\n<h2 style=\"text-align: justify;\">Heilpflanzen werden seit tausenden von Jahren von Menschen benutzt, um zu heilen, Menschenleben zu retten oder sie zu verl\u00e4ngern.\u00a0Derzeit werden f\u00fcr medizinische Zwecke weltweit mehrere tausend Pflanzenarten verwendet.\u00a0Heutzutage hat sich die Medizin mit der Natur verbunden, Kr\u00e4uter werden einer gr\u00fcndlichen Analyse unterzogen und ab und zu kann man von einem neuen Medikament h\u00f6ren, das bekannte und unbekannte Eigenschaften von Pflanzen kombiniert.\u00a0Deshalb empfehlen wir, zu den Wurzeln zur\u00fcckzukehren und den Kauf von Heilpflanzen zu empfehlen.<\/h2>\n<hr \/>\n<p style=\"text-align: justify;\">Im Folgenden stellen wir Ihnen Beispiele f\u00fcr Heilpflanzen vor, die in unserem Unternehmen erh\u00e4ltlich sind.<\/p>\n<div id=\"attachment_1667\" style=\"width: 286px\" class=\"wp-caption alignleft\"><img aria-describedby=\"caption-attachment-1667\" decoding=\"async\" class=\"size-medium wp-image-1667\" src=\"https:\/\/topplant.pl\/wp-content\/uploads\/2017\/11\/1-276x300.jpg\" alt=\"Aloes\" width=\"276\" height=\"300\" srcset=\"https:\/\/topplant.pl\/wp-content\/uploads\/2017\/11\/1-276x300.jpg 276w, https:\/\/topplant.pl\/wp-content\/uploads\/2017\/11\/1-768x835.jpg 768w, https:\/\/topplant.pl\/wp-content\/uploads\/2017\/11\/1-942x1024.jpg 942w\" sizes=\"(max-width: 276px) 100vw, 276px\" \/><p id=\"caption-attachment-1667\" class=\"wp-caption-text\">Aloes<\/p><\/div>\n<p>&nbsp;<\/p>\n<p>&nbsp;<\/p>\n<p style=\"text-align: justify;\"><strong>ALOES<\/strong> &#8211; Neben dekorativen Eigenschaften wird es als Heilpflanze verwendet. Die Hauptquelle, um seine &#8220;magischen&#8221; Eigenschaften zu erhalten, ist der Saft, der in den Bl\u00e4ttern enthalten ist. In seiner Zusammensetzung finden wir Vitamine B (B1, B2, B3), Vitamin C, Vitamin A-Provitamine und Mikron\u00e4hrstoffe wie Phosphor, Kalium, Magnesium, Natrium, Zink, Calcium, Eisen, Schwefel, Glykoside, Polysaccharide. Es wird verwendet als Salben und Cremes f\u00fcr Wunden und Verbrennungen, Verdauungsgetr\u00e4nke, eine Zahnpasta-Komponente, ein Shampoo oder Haar Conditioner oder als Schlankheitspr\u00e4parat.<\/p>\n<p>&nbsp;<\/p>\n<p>&nbsp;<\/p>\n<p>&nbsp;<\/p>\n<hr \/>\n<div id=\"attachment_1669\" style=\"width: 310px\" class=\"wp-caption alignleft\"><img aria-describedby=\"caption-attachment-1669\" decoding=\"async\" class=\"size-medium wp-image-1669\" src=\"https:\/\/topplant.pl\/wp-content\/uploads\/2017\/11\/1-1-300x239.jpg\" alt=\"\u017bywor\u00f3dka pierzasta\" width=\"300\" height=\"239\" srcset=\"https:\/\/topplant.pl\/wp-content\/uploads\/2017\/11\/1-1-300x239.jpg 300w, https:\/\/topplant.pl\/wp-content\/uploads\/2017\/11\/1-1-768x612.jpg 768w, https:\/\/topplant.pl\/wp-content\/uploads\/2017\/11\/1-1-1024x816.jpg 1024w, https:\/\/topplant.pl\/wp-content\/uploads\/2017\/11\/1-1-377x300.jpg 377w\" sizes=\"(max-width: 300px) 100vw, 300px\" \/><p id=\"caption-attachment-1669\" class=\"wp-caption-text\">\u017bywor\u00f3dka pierzasta<\/p><\/div>\n<p>&nbsp;<\/p>\n<p>&nbsp;<\/p>\n<p style=\"text-align: justify;\"><strong>BRUTBLATT (GOETHE-PFLANZE)<\/strong> &#8211; ist eine sehr wertvolle Pflanze aufgrund ihrer heilenden Eigenschaften. Der Saft dieser Pflanze verwendet \u00e4u\u00dferlich oder innerlich wird dazu beitragen, die Oberfl\u00e4che der Haut, Akne, Hautverbrennungen, Schuppen, Ekzeme, Rheuma, Kopfschmerzen, Zahnschmerzen, Arthritis, Krampfadern und Husten zu besch\u00e4digen.<\/p>\n<p>&nbsp;<\/p>\n<p>&nbsp;<\/p>\n<p>&nbsp;<\/p>\n<p>&nbsp;<\/p>\n<hr \/>\n<div id=\"attachment_1676\" style=\"width: 310px\" class=\"wp-caption alignleft\"><img aria-describedby=\"caption-attachment-1676\" decoding=\"async\" class=\"size-medium wp-image-1676\" src=\"https:\/\/topplant.pl\/wp-content\/uploads\/2017\/11\/1-2-300x199.jpg\" alt=\"Geranium, Anginka\" width=\"300\" height=\"199\" srcset=\"https:\/\/topplant.pl\/wp-content\/uploads\/2017\/11\/1-2-300x199.jpg 300w, https:\/\/topplant.pl\/wp-content\/uploads\/2017\/11\/1-2-768x509.jpg 768w, https:\/\/topplant.pl\/wp-content\/uploads\/2017\/11\/1-2-1024x679.jpg 1024w, https:\/\/topplant.pl\/wp-content\/uploads\/2017\/11\/1-2-453x300.jpg 453w\" sizes=\"(max-width: 300px) 100vw, 300px\" \/><p id=\"caption-attachment-1676\" class=\"wp-caption-text\">Geranium, Anginka<\/p><\/div>\n<p>&nbsp;<\/p>\n<p style=\"text-align: justify;\"><strong>GERANIE, CITRONELLA<\/strong> &#8211; in der Volksmedizin werden Bl\u00e4tter dieser Pflanze zur Hemmung von Entz\u00fcndungsprozessen, Ohrentz\u00fcndungen und oberen Atemwegen eingesetzt. Dar\u00fcber hinaus wirkt es bei rheumatischen Schmerzen, Neuralgien, ausgedehnten Hauterkrankungen, Halsschmerzen, Zahnschmerzen, beruhigend, entspannend, blutdrucksenkend sowie stimmungsaufhellend und entspannend. Bl\u00e4tter in einem Baumwollbeutel gen\u00e4ht sind gut als M\u00fcckenschutz, Moskitos und kleine Fliegen in der N\u00e4he des Fensters.<\/p>\n<p>&nbsp;<\/p>\n<p>&nbsp;<\/p>\n<hr \/>\n<p>&nbsp;<\/p>","protected":false},"excerpt":{"rendered":"<p>Heilpflanzen werden seit tausenden von Jahren von Menschen benutzt, um zu heilen, Menschenleben zu retten oder sie zu verl\u00e4ngern.\u00a0Derzeit werden f\u00fcr medizinische Zwecke weltweit mehrere tausend Pflanzenarten verwendet.\u00a0Heutzutage hat sich die Medizin mit der Natur verbunden, Kr\u00e4uter werden einer gr\u00fcndlichen &hellip; <a href=\"https:\/\/topplant.pl\/de\/rosliny-lecznicze\/\">Weiterlesen <span class=\"meta-nav\">&rarr;<\/span><\/a><\/p>\n","protected":false},"author":2,"featured_media":0,"parent":0,"menu_order":0,"comment_status":"closed","ping_status":"closed","template":"sidebar-page.php","meta":[],"yoast_head":"<!-- This site is optimized with the Yoast SEO plugin v20.2.1 - https:\/\/yoast.com\/wordpress\/plugins\/seo\/ -->\n<title>Heilpflanzen &nbsp;<\/title>\n<meta name=\"description\" content=\"Ro\u015bliny lecznicze | Ro\u015bliny domowe ozdobne | Ro\u015bliny rabatowe letnie | Zio\u0142a | Najtaniej w Szczecinie | Du\u017cy wyb\u00f3r | Mo\u017cliwo\u015b\u0107 wypo\u017cyczenia\" \/>\n<meta name=\"robots\" content=\"index, follow, max-snippet:-1, max-image-preview:large, max-video-preview:-1\" \/>\n<link rel=\"canonical\" href=\"https:\/\/topplant.pl\/rosliny-lecznicze\/\" \/>\n<meta property=\"og:locale\" content=\"de_DE\" \/>\n<meta property=\"og:type\" content=\"article\" \/>\n<meta property=\"og:title\" content=\"Heilpflanzen &nbsp;\" \/>\n<meta property=\"og:description\" content=\"Ro\u015bliny lecznicze | Ro\u015bliny domowe ozdobne | Ro\u015bliny rabatowe letnie | Zio\u0142a | Najtaniej w Szczecinie | Du\u017cy wyb\u00f3r | Mo\u017cliwo\u015b\u0107 wypo\u017cyczenia\" \/>\n<meta property=\"og:url\" content=\"https:\/\/topplant.pl\/rosliny-lecznicze\/\" \/>\n<meta property=\"og:site_name\" content=\"TOP-PLANT\" \/>\n<meta property=\"article:publisher\" content=\"https:\/\/www.facebook.com\/Centrum-Ogrodnicze-Top-Plant-Szczecin-317711855543144\" \/>\n<meta property=\"article:modified_time\" content=\"2020-10-19T15:16:32+00:00\" \/>\n<meta property=\"og:image\" content=\"https:\/\/topplant.pl\/wp-content\/uploads\/2017\/11\/1-276x300.jpg\" \/>\n<meta name=\"twitter:card\" content=\"summary_large_image\" \/>\n<meta name=\"twitter:label1\" content=\"Gesch\u00e4tzte Lesezeit\" \/>\n\t<meta name=\"twitter:data1\" content=\"4 Minuten\" \/>\n<script type=\"application\/ld+json\" class=\"yoast-schema-graph\">{\"@context\":\"https:\/\/schema.org\",\"@graph\":[{\"@type\":\"WebPage\",\"@id\":\"https:\/\/topplant.pl\/rosliny-lecznicze\/\",\"url\":\"https:\/\/topplant.pl\/rosliny-lecznicze\/\",\"name\":\"Heilpflanzen &nbsp;\",\"isPartOf\":{\"@id\":\"https:\/\/topplant.pl\/#website\"},\"datePublished\":\"2017-12-07T07:03:20+00:00\",\"dateModified\":\"2020-10-19T15:16:32+00:00\",\"description\":\"Ro\u015bliny lecznicze | Ro\u015bliny domowe ozdobne | Ro\u015bliny rabatowe letnie | Zio\u0142a | Najtaniej w Szczecinie | Du\u017cy wyb\u00f3r | Mo\u017cliwo\u015b\u0107 wypo\u017cyczenia\",\"breadcrumb\":{\"@id\":\"https:\/\/topplant.pl\/rosliny-lecznicze\/#breadcrumb\"},\"inLanguage\":\"de-DE\",\"potentialAction\":[{\"@type\":\"ReadAction\",\"target\":[\"https:\/\/topplant.pl\/rosliny-lecznicze\/\"]}]},{\"@type\":\"BreadcrumbList\",\"@id\":\"https:\/\/topplant.pl\/rosliny-lecznicze\/#breadcrumb\",\"itemListElement\":[{\"@type\":\"ListItem\",\"position\":1,\"name\":\"Strona g\u0142\u00f3wna\",\"item\":\"https:\/\/topplant.pl\/\"},{\"@type\":\"ListItem\",\"position\":2,\"name\":\"Ro\u015bliny lecznicze\"}]},{\"@type\":\"WebSite\",\"@id\":\"https:\/\/topplant.pl\/#website\",\"url\":\"https:\/\/topplant.pl\/\",\"name\":\"Centrum Ogrodnicze TOP-PLANT\",\"description\":\"Producent kwiat\u00f3w, sadzonek, owoc\u00f3w truskawek i malin\",\"publisher\":{\"@id\":\"https:\/\/topplant.pl\/#organization\"},\"potentialAction\":[{\"@type\":\"SearchAction\",\"target\":{\"@type\":\"EntryPoint\",\"urlTemplate\":\"https:\/\/topplant.pl\/?s={search_term_string}\"},\"query-input\":\"required name=search_term_string\"}],\"inLanguage\":\"de-DE\"},{\"@type\":\"Organization\",\"@id\":\"https:\/\/topplant.pl\/#organization\",\"name\":\"Centrum Ogrodnicze TOP-PLANT\",\"url\":\"https:\/\/topplant.pl\/\",\"logo\":{\"@type\":\"ImageObject\",\"inLanguage\":\"de-DE\",\"@id\":\"https:\/\/topplant.pl\/#\/schema\/logo\/image\/\",\"url\":\"https:\/\/topplant.pl\/wp-content\/uploads\/2018\/01\/baner-10_bratek_nowe_logo.jpg\",\"contentUrl\":\"https:\/\/topplant.pl\/wp-content\/uploads\/2018\/01\/baner-10_bratek_nowe_logo.jpg\",\"width\":1000,\"height\":320,\"caption\":\"Centrum Ogrodnicze TOP-PLANT\"},\"image\":{\"@id\":\"https:\/\/topplant.pl\/#\/schema\/logo\/image\/\"},\"sameAs\":[\"https:\/\/www.facebook.com\/Centrum-Ogrodnicze-Top-Plant-Szczecin-317711855543144\"]}]}<\/script>\n<!-- \/ Yoast SEO plugin. -->","yoast_head_json":{"title":"Heilpflanzen &nbsp;","description":"Ro\u015bliny lecznicze | Ro\u015bliny domowe ozdobne | Ro\u015bliny rabatowe letnie | Zio\u0142a | Najtaniej w Szczecinie | Du\u017cy wyb\u00f3r | Mo\u017cliwo\u015b\u0107 wypo\u017cyczenia","robots":{"index":"index","follow":"follow","max-snippet":"max-snippet:-1","max-image-preview":"max-image-preview:large","max-video-preview":"max-video-preview:-1"},"canonical":"https:\/\/topplant.pl\/rosliny-lecznicze\/","og_locale":"de_DE","og_type":"article","og_title":"Heilpflanzen &nbsp;","og_description":"Ro\u015bliny lecznicze | Ro\u015bliny domowe ozdobne | Ro\u015bliny rabatowe letnie | Zio\u0142a | Najtaniej w Szczecinie | Du\u017cy wyb\u00f3r | Mo\u017cliwo\u015b\u0107 wypo\u017cyczenia","og_url":"https:\/\/topplant.pl\/rosliny-lecznicze\/","og_site_name":"TOP-PLANT","article_publisher":"https:\/\/www.facebook.com\/Centrum-Ogrodnicze-Top-Plant-Szczecin-317711855543144","article_modified_time":"2020-10-19T15:16:32+00:00","og_image":[{"url":"https:\/\/topplant.pl\/wp-content\/uploads\/2017\/11\/1-276x300.jpg"}],"twitter_card":"summary_large_image","twitter_misc":{"Gesch\u00e4tzte Lesezeit":"4 Minuten"},"schema":{"@context":"https:\/\/schema.org","@graph":[{"@type":"WebPage","@id":"https:\/\/topplant.pl\/rosliny-lecznicze\/","url":"https:\/\/topplant.pl\/rosliny-lecznicze\/","name":"Heilpflanzen &nbsp;","isPartOf":{"@id":"https:\/\/topplant.pl\/#website"},"datePublished":"2017-12-07T07:03:20+00:00","dateModified":"2020-10-19T15:16:32+00:00","description":"Ro\u015bliny lecznicze | Ro\u015bliny domowe ozdobne | Ro\u015bliny rabatowe letnie | Zio\u0142a | Najtaniej w Szczecinie | Du\u017cy wyb\u00f3r | Mo\u017cliwo\u015b\u0107 wypo\u017cyczenia","breadcrumb":{"@id":"https:\/\/topplant.pl\/rosliny-lecznicze\/#breadcrumb"},"inLanguage":"de-DE","potentialAction":[{"@type":"ReadAction","target":["https:\/\/topplant.pl\/rosliny-lecznicze\/"]}]},{"@type":"BreadcrumbList","@id":"https:\/\/topplant.pl\/rosliny-lecznicze\/#breadcrumb","itemListElement":[{"@type":"ListItem","position":1,"name":"Strona g\u0142\u00f3wna","item":"https:\/\/topplant.pl\/"},{"@type":"ListItem","position":2,"name":"Ro\u015bliny lecznicze"}]},{"@type":"WebSite","@id":"https:\/\/topplant.pl\/#website","url":"https:\/\/topplant.pl\/","name":"Centrum Ogrodnicze TOP-PLANT","description":"Producent kwiat\u00f3w, sadzonek, owoc\u00f3w truskawek i malin","publisher":{"@id":"https:\/\/topplant.pl\/#organization"},"potentialAction":[{"@type":"SearchAction","target":{"@type":"EntryPoint","urlTemplate":"https:\/\/topplant.pl\/?s={search_term_string}"},"query-input":"required name=search_term_string"}],"inLanguage":"de-DE"},{"@type":"Organization","@id":"https:\/\/topplant.pl\/#organization","name":"Centrum Ogrodnicze TOP-PLANT","url":"https:\/\/topplant.pl\/","logo":{"@type":"ImageObject","inLanguage":"de-DE","@id":"https:\/\/topplant.pl\/#\/schema\/logo\/image\/","url":"https:\/\/topplant.pl\/wp-content\/uploads\/2018\/01\/baner-10_bratek_nowe_logo.jpg","contentUrl":"https:\/\/topplant.pl\/wp-content\/uploads\/2018\/01\/baner-10_bratek_nowe_logo.jpg","width":1000,"height":320,"caption":"Centrum Ogrodnicze TOP-PLANT"},"image":{"@id":"https:\/\/topplant.pl\/#\/schema\/logo\/image\/"},"sameAs":["https:\/\/www.facebook.com\/Centrum-Ogrodnicze-Top-Plant-Szczecin-317711855543144"]}]}},"_links":{"self":[{"href":"https:\/\/topplant.pl\/de\/wp-json\/wp\/v2\/pages\/1655"}],"collection":[{"href":"https:\/\/topplant.pl\/de\/wp-json\/wp\/v2\/pages"}],"about":[{"href":"https:\/\/topplant.pl\/de\/wp-json\/wp\/v2\/types\/page"}],"author":[{"embeddable":true,"href":"https:\/\/topplant.pl\/de\/wp-json\/wp\/v2\/users\/2"}],"replies":[{"embeddable":true,"href":"https:\/\/topplant.pl\/de\/wp-json\/wp\/v2\/comments?post=1655"}],"version-history":[{"count":5,"href":"https:\/\/topplant.pl\/de\/wp-json\/wp\/v2\/pages\/1655\/revisions"}],"predecessor-version":[{"id":2353,"href":"https:\/\/topplant.pl\/de\/wp-json\/wp\/v2\/pages\/1655\/revisions\/2353"}],"wp:attachment":[{"href":"https:\/\/topplant.pl\/de\/wp-json\/wp\/v2\/media?parent=1655"}],"curies":[{"name":"wp","href":"https:\/\/api.w.org\/{rel}","templated":true}]}}