{"id":1653,"date":"2017-12-06T10:46:07","date_gmt":"2017-12-06T09:46:07","guid":{"rendered":"https:\/\/topplant.pl\/?page_id=1653"},"modified":"2020-10-19T17:09:57","modified_gmt":"2020-10-19T15:09:57","slug":"dekorative-zimmerpflanzen","status":"publish","type":"page","link":"https:\/\/topplant.pl\/de\/dekorative-zimmerpflanzen\/","title":{"rendered":"Dekorative Zimmerpflanzen"},"content":{"rendered":"<p><\/p>\n<h2 style=\"text-align: justify;\">Dekorative Zimmerpflanzen passen praktisch in jedes Interieur!\u00a0Sie k\u00f6nnen nicht nur im Wohn- oder Schlafzimmer, sondern auch in der K\u00fcche oder im Badezimmer ausgestellt werden.Es muss jedoch daran erinnert werden, dass sie Zugang zu Tageslicht haben m\u00fcssen, weil alle Pflanzen es ben\u00f6tigen, um Photosynthese durchzuf\u00fchren. Es sollte nicht vergessen werden, dass die in unserem Haus platzierten Pflanzen nur das Innere schm\u00fccken, sondern auch ein spezifisches Mikroklima schaffen.<\/h2>\n<hr \/>\n<p>Im Folgenden stellen wir Ihnen Beispiele von Zimmerpflanzen vor, die wir anbieten.<\/p>\n<div id=\"attachment_1679\" style=\"width: 252px\" class=\"wp-caption alignleft\"><img aria-describedby=\"caption-attachment-1679\" decoding=\"async\" class=\"size-medium wp-image-1679\" src=\"https:\/\/topplant.pl\/wp-content\/uploads\/2017\/11\/1-3-242x300.jpg\" alt=\"Agawa\" width=\"242\" height=\"300\" srcset=\"https:\/\/topplant.pl\/wp-content\/uploads\/2017\/11\/1-3-242x300.jpg 242w, https:\/\/topplant.pl\/wp-content\/uploads\/2017\/11\/1-3-768x953.jpg 768w, https:\/\/topplant.pl\/wp-content\/uploads\/2017\/11\/1-3-826x1024.jpg 826w\" sizes=\"(max-width: 242px) 100vw, 242px\" \/><p id=\"caption-attachment-1679\" class=\"wp-caption-text\">Agawa<\/p><\/div>\n<p>&nbsp;<\/p>\n<p>&nbsp;<\/p>\n<p style=\"text-align: justify;\"><strong>AGAVE<\/strong> &#8211; es ist Sukkulente mit steifen, fleischigen Bl\u00e4ttern, deren R\u00e4nder mit Spikes in dunkelbraun enden. Die Bl\u00e4tter haben die Farbe gr\u00fcn-blau mit einer wei\u00dfen Beschichtung. F\u00fcr die Kultivierung braucht es Lehmboden unter Zusatz von grobem Sand (reich und durchl\u00e4ssig). Der Pfosten sollte vollst\u00e4ndig sonnig sein.<\/p>\n<p>&nbsp;<\/p>\n<p>&nbsp;<\/p>\n<p>&nbsp;<\/p>\n<p>&nbsp;<\/p>\n<p>&nbsp;<\/p>\n<p>&nbsp;<\/p>\n<p>&nbsp;<\/p>\n<hr \/>\n<div id=\"attachment_1683\" style=\"width: 262px\" class=\"wp-caption alignleft\"><img aria-describedby=\"caption-attachment-1683\" decoding=\"async\" class=\"size-medium wp-image-1683\" src=\"https:\/\/topplant.pl\/wp-content\/uploads\/2017\/11\/1-4-252x300.jpg\" alt=\"Bananowiec\" width=\"252\" height=\"300\" srcset=\"https:\/\/topplant.pl\/wp-content\/uploads\/2017\/11\/1-4-252x300.jpg 252w, https:\/\/topplant.pl\/wp-content\/uploads\/2017\/11\/1-4-768x914.jpg 768w, https:\/\/topplant.pl\/wp-content\/uploads\/2017\/11\/1-4-860x1024.jpg 860w\" sizes=\"(max-width: 252px) 100vw, 252px\" \/><p id=\"caption-attachment-1683\" class=\"wp-caption-text\">Bananowiec<\/p><\/div>\n<p>&nbsp;<\/p>\n<p>&nbsp;<\/p>\n<p style=\"text-align: justify;\"><strong>BANANENBAUM<\/strong> &#8211; im Gegensatz zu Meinungen ist es eine Pflanze, die nicht sehr anspruchsvoll in der Kultivierung ist. Das charakteristische Merkmal ist das Fehlen eines Stammes, weil der scheinbare Stamm von Bl\u00e4ttern mit ihren Blattstielen gebildet wird. Sie erreichen eine maximale H\u00f6he von bis zu 2 m. Es erfordert ziemlich h\u00e4ufige Bew\u00e4sserung, mag spr\u00fchen und d\u00fcngen. Die Position sollte sonnig und warm sein. Aufgrund des schnellen Wachstums erfordert h\u00e4ufige Neubepflanzung.<\/p>\n<p>&nbsp;<\/p>\n<p>&nbsp;<\/p>\n<p>&nbsp;<\/p>\n<p>&nbsp;<\/p>\n<hr \/>\n<div id=\"attachment_1686\" style=\"width: 249px\" class=\"wp-caption alignleft\"><img aria-describedby=\"caption-attachment-1686\" decoding=\"async\" class=\"size-medium wp-image-1686\" src=\"https:\/\/topplant.pl\/wp-content\/uploads\/2017\/11\/1-5-239x300.jpg\" alt=\"Kroton\" width=\"239\" height=\"300\" srcset=\"https:\/\/topplant.pl\/wp-content\/uploads\/2017\/11\/1-5-239x300.jpg 239w, https:\/\/topplant.pl\/wp-content\/uploads\/2017\/11\/1-5-768x965.jpg 768w, https:\/\/topplant.pl\/wp-content\/uploads\/2017\/11\/1-5-815x1024.jpg 815w\" sizes=\"(max-width: 239px) 100vw, 239px\" \/><p id=\"caption-attachment-1686\" class=\"wp-caption-text\">Kroton<\/p><\/div>\n<p>&nbsp;<\/p>\n<p>&nbsp;<\/p>\n<p style=\"text-align: justify;\"><strong>KROTON,\u00a0WUNDERSTRAUCH<\/strong> &#8211; eine sehr attraktive Pflanze, oft f\u00fcr die Inneneinrichtung verwendet. Es ist ein immergr\u00fcner Strauch mit bunten, gl\u00e4nzenden Bl\u00e4ttern. Unter unseren Bedingungen erreicht er eine H\u00f6he von 25 bis 125 cm. Das beste Untergrund ist ein Torfsubstrat mit der Zugabe von Sand. Es erfordert h\u00e4ufiges Bespr\u00fchen mit weichem Wasser w\u00e4hrend der Heizperiode und h\u00e4ufiges Bew\u00e4ssern im Sommer. Die Position\u00a0sollte hell sein, aber nicht direktem Sonnenlicht ausgesetzt sein..<\/p>\n<p>&nbsp;<\/p>\n<p>&nbsp;<\/p>\n<p>&nbsp;<\/p>\n<p>&nbsp;<\/p>\n<p>&nbsp;<\/p>\n<hr \/>\n<div id=\"attachment_1689\" style=\"width: 236px\" class=\"wp-caption alignleft\"><img aria-describedby=\"caption-attachment-1689\" decoding=\"async\" class=\"wp-image-1689 size-medium\" src=\"https:\/\/topplant.pl\/wp-content\/uploads\/2017\/11\/1-6-226x300.jpg\" alt=\"Nolina, Noga S\u0142onia, Stopa S\u0142onia\" width=\"226\" height=\"300\" srcset=\"https:\/\/topplant.pl\/wp-content\/uploads\/2017\/11\/1-6-226x300.jpg 226w, https:\/\/topplant.pl\/wp-content\/uploads\/2017\/11\/1-6-768x1021.jpg 768w, https:\/\/topplant.pl\/wp-content\/uploads\/2017\/11\/1-6-770x1024.jpg 770w\" sizes=\"(max-width: 226px) 100vw, 226px\" \/><p id=\"caption-attachment-1689\" class=\"wp-caption-text\">Nolina, Noga S\u0142onia, Stopa S\u0142onia<\/p><\/div>\n<p>&nbsp;<\/p>\n<p>&nbsp;<\/p>\n<p style=\"text-align: justify;\"><strong>NOLIN, ELEFANTENBEIN, ELEFANTENFU\u00df<\/strong>\u00a0&#8211; ist eine Sukkulente mit einem sehr attraktiven Aussehen. Sehr interessant ist ihr faltiger, holziger flaschenf\u00f6rmiger Stiel. Es sieht gut in modernen Innenr\u00e4umen aus. Wir gie\u00dfen ein wenig von Fr\u00fchling bis Herbst, im Winter gie\u00dfen wir nicht. Die Position von Nolin sollte sonnig sein. Sie liebt frische Luft und wird sich am Fenster wohl f\u00fchlen. Erde mit dem Zusatz von Torf und Sand ist angezeigt.<\/p>\n<p>&nbsp;<\/p>\n<p>&nbsp;<\/p>\n<p>&nbsp;<\/p>\n<p>&nbsp;<\/p>\n<p>&nbsp;<\/p>\n<p>&nbsp;<\/p>\n<hr \/>\n<div id=\"attachment_1693\" style=\"width: 167px\" class=\"wp-caption alignleft\"><img aria-describedby=\"caption-attachment-1693\" decoding=\"async\" class=\"size-medium wp-image-1693\" src=\"https:\/\/topplant.pl\/wp-content\/uploads\/2017\/11\/1-7-157x300.jpg\" alt=\"Sansewieria, W\u0119\u017cownica\" width=\"157\" height=\"300\" srcset=\"https:\/\/topplant.pl\/wp-content\/uploads\/2017\/11\/1-7-157x300.jpg 157w, https:\/\/topplant.pl\/wp-content\/uploads\/2017\/11\/1-7-768x1466.jpg 768w, https:\/\/topplant.pl\/wp-content\/uploads\/2017\/11\/1-7-537x1024.jpg 537w\" sizes=\"(max-width: 157px) 100vw, 157px\" \/><p id=\"caption-attachment-1693\" class=\"wp-caption-text\">Sansewieria, W\u0119\u017cownica<\/p><\/div>\n<p>&nbsp;<\/p>\n<p>&nbsp;<\/p>\n<p style=\"text-align: justify;\"><strong>SANSEVIERIA, BOGENHANF<\/strong>\u00a0&#8211; sehr effizient und extrem pflegeleicht. Es hat steife, fleischige, schwertartige Bl\u00e4tter, die nach oben gerichtet sind, gew\u00f6hnlich gr\u00fcn mit Querstreifen. Charakteristisch f\u00fcr sie ist eine sehr hohe Resistenz gegen ung\u00fcnstige Bedingungen. Er mag eine sonnige Position und moderate Bew\u00e4sserung. Er mag gew\u00f6hnliches Land, aber es lohnt sich, am Boden des Topfes eine Dr\u00e4nage vorzusehen.<\/p>\n<p>&nbsp;<\/p>\n<p>&nbsp;<\/p>\n<p>&nbsp;<\/p>\n<p>&nbsp;<\/p>\n<p>&nbsp;<\/p>\n<p>&nbsp;<\/p>\n<hr \/>\n<div id=\"attachment_1695\" style=\"width: 243px\" class=\"wp-caption alignleft\"><img aria-describedby=\"caption-attachment-1695\" decoding=\"async\" class=\"size-medium wp-image-1695\" src=\"https:\/\/topplant.pl\/wp-content\/uploads\/2017\/11\/1-8-233x300.jpg\" alt=\"Szeflera\" width=\"233\" height=\"300\" srcset=\"https:\/\/topplant.pl\/wp-content\/uploads\/2017\/11\/1-8-233x300.jpg 233w, https:\/\/topplant.pl\/wp-content\/uploads\/2017\/11\/1-8-768x990.jpg 768w, https:\/\/topplant.pl\/wp-content\/uploads\/2017\/11\/1-8-795x1024.jpg 795w\" sizes=\"(max-width: 233px) 100vw, 233px\" \/><p id=\"caption-attachment-1695\" class=\"wp-caption-text\">Szeflera<\/p><\/div>\n<p>&nbsp;<\/p>\n<p>&nbsp;<\/p>\n<p style=\"text-align: justify;\"><strong>SCHEFFLERA<\/strong> &#8211; immergr\u00fcne Pflanze, Bl\u00e4tter aus 7 &#8211; 15 longitudinalen, spitzen Spitzen bilden &#8220;Schirme&#8221;. Gl\u00e4nzende, dunkelgr\u00fcne Bl\u00e4tter.. Er mag es, zu einem Bonsai-Baum geformt zu werden. Im Sommer sollte die Bodenfeuchte 2-3 mal pro Woche und einmal im Winter einmal w\u00f6chentlich konstant gehalten werden. Er mag berieseln werden. Die Position sollte aus Ton oder Torfb\u00f6den bestehen. Es toleriert schattierte Stellen, aber eine gro\u00dfe Menge an Streulicht wird angezeigt.<\/p>\n<p>&nbsp;<\/p>\n<p>&nbsp;<\/p>\n<p>&nbsp;<\/p>\n<p>&nbsp;<\/p>\n<p>&nbsp;<\/p>\n<hr \/>\n<div id=\"attachment_1697\" style=\"width: 310px\" class=\"wp-caption alignleft\"><img aria-describedby=\"caption-attachment-1697\" decoding=\"async\" class=\"size-medium wp-image-1697\" src=\"https:\/\/topplant.pl\/wp-content\/uploads\/2017\/11\/1-9-300x274.jpg\" alt=\"Zielistka\" width=\"300\" height=\"274\" srcset=\"https:\/\/topplant.pl\/wp-content\/uploads\/2017\/11\/1-9-300x274.jpg 300w, https:\/\/topplant.pl\/wp-content\/uploads\/2017\/11\/1-9-768x702.jpg 768w, https:\/\/topplant.pl\/wp-content\/uploads\/2017\/11\/1-9-1024x936.jpg 1024w, https:\/\/topplant.pl\/wp-content\/uploads\/2017\/11\/1-9-328x300.jpg 328w\" sizes=\"(max-width: 300px) 100vw, 300px\" \/><p id=\"caption-attachment-1697\" class=\"wp-caption-text\">Zielistka<\/p><\/div>\n<p>&nbsp;<\/p>\n<p>&nbsp;<\/p>\n<p style=\"text-align: justify;\"><strong class=\" phr\">GR\u00dcNLILIE<\/strong> &#8211; hat schmale und lange (bis zu 45 cm) Bl\u00e4tter. Ist wahrscheinlich eine der am wenigsten anspruchsvollen Zimmerpflanzen. Er kann sich an fast alle Licht- und Klimabedingungen anpassen. In der Zeit von Fr\u00fchling bis Herbst erfordert intensive Bew\u00e4sserung. Im Winter lohnt es sich, die Bew\u00e4sserung zu reduzieren und wenn m\u00f6glich die Temperatur erheblich zu reduzieren. Es braucht gew\u00f6hnliche, universelle Erde.<\/p>\n<p>&nbsp;<\/p>\n<p>&nbsp;<\/p>\n<p>&nbsp;<\/p>\n<p>&nbsp;<\/p>\n<hr \/>\n<div id=\"attachment_1699\" style=\"width: 292px\" class=\"wp-caption alignleft\"><img aria-describedby=\"caption-attachment-1699\" decoding=\"async\" class=\"size-medium wp-image-1699\" src=\"https:\/\/topplant.pl\/wp-content\/uploads\/2017\/11\/1-10-282x300.jpg\" alt=\"Haworsja\" width=\"282\" height=\"300\" srcset=\"https:\/\/topplant.pl\/wp-content\/uploads\/2017\/11\/1-10-282x300.jpg 282w, https:\/\/topplant.pl\/wp-content\/uploads\/2017\/11\/1-10-768x817.jpg 768w, https:\/\/topplant.pl\/wp-content\/uploads\/2017\/11\/1-10-963x1024.jpg 963w\" sizes=\"(max-width: 282px) 100vw, 282px\" \/><p id=\"caption-attachment-1699\" class=\"wp-caption-text\">Haworsja<\/p><\/div>\n<p>&nbsp;<\/p>\n<p>&nbsp;<\/p>\n<p style=\"text-align: justify;\"><strong>HAWORTHIA<\/strong> &#8211; es hat fleischige Bl\u00e4tter, die eine sch\u00f6ne Rosette bilden. Im Sommer erscheinen am oberen Ende des d\u00fcnnen Stiels wei\u00dfe kleine Bl\u00fcten, die an kleine Glocken erinnern. Eine hell Position mit viel Streulicht wird empfohlen. Bew\u00e4sserung? Wie Sukkulenten &#8211; ziemlich arm. Im Sommer sollte das Land leicht feucht sein, im Winter\u00a0Bew\u00e4sserung einmal alle 2 &#8211; 3 Wochen.<\/p>\n<p>&nbsp;<\/p>\n<p>&nbsp;<\/p>\n<p>&nbsp;<\/p>\n<p>&nbsp;<\/p>\n<p>&nbsp;<\/p>\n<p>&nbsp;<\/p>\n<hr \/>\n<div id=\"attachment_1701\" style=\"width: 236px\" class=\"wp-caption alignleft\"><img aria-describedby=\"caption-attachment-1701\" decoding=\"async\" class=\"wp-image-1701 size-medium\" src=\"https:\/\/topplant.pl\/wp-content\/uploads\/2017\/11\/1-11-226x300.jpg\" alt=\"Syngonium, Zro\u015blicha\" width=\"226\" height=\"300\" srcset=\"https:\/\/topplant.pl\/wp-content\/uploads\/2017\/11\/1-11-226x300.jpg 226w, https:\/\/topplant.pl\/wp-content\/uploads\/2017\/11\/1-11-768x1021.jpg 768w, https:\/\/topplant.pl\/wp-content\/uploads\/2017\/11\/1-11-770x1024.jpg 770w\" sizes=\"(max-width: 226px) 100vw, 226px\" \/><p id=\"caption-attachment-1701\" class=\"wp-caption-text\">Syngonium, Zro\u015blicha<\/p><\/div>\n<p>&nbsp;<\/p>\n<p>&nbsp;<\/p>\n<p style=\"text-align: justify;\"><strong>PURPURTUTE<\/strong> &#8211; hat winterfeste, pfeilf\u00f6rmige Bl\u00e4tter mit einer L\u00e4nge von bis zu 30 cm. Im Sommer verbringt er gr\u00fcne Blumen mit einem lila-roten Zentrum. Ein Position mit viel Streulicht wird empfohlen. Er mag Wasser sehr, deshalb sollte er oft gegossen werden. Humus oder Kompostboden wird empfohlen. Es erfordert j\u00e4hrliche Umpflanzung zu einem gr\u00f6\u00dferen Topf.<\/p>\n<p>&nbsp;<\/p>\n<p>&nbsp;<\/p>\n<p>&nbsp;<\/p>\n<p>&nbsp;<\/p>\n<p>&nbsp;<\/p>\n<p>&nbsp;<\/p>\n<hr \/>\n<div id=\"attachment_1705\" style=\"width: 281px\" class=\"wp-caption alignleft\"><img aria-describedby=\"caption-attachment-1705\" decoding=\"async\" class=\"size-medium wp-image-1705\" src=\"https:\/\/topplant.pl\/wp-content\/uploads\/2017\/11\/1-12-271x300.jpg\" alt=\"Coleus Blumei, Pokrzywka\" width=\"271\" height=\"300\" srcset=\"https:\/\/topplant.pl\/wp-content\/uploads\/2017\/11\/1-12-271x300.jpg 271w, https:\/\/topplant.pl\/wp-content\/uploads\/2017\/11\/1-12-768x850.jpg 768w, https:\/\/topplant.pl\/wp-content\/uploads\/2017\/11\/1-12-926x1024.jpg 926w\" sizes=\"(max-width: 271px) 100vw, 271px\" \/><p id=\"caption-attachment-1705\" class=\"wp-caption-text\">Coleus Blumei, Pokrzywka<\/p><\/div>\n<p>&nbsp;<\/p>\n<p>&nbsp;<\/p>\n<p style=\"text-align: justify;\"><strong>COLEUS BLUMEI, POKRZYWKA<\/strong> &#8211; Es \u00e4hnelt beliebter Brennnessel \ud83d\ude42 Es hat normalerweise rot gef\u00e4rbte Bl\u00e4tter mit einer unregelm\u00e4\u00dfigen Form und einem gelben Rand. Es ist ein dekoratives Element. Sie ist sehr lichtliebend &#8211; es ist Licht, das die Intensit\u00e4t der Farbe der Bl\u00e4tter beeinflusst. Er mag fruchtbaren Boden, gerne mit dem Zusatz von Sand. Erfordert viel Bew\u00e4sserung &#8211; der Boden sollte die ganze Zeit feucht sein.<\/p>\n<p>&nbsp;<\/p>\n<p>&nbsp;<\/p>\n<p>&nbsp;<\/p>\n<p>&nbsp;<\/p>\n<p>&nbsp;<\/p>\n<hr \/>\n<div id=\"attachment_1709\" style=\"width: 148px\" class=\"wp-caption alignleft\"><img aria-describedby=\"caption-attachment-1709\" decoding=\"async\" class=\"size-medium wp-image-1709\" src=\"https:\/\/topplant.pl\/wp-content\/uploads\/2017\/11\/1-13-138x300.jpg\" alt=\"Senecjo Himalajskie\" width=\"138\" height=\"300\" srcset=\"https:\/\/topplant.pl\/wp-content\/uploads\/2017\/11\/1-13-138x300.jpg 138w, https:\/\/topplant.pl\/wp-content\/uploads\/2017\/11\/1-13-768x1670.jpg 768w, https:\/\/topplant.pl\/wp-content\/uploads\/2017\/11\/1-13-471x1024.jpg 471w, https:\/\/topplant.pl\/wp-content\/uploads\/2017\/11\/1-13.jpg 1840w\" sizes=\"(max-width: 138px) 100vw, 138px\" \/><p id=\"caption-attachment-1709\" class=\"wp-caption-text\">Senecjo Himalajskie<\/p><\/div>\n<p><strong>SENECJO HIMALAJSKIE<\/strong> &#8211;<\/p>\n<p>&nbsp;<\/p>\n<p>&nbsp;<\/p>\n<p>&nbsp;<\/p>\n<p>&nbsp;<\/p>\n<p>&nbsp;<\/p>\n<p>&nbsp;<\/p>\n<p>&nbsp;<\/p>\n<p>&nbsp;<\/p>\n<p>&nbsp;<\/p>\n<p>&nbsp;<\/p>\n<p>&nbsp;<\/p>\n<hr \/>\n<div id=\"attachment_1711\" style=\"width: 310px\" class=\"wp-caption alignleft\"><img aria-describedby=\"caption-attachment-1711\" decoding=\"async\" class=\"wp-image-1711 size-medium\" src=\"https:\/\/topplant.pl\/wp-content\/uploads\/2017\/11\/1-14-300x296.jpg\" alt=\"Sundawille\" width=\"300\" height=\"296\" srcset=\"https:\/\/topplant.pl\/wp-content\/uploads\/2017\/11\/1-14-300x296.jpg 300w, https:\/\/topplant.pl\/wp-content\/uploads\/2017\/11\/1-14-768x758.jpg 768w, https:\/\/topplant.pl\/wp-content\/uploads\/2017\/11\/1-14-1024x1011.jpg 1024w, https:\/\/topplant.pl\/wp-content\/uploads\/2017\/11\/1-14-304x300.jpg 304w\" sizes=\"(max-width: 300px) 100vw, 300px\" \/><p id=\"caption-attachment-1711\" class=\"wp-caption-text\">Sundawille<\/p><\/div>\n<p>&nbsp;<\/p>\n<p>&nbsp;<\/p>\n<p style=\"text-align: justify;\"><strong>SUNDAVILLE<\/strong> &#8211; ein Schlingpflanze, deren Sch\u00f6nheit kaum jemand widerstehen wird&#8230; Es hat viele Blumen in Form einer Trompete mit einigen Zentimetern Durchmesser. Normalerweise bl\u00fcht es von Mai bis Oktober. Dunkelgr\u00fcne, scharfe, gl\u00e4nzende Bl\u00e4tter geben ein sch\u00f6nes Aussehen. Ben\u00f6tigt einen gut sonnenbeschienenen Stand und frischen Humusboden mit Torfzusatz. Das Substrat sollte m\u00e4\u00dfig feucht, aber nicht nass sein.<\/p>\n<p>&nbsp;<\/p>\n<p>&nbsp;<\/p>\n<p>&nbsp;<\/p>\n<p>&nbsp;<\/p>\n<p>&nbsp;<\/p>\n<hr \/>\n<div id=\"attachment_1714\" style=\"width: 226px\" class=\"wp-caption alignleft\"><img aria-describedby=\"caption-attachment-1714\" decoding=\"async\" class=\"size-medium wp-image-1714\" src=\"https:\/\/topplant.pl\/wp-content\/uploads\/2017\/11\/2-216x300.jpg\" alt=\"Kaktus (sukulent)\" width=\"216\" height=\"300\" srcset=\"https:\/\/topplant.pl\/wp-content\/uploads\/2017\/11\/2-216x300.jpg 216w, https:\/\/topplant.pl\/wp-content\/uploads\/2017\/11\/2-768x1067.jpg 768w, https:\/\/topplant.pl\/wp-content\/uploads\/2017\/11\/2-737x1024.jpg 737w\" sizes=\"(max-width: 216px) 100vw, 216px\" \/><p id=\"caption-attachment-1714\" class=\"wp-caption-text\">Kaktus (sukulent)<\/p><\/div>\n<p><strong>KAKTUS (DAS SUKKULENTE)<\/strong><\/p>\n<p>&nbsp;<\/p>\n<p>&nbsp;<\/p>\n<p>&nbsp;<\/p>\n<p>&nbsp;<\/p>\n<p>&nbsp;<\/p>\n<p>&nbsp;<\/p>\n<p>&nbsp;<\/p>\n<p>&nbsp;<\/p>\n<p>&nbsp;<\/p>\n<p>&nbsp;<\/p>\n<p>&nbsp;<\/p>\n<hr \/>\n<p>&nbsp;<\/p>\n<p>&nbsp;<\/p>\n<p>&nbsp;<\/p>\n<p>&nbsp;<\/p>\n<p>&nbsp;<\/p>\n<p>&nbsp;<\/p>\n<p>&nbsp;<\/p>","protected":false},"excerpt":{"rendered":"<p>Dekorative Zimmerpflanzen passen praktisch in jedes Interieur!\u00a0Sie k\u00f6nnen nicht nur im Wohn- oder Schlafzimmer, sondern auch in der K\u00fcche oder im Badezimmer ausgestellt werden.Es muss jedoch daran erinnert werden, dass sie Zugang zu Tageslicht haben m\u00fcssen, weil alle Pflanzen es &hellip; <a href=\"https:\/\/topplant.pl\/de\/dekorative-zimmerpflanzen\/\">Weiterlesen <span class=\"meta-nav\">&rarr;<\/span><\/a><\/p>\n","protected":false},"author":2,"featured_media":0,"parent":0,"menu_order":0,"comment_status":"closed","ping_status":"closed","template":"sidebar-page.php","meta":[],"yoast_head":"<!-- This site is optimized with the Yoast SEO plugin v20.2.1 - https:\/\/yoast.com\/wordpress\/plugins\/seo\/ -->\n<title>Dekorative Zimmerpflanzen &nbsp;<\/title>\n<meta name=\"description\" content=\"(Polski) Ro\u015bliny domowe ozdobne | Ro\u015bliny rabatowe letnie | Ro\u015bliny lecznicze | Zio\u0142a | Najtaniej w Szczecinie | Du\u017cy wyb\u00f3r | Mo\u017cliwo\u015b\u0107 wypo\u017cyczenia\" \/>\n<meta name=\"robots\" content=\"index, follow, max-snippet:-1, max-image-preview:large, max-video-preview:-1\" \/>\n<link rel=\"canonical\" href=\"https:\/\/topplant.pl\/de\/dekorative-zimmerpflanzen\/\" \/>\n<meta property=\"og:locale\" content=\"de_DE\" \/>\n<meta property=\"og:type\" content=\"article\" \/>\n<meta property=\"og:title\" content=\"Dekorative Zimmerpflanzen &nbsp;\" \/>\n<meta property=\"og:description\" content=\"(Polski) Ro\u015bliny domowe ozdobne | Ro\u015bliny rabatowe letnie | Ro\u015bliny lecznicze | Zio\u0142a | Najtaniej w Szczecinie | Du\u017cy wyb\u00f3r | Mo\u017cliwo\u015b\u0107 wypo\u017cyczenia\" \/>\n<meta property=\"og:url\" content=\"https:\/\/topplant.pl\/de\/dekorative-zimmerpflanzen\/\" \/>\n<meta property=\"og:site_name\" content=\"TOP-PLANT\" \/>\n<meta property=\"article:publisher\" content=\"https:\/\/www.facebook.com\/Centrum-Ogrodnicze-Top-Plant-Szczecin-317711855543144\" \/>\n<meta property=\"article:modified_time\" content=\"2020-10-19T15:09:57+00:00\" \/>\n<meta property=\"og:image\" content=\"https:\/\/topplant.pl\/wp-content\/uploads\/2017\/11\/1-3-242x300.jpg\" \/>\n<meta name=\"twitter:card\" content=\"summary_large_image\" \/>\n<meta name=\"twitter:label1\" content=\"Gesch\u00e4tzte Lesezeit\" \/>\n\t<meta name=\"twitter:data1\" content=\"11 Minuten\" \/>\n<script type=\"application\/ld+json\" class=\"yoast-schema-graph\">{\"@context\":\"https:\/\/schema.org\",\"@graph\":[{\"@type\":\"WebPage\",\"@id\":\"https:\/\/topplant.pl\/de\/dekorative-zimmerpflanzen\/\",\"url\":\"https:\/\/topplant.pl\/de\/dekorative-zimmerpflanzen\/\",\"name\":\"Dekorative Zimmerpflanzen &nbsp;\",\"isPartOf\":{\"@id\":\"https:\/\/topplant.pl\/#website\"},\"datePublished\":\"2017-12-06T09:46:07+00:00\",\"dateModified\":\"2020-10-19T15:09:57+00:00\",\"description\":\"(Polski) Ro\u015bliny domowe ozdobne | Ro\u015bliny rabatowe letnie | Ro\u015bliny lecznicze | Zio\u0142a | Najtaniej w Szczecinie | Du\u017cy wyb\u00f3r | Mo\u017cliwo\u015b\u0107 wypo\u017cyczenia\",\"breadcrumb\":{\"@id\":\"https:\/\/topplant.pl\/de\/dekorative-zimmerpflanzen\/#breadcrumb\"},\"inLanguage\":\"de-DE\",\"potentialAction\":[{\"@type\":\"ReadAction\",\"target\":[\"https:\/\/topplant.pl\/de\/dekorative-zimmerpflanzen\/\"]}]},{\"@type\":\"BreadcrumbList\",\"@id\":\"https:\/\/topplant.pl\/de\/dekorative-zimmerpflanzen\/#breadcrumb\",\"itemListElement\":[{\"@type\":\"ListItem\",\"position\":1,\"name\":\"Strona g\u0142\u00f3wna\",\"item\":\"https:\/\/topplant.pl\/\"},{\"@type\":\"ListItem\",\"position\":2,\"name\":\"Dekorative Zimmerpflanzen\"}]},{\"@type\":\"WebSite\",\"@id\":\"https:\/\/topplant.pl\/#website\",\"url\":\"https:\/\/topplant.pl\/\",\"name\":\"Centrum Ogrodnicze TOP-PLANT\",\"description\":\"Producent kwiat\u00f3w, sadzonek, owoc\u00f3w truskawek i malin\",\"publisher\":{\"@id\":\"https:\/\/topplant.pl\/#organization\"},\"potentialAction\":[{\"@type\":\"SearchAction\",\"target\":{\"@type\":\"EntryPoint\",\"urlTemplate\":\"https:\/\/topplant.pl\/?s={search_term_string}\"},\"query-input\":\"required name=search_term_string\"}],\"inLanguage\":\"de-DE\"},{\"@type\":\"Organization\",\"@id\":\"https:\/\/topplant.pl\/#organization\",\"name\":\"Centrum Ogrodnicze TOP-PLANT\",\"url\":\"https:\/\/topplant.pl\/\",\"logo\":{\"@type\":\"ImageObject\",\"inLanguage\":\"de-DE\",\"@id\":\"https:\/\/topplant.pl\/#\/schema\/logo\/image\/\",\"url\":\"https:\/\/topplant.pl\/wp-content\/uploads\/2018\/01\/baner-10_bratek_nowe_logo.jpg\",\"contentUrl\":\"https:\/\/topplant.pl\/wp-content\/uploads\/2018\/01\/baner-10_bratek_nowe_logo.jpg\",\"width\":1000,\"height\":320,\"caption\":\"Centrum Ogrodnicze TOP-PLANT\"},\"image\":{\"@id\":\"https:\/\/topplant.pl\/#\/schema\/logo\/image\/\"},\"sameAs\":[\"https:\/\/www.facebook.com\/Centrum-Ogrodnicze-Top-Plant-Szczecin-317711855543144\"]}]}<\/script>\n<!-- \/ Yoast SEO plugin. -->","yoast_head_json":{"title":"Dekorative Zimmerpflanzen &nbsp;","description":"(Polski) Ro\u015bliny domowe ozdobne | Ro\u015bliny rabatowe letnie | Ro\u015bliny lecznicze | Zio\u0142a | Najtaniej w Szczecinie | Du\u017cy wyb\u00f3r | Mo\u017cliwo\u015b\u0107 wypo\u017cyczenia","robots":{"index":"index","follow":"follow","max-snippet":"max-snippet:-1","max-image-preview":"max-image-preview:large","max-video-preview":"max-video-preview:-1"},"canonical":"https:\/\/topplant.pl\/de\/dekorative-zimmerpflanzen\/","og_locale":"de_DE","og_type":"article","og_title":"Dekorative Zimmerpflanzen &nbsp;","og_description":"(Polski) Ro\u015bliny domowe ozdobne | Ro\u015bliny rabatowe letnie | Ro\u015bliny lecznicze | Zio\u0142a | Najtaniej w Szczecinie | Du\u017cy wyb\u00f3r | Mo\u017cliwo\u015b\u0107 wypo\u017cyczenia","og_url":"https:\/\/topplant.pl\/de\/dekorative-zimmerpflanzen\/","og_site_name":"TOP-PLANT","article_publisher":"https:\/\/www.facebook.com\/Centrum-Ogrodnicze-Top-Plant-Szczecin-317711855543144","article_modified_time":"2020-10-19T15:09:57+00:00","og_image":[{"url":"https:\/\/topplant.pl\/wp-content\/uploads\/2017\/11\/1-3-242x300.jpg"}],"twitter_card":"summary_large_image","twitter_misc":{"Gesch\u00e4tzte Lesezeit":"11 Minuten"},"schema":{"@context":"https:\/\/schema.org","@graph":[{"@type":"WebPage","@id":"https:\/\/topplant.pl\/de\/dekorative-zimmerpflanzen\/","url":"https:\/\/topplant.pl\/de\/dekorative-zimmerpflanzen\/","name":"Dekorative Zimmerpflanzen &nbsp;","isPartOf":{"@id":"https:\/\/topplant.pl\/#website"},"datePublished":"2017-12-06T09:46:07+00:00","dateModified":"2020-10-19T15:09:57+00:00","description":"(Polski) Ro\u015bliny domowe ozdobne | Ro\u015bliny rabatowe letnie | Ro\u015bliny lecznicze | Zio\u0142a | Najtaniej w Szczecinie | Du\u017cy wyb\u00f3r | Mo\u017cliwo\u015b\u0107 wypo\u017cyczenia","breadcrumb":{"@id":"https:\/\/topplant.pl\/de\/dekorative-zimmerpflanzen\/#breadcrumb"},"inLanguage":"de-DE","potentialAction":[{"@type":"ReadAction","target":["https:\/\/topplant.pl\/de\/dekorative-zimmerpflanzen\/"]}]},{"@type":"BreadcrumbList","@id":"https:\/\/topplant.pl\/de\/dekorative-zimmerpflanzen\/#breadcrumb","itemListElement":[{"@type":"ListItem","position":1,"name":"Strona g\u0142\u00f3wna","item":"https:\/\/topplant.pl\/"},{"@type":"ListItem","position":2,"name":"Dekorative Zimmerpflanzen"}]},{"@type":"WebSite","@id":"https:\/\/topplant.pl\/#website","url":"https:\/\/topplant.pl\/","name":"Centrum Ogrodnicze TOP-PLANT","description":"Producent kwiat\u00f3w, sadzonek, owoc\u00f3w truskawek i malin","publisher":{"@id":"https:\/\/topplant.pl\/#organization"},"potentialAction":[{"@type":"SearchAction","target":{"@type":"EntryPoint","urlTemplate":"https:\/\/topplant.pl\/?s={search_term_string}"},"query-input":"required name=search_term_string"}],"inLanguage":"de-DE"},{"@type":"Organization","@id":"https:\/\/topplant.pl\/#organization","name":"Centrum Ogrodnicze TOP-PLANT","url":"https:\/\/topplant.pl\/","logo":{"@type":"ImageObject","inLanguage":"de-DE","@id":"https:\/\/topplant.pl\/#\/schema\/logo\/image\/","url":"https:\/\/topplant.pl\/wp-content\/uploads\/2018\/01\/baner-10_bratek_nowe_logo.jpg","contentUrl":"https:\/\/topplant.pl\/wp-content\/uploads\/2018\/01\/baner-10_bratek_nowe_logo.jpg","width":1000,"height":320,"caption":"Centrum Ogrodnicze TOP-PLANT"},"image":{"@id":"https:\/\/topplant.pl\/#\/schema\/logo\/image\/"},"sameAs":["https:\/\/www.facebook.com\/Centrum-Ogrodnicze-Top-Plant-Szczecin-317711855543144"]}]}},"_links":{"self":[{"href":"https:\/\/topplant.pl\/de\/wp-json\/wp\/v2\/pages\/1653"}],"collection":[{"href":"https:\/\/topplant.pl\/de\/wp-json\/wp\/v2\/pages"}],"about":[{"href":"https:\/\/topplant.pl\/de\/wp-json\/wp\/v2\/types\/page"}],"author":[{"embeddable":true,"href":"https:\/\/topplant.pl\/de\/wp-json\/wp\/v2\/users\/2"}],"replies":[{"embeddable":true,"href":"https:\/\/topplant.pl\/de\/wp-json\/wp\/v2\/comments?post=1653"}],"version-history":[{"count":7,"href":"https:\/\/topplant.pl\/de\/wp-json\/wp\/v2\/pages\/1653\/revisions"}],"predecessor-version":[{"id":2342,"href":"https:\/\/topplant.pl\/de\/wp-json\/wp\/v2\/pages\/1653\/revisions\/2342"}],"wp:attachment":[{"href":"https:\/\/topplant.pl\/de\/wp-json\/wp\/v2\/media?parent=1653"}],"curies":[{"name":"wp","href":"https:\/\/api.w.org\/{rel}","templated":true}]}}