{"id":1455,"date":"2017-03-17T15:37:16","date_gmt":"2017-03-17T14:37:16","guid":{"rendered":"https:\/\/topplant.pl\/?page_id=1455"},"modified":"2020-10-13T16:31:54","modified_gmt":"2020-10-13T14:31:54","slug":"bratki-hurt","status":"publish","type":"page","link":"https:\/\/topplant.pl\/de\/bratki-hurt\/","title":{"rendered":"Bratki &#8211; oferta hurtowa"},"content":{"rendered":"<p><\/p>\n<p style=\"text-align: justify;\"><strong>OFERTA NA BRATKI DLA CENTR\u00d3W I SKLEP\u00d3W OGRODNICZYCH<br \/>\n<\/strong><br \/>\n<img decoding=\"async\" class=\"alignright wp-image-1036\" src=\"https:\/\/topplant.pl\/wp-content\/uploads\/2012\/03\/brateek.jpg\" alt=\"brateek\" width=\"241\" height=\"184\" \/>Ju\u017c w pierwszych dniach marca b\u0119dziemy mogli zaoferowa\u0107 fantastyczne bratki w\u00a0doniczkach o \u015brednicy \u00d8 9 cm. Jest To pierwszorz\u0119dny materia\u0142 rodem z Syngenty z rewelacyjnych serii Delta, Colossus, Endurio, Rocky, Patiola i innych w pe\u0142nej gamie kolor\u00f3w. Dzi\u0119ki dobrej wsp\u00f3\u0142pracy z firmami kurierskimi jeste\u015bmy w stanie dostarczy\u0107 ro\u015bliny bezpo\u015brednio do ka\u017cdego Centrum Ogrodniczego lub sklepu. Zam\u00f3wienia mog\u0105 by\u0107 realizowane nawet nast\u0119pnego dnia po z\u0142o\u017ceniu zam\u00f3wienia*.<\/p>\n<p style=\"text-align: center;\"><span style=\"color: #ff0000;\"><strong>TRANSPORT NA TERENIE KRAJU GRATIS !!!<\/strong><\/span><\/p>\n<ul>\n<li style=\"text-align: justify;\"><span style=\"color: #008000;\">przesy\u0142ka paletowa zawiera <strong>1200 szt. bratk\u00f3w<\/strong>:<\/span><br \/>\n<span style=\"color: #008000;\"> dla palety EUR: 40 skrzynek \u00d7 30 szt. bratk\u00f3w = 1200 szt. <em>(mix odmian, w ka\u017cdej skrzynce inny kolor)<\/em><\/span><\/li>\n<li style=\"text-align: justify;\"><span style=\"color: #008000;\">przesy\u0142ka p\u00f3\u0142paletowa to <strong>600 szt. bratk\u00f3w<\/strong>:<\/span><br \/>\n<span style=\"color: #008000;\"> dla p\u00f3\u0142palety EUR: 20 skrzynek \u00d7 30 szt. bratk\u00f3w = 600 szt. <em>(mix odmian, w ka\u017cdej skrzynce inny kolor)<\/em><\/span><\/li>\n<\/ul>\n<p style=\"text-align: justify;\">Pozwala to na utrzymywanie niskich stan\u00f3w magazynowych, a dostarczane ro\u015bliny zawsze b\u0119d\u0105 silne i pe\u0142ne energii. A\u017c chce si\u0119 sadzi\u0107! Dostarczamy nasz produkt w drewnianych jednorazowych skrzynkach, kt\u00f3re mo\u017cna wygodnie sztaplowa\u0107 i nie rozmakaj\u0105 si\u0119 podczas podlewania. Bratki w nich wystawione bardzo dobrze si\u0119 prezentuj\u0105.<\/p>\n<table class=\"tg\" border=\"1\">\n<tbody>\n<tr>\n<th class=\"tg-yw4l\"><\/th>\n<th class=\"tg-yw4l\">Cena za 1 szt. przy zam.<br \/>\n600-1200 szt. (netto)<\/th>\n<th class=\"tg-yw4l\">Cena za 1 szt. przy zam.<br \/>\npowy\u017cej 1200szt. (netto)<\/th>\n<\/tr>\n<tr>\n<td class=\"tg-yw4l\"><strong><span style=\"color: #ff0000;\">BRATEK<\/span><\/strong><\/td>\n<td class=\"tg-yw4l\"><strong><span style=\"color: #ff0000;\">1,19z\u0142<\/span><\/strong><\/td>\n<td class=\"tg-yw4l\"><strong><span style=\"color: #ff0000;\">1,12 z\u0142<\/span><\/strong><\/td>\n<\/tr>\n<\/tbody>\n<\/table>\n<p style=\"text-align: center;\"><span style=\"color: #ff0000;\"><strong>TRANSPORT ZAWSZE GRATIS !!!<\/strong><\/span><\/p>\n<ul>\n<li style=\"text-align: justify;\">minimalne zam\u00f3wienie (samych bratk\u00f3w) to 600 szt.<\/li>\n<li style=\"text-align: justify;\">zam\u00f3wienia bratk\u00f3w mo\u017cna \u0142\u0105czy\u0107 z zam\u00f3wieniem ampli oraz sadzonek truskawek (po otrzymaniu zam\u00f3wienia skontaktujemy si\u0119 z Pa\u0144stwem w celu przedstawienia ceny, kt\u00f3ra uzale\u017cniona jest od ilo\u015b\u0107 zam\u00f3wionego \u0142\u0105cznie asortymentu)<\/li>\n<li style=\"text-align: justify;\">przedstawione ceny podlegaj\u0105 upustom w przypadku zakontraktowania produkcji na kolejny rok<\/li>\n<li style=\"text-align: justify;\">bratki pakowane s\u0105 do drewnianych skrzynek po 30 sztuk<\/li>\n<li style=\"text-align: justify;\">do ka\u017cdej skrzynki pakowana jest jedna odmiana bratka<\/li>\n<li style=\"text-align: justify;\">oferta wa\u017cna do wyczerpania zapas\u00f3w<\/li>\n<\/ul>\n<div style=\"background-color: rgba(50, 162, 43, 0.25); padding: 10px;\"><strong><img decoding=\"async\" class=\"alignright wp-image-1492\" src=\"https:\/\/topplant.pl\/wp-content\/uploads\/2017\/03\/asdasd-150x150.png\" alt=\"asdasd\" width=\"70\" height=\"70\" srcset=\"https:\/\/topplant.pl\/wp-content\/uploads\/2017\/03\/asdasd-150x150.png 150w, https:\/\/topplant.pl\/wp-content\/uploads\/2017\/03\/asdasd-300x300.png 300w, https:\/\/topplant.pl\/wp-content\/uploads\/2017\/03\/asdasd-768x768.png 768w, https:\/\/topplant.pl\/wp-content\/uploads\/2017\/03\/asdasd.png 1000w\" sizes=\"(max-width: 70px) 100vw, 70px\" \/>Wa\u017cna sprawa,<\/strong><br \/>\nBardzo silna ga\u0142\u0105\u017a naszej firmy, to produkcja sadzonek truskawek. Zam\u00f3wienia warto\u00a0\u0142\u0105czy\u0107! Opisy odmian <a href=\"http:\/\/sadzonki-truskawek.eu\/\">tu<\/a>.<\/div>\n<p><strong>Maszy pytania? Chcesz z\u0142o\u017cy\u0107 zam\u00f3wienie?<\/strong><br \/>\nKarolina: +48 666 816 08, info@sadzonki-truskawek.eu<\/p>","protected":false},"excerpt":{"rendered":"<p>OFERTA NA BRATKI DLA CENTR\u00d3W I SKLEP\u00d3W OGRODNICZYCH Ju\u017c w pierwszych dniach marca b\u0119dziemy mogli zaoferowa\u0107 fantastyczne bratki w\u00a0doniczkach o \u015brednicy \u00d8 9 cm. Jest To pierwszorz\u0119dny materia\u0142 rodem z Syngenty z rewelacyjnych serii Delta, Colossus, Endurio, Rocky, Patiola i &hellip; <a href=\"https:\/\/topplant.pl\/de\/bratki-hurt\/\">Weiterlesen <span class=\"meta-nav\">&rarr;<\/span><\/a><\/p>\n","protected":false},"author":2,"featured_media":0,"parent":0,"menu_order":0,"comment_status":"closed","ping_status":"closed","template":"sidebar-page.php","meta":[],"yoast_head":"<!-- This site is optimized with the Yoast SEO plugin v20.2.1 - https:\/\/yoast.com\/wordpress\/plugins\/seo\/ -->\n<title>Bratki - oferta hurtowa &nbsp;<\/title>\n<meta name=\"robots\" content=\"index, follow, max-snippet:-1, max-image-preview:large, max-video-preview:-1\" \/>\n<link rel=\"canonical\" href=\"https:\/\/topplant.pl\/bratki-hurt\/\" \/>\n<meta property=\"og:locale\" content=\"de_DE\" \/>\n<meta property=\"og:type\" content=\"article\" \/>\n<meta property=\"og:title\" content=\"Bratki - oferta hurtowa &nbsp;\" \/>\n<meta property=\"og:description\" content=\"OFERTA NA BRATKI DLA CENTR\u00d3W I SKLEP\u00d3W OGRODNICZYCH Ju\u017c w pierwszych dniach marca b\u0119dziemy mogli zaoferowa\u0107 fantastyczne bratki w\u00a0doniczkach o \u015brednicy \u00d8 9 cm. Jest To pierwszorz\u0119dny materia\u0142 rodem z Syngenty z rewelacyjnych serii Delta, Colossus, Endurio, Rocky, Patiola i &hellip; Weiterlesen &rarr;\" \/>\n<meta property=\"og:url\" content=\"https:\/\/topplant.pl\/bratki-hurt\/\" \/>\n<meta property=\"og:site_name\" content=\"TOP-PLANT\" \/>\n<meta property=\"article:publisher\" content=\"https:\/\/www.facebook.com\/Centrum-Ogrodnicze-Top-Plant-Szczecin-317711855543144\" \/>\n<meta property=\"article:modified_time\" content=\"2020-10-13T14:31:54+00:00\" \/>\n<meta property=\"og:image\" content=\"https:\/\/topplant.pl\/wp-content\/uploads\/2012\/03\/brateek.jpg\" \/>\n<meta name=\"twitter:card\" content=\"summary_large_image\" \/>\n<meta name=\"twitter:label1\" content=\"Gesch\u00e4tzte Lesezeit\" \/>\n\t<meta name=\"twitter:data1\" content=\"3 Minuten\" \/>\n<script type=\"application\/ld+json\" class=\"yoast-schema-graph\">{\"@context\":\"https:\/\/schema.org\",\"@graph\":[{\"@type\":\"WebPage\",\"@id\":\"https:\/\/topplant.pl\/bratki-hurt\/\",\"url\":\"https:\/\/topplant.pl\/bratki-hurt\/\",\"name\":\"Bratki - oferta hurtowa &nbsp;\",\"isPartOf\":{\"@id\":\"https:\/\/topplant.pl\/#website\"},\"datePublished\":\"2017-03-17T14:37:16+00:00\",\"dateModified\":\"2020-10-13T14:31:54+00:00\",\"breadcrumb\":{\"@id\":\"https:\/\/topplant.pl\/bratki-hurt\/#breadcrumb\"},\"inLanguage\":\"de-DE\",\"potentialAction\":[{\"@type\":\"ReadAction\",\"target\":[\"https:\/\/topplant.pl\/bratki-hurt\/\"]}]},{\"@type\":\"BreadcrumbList\",\"@id\":\"https:\/\/topplant.pl\/bratki-hurt\/#breadcrumb\",\"itemListElement\":[{\"@type\":\"ListItem\",\"position\":1,\"name\":\"Strona g\u0142\u00f3wna\",\"item\":\"https:\/\/topplant.pl\/\"},{\"@type\":\"ListItem\",\"position\":2,\"name\":\"Bratki &#8211; oferta hurtowa\"}]},{\"@type\":\"WebSite\",\"@id\":\"https:\/\/topplant.pl\/#website\",\"url\":\"https:\/\/topplant.pl\/\",\"name\":\"Centrum Ogrodnicze TOP-PLANT\",\"description\":\"Producent kwiat\u00f3w, sadzonek, owoc\u00f3w truskawek i malin\",\"publisher\":{\"@id\":\"https:\/\/topplant.pl\/#organization\"},\"potentialAction\":[{\"@type\":\"SearchAction\",\"target\":{\"@type\":\"EntryPoint\",\"urlTemplate\":\"https:\/\/topplant.pl\/?s={search_term_string}\"},\"query-input\":\"required name=search_term_string\"}],\"inLanguage\":\"de-DE\"},{\"@type\":\"Organization\",\"@id\":\"https:\/\/topplant.pl\/#organization\",\"name\":\"Centrum Ogrodnicze TOP-PLANT\",\"url\":\"https:\/\/topplant.pl\/\",\"logo\":{\"@type\":\"ImageObject\",\"inLanguage\":\"de-DE\",\"@id\":\"https:\/\/topplant.pl\/#\/schema\/logo\/image\/\",\"url\":\"https:\/\/topplant.pl\/wp-content\/uploads\/2018\/01\/baner-10_bratek_nowe_logo.jpg\",\"contentUrl\":\"https:\/\/topplant.pl\/wp-content\/uploads\/2018\/01\/baner-10_bratek_nowe_logo.jpg\",\"width\":1000,\"height\":320,\"caption\":\"Centrum Ogrodnicze TOP-PLANT\"},\"image\":{\"@id\":\"https:\/\/topplant.pl\/#\/schema\/logo\/image\/\"},\"sameAs\":[\"https:\/\/www.facebook.com\/Centrum-Ogrodnicze-Top-Plant-Szczecin-317711855543144\"]}]}<\/script>\n<!-- \/ Yoast SEO plugin. -->","yoast_head_json":{"title":"Bratki - oferta hurtowa &nbsp;","robots":{"index":"index","follow":"follow","max-snippet":"max-snippet:-1","max-image-preview":"max-image-preview:large","max-video-preview":"max-video-preview:-1"},"canonical":"https:\/\/topplant.pl\/bratki-hurt\/","og_locale":"de_DE","og_type":"article","og_title":"Bratki - oferta hurtowa &nbsp;","og_description":"OFERTA NA BRATKI DLA CENTR\u00d3W I SKLEP\u00d3W OGRODNICZYCH Ju\u017c w pierwszych dniach marca b\u0119dziemy mogli zaoferowa\u0107 fantastyczne bratki w\u00a0doniczkach o \u015brednicy \u00d8 9 cm. Jest To pierwszorz\u0119dny materia\u0142 rodem z Syngenty z rewelacyjnych serii Delta, Colossus, Endurio, Rocky, Patiola i &hellip; Weiterlesen &rarr;","og_url":"https:\/\/topplant.pl\/bratki-hurt\/","og_site_name":"TOP-PLANT","article_publisher":"https:\/\/www.facebook.com\/Centrum-Ogrodnicze-Top-Plant-Szczecin-317711855543144","article_modified_time":"2020-10-13T14:31:54+00:00","og_image":[{"url":"https:\/\/topplant.pl\/wp-content\/uploads\/2012\/03\/brateek.jpg"}],"twitter_card":"summary_large_image","twitter_misc":{"Gesch\u00e4tzte Lesezeit":"3 Minuten"},"schema":{"@context":"https:\/\/schema.org","@graph":[{"@type":"WebPage","@id":"https:\/\/topplant.pl\/bratki-hurt\/","url":"https:\/\/topplant.pl\/bratki-hurt\/","name":"Bratki - oferta hurtowa &nbsp;","isPartOf":{"@id":"https:\/\/topplant.pl\/#website"},"datePublished":"2017-03-17T14:37:16+00:00","dateModified":"2020-10-13T14:31:54+00:00","breadcrumb":{"@id":"https:\/\/topplant.pl\/bratki-hurt\/#breadcrumb"},"inLanguage":"de-DE","potentialAction":[{"@type":"ReadAction","target":["https:\/\/topplant.pl\/bratki-hurt\/"]}]},{"@type":"BreadcrumbList","@id":"https:\/\/topplant.pl\/bratki-hurt\/#breadcrumb","itemListElement":[{"@type":"ListItem","position":1,"name":"Strona g\u0142\u00f3wna","item":"https:\/\/topplant.pl\/"},{"@type":"ListItem","position":2,"name":"Bratki &#8211; oferta hurtowa"}]},{"@type":"WebSite","@id":"https:\/\/topplant.pl\/#website","url":"https:\/\/topplant.pl\/","name":"Centrum Ogrodnicze TOP-PLANT","description":"Producent kwiat\u00f3w, sadzonek, owoc\u00f3w truskawek i malin","publisher":{"@id":"https:\/\/topplant.pl\/#organization"},"potentialAction":[{"@type":"SearchAction","target":{"@type":"EntryPoint","urlTemplate":"https:\/\/topplant.pl\/?s={search_term_string}"},"query-input":"required name=search_term_string"}],"inLanguage":"de-DE"},{"@type":"Organization","@id":"https:\/\/topplant.pl\/#organization","name":"Centrum Ogrodnicze TOP-PLANT","url":"https:\/\/topplant.pl\/","logo":{"@type":"ImageObject","inLanguage":"de-DE","@id":"https:\/\/topplant.pl\/#\/schema\/logo\/image\/","url":"https:\/\/topplant.pl\/wp-content\/uploads\/2018\/01\/baner-10_bratek_nowe_logo.jpg","contentUrl":"https:\/\/topplant.pl\/wp-content\/uploads\/2018\/01\/baner-10_bratek_nowe_logo.jpg","width":1000,"height":320,"caption":"Centrum Ogrodnicze TOP-PLANT"},"image":{"@id":"https:\/\/topplant.pl\/#\/schema\/logo\/image\/"},"sameAs":["https:\/\/www.facebook.com\/Centrum-Ogrodnicze-Top-Plant-Szczecin-317711855543144"]}]}},"_links":{"self":[{"href":"https:\/\/topplant.pl\/de\/wp-json\/wp\/v2\/pages\/1455"}],"collection":[{"href":"https:\/\/topplant.pl\/de\/wp-json\/wp\/v2\/pages"}],"about":[{"href":"https:\/\/topplant.pl\/de\/wp-json\/wp\/v2\/types\/page"}],"author":[{"embeddable":true,"href":"https:\/\/topplant.pl\/de\/wp-json\/wp\/v2\/users\/2"}],"replies":[{"embeddable":true,"href":"https:\/\/topplant.pl\/de\/wp-json\/wp\/v2\/comments?post=1455"}],"version-history":[{"count":4,"href":"https:\/\/topplant.pl\/de\/wp-json\/wp\/v2\/pages\/1455\/revisions"}],"predecessor-version":[{"id":2270,"href":"https:\/\/topplant.pl\/de\/wp-json\/wp\/v2\/pages\/1455\/revisions\/2270"}],"wp:attachment":[{"href":"https:\/\/topplant.pl\/de\/wp-json\/wp\/v2\/media?parent=1455"}],"curies":[{"name":"wp","href":"https:\/\/api.w.org\/{rel}","templated":true}]}}