{"id":1381,"date":"2017-02-07T12:54:15","date_gmt":"2017-02-07T11:54:15","guid":{"rendered":"https:\/\/topplant.pl\/?page_id=1381"},"modified":"2017-12-04T11:17:37","modified_gmt":"2017-12-04T10:17:37","slug":"gwiazda-betlejemska","status":"publish","type":"page","link":"https:\/\/topplant.pl\/de\/gwiazda-betlejemska\/","title":{"rendered":"Poinsettia"},"content":{"rendered":"<p><strong>Der sch\u00f6nste Weihnachtsstern (Stettin)<\/strong><\/p>\n<div id=\"attachment_911\" style=\"width: 270px\" class=\"wp-caption aligncenter\"><img aria-describedby=\"caption-attachment-911\" decoding=\"async\" class=\"wp-image-911 size-full\" src=\"http:\/\/www.sadzonki-truskawek.eu\/temp\/kwiaty\/Gwiazda_.png\" alt=\"Roter Weihnachtsstern (Gartenbauzentrum TOP-PLANT, Stettin)\" width=\"260\" height=\"250\" \/><p id=\"caption-attachment-911\" class=\"wp-caption-text\">Roter Weihnachtsstern (Gartenbauzentrum TOP-PLANT, Stettin)<\/p><\/div>\n<div id=\"attachment_911\" style=\"width: 262px\" class=\"wp-caption aligncenter\"><img aria-describedby=\"caption-attachment-911\" decoding=\"async\" class=\"wp-image-911 size-full\" src=\"http:\/\/www.sadzonki-truskawek.eu\/temp\/kwiaty\/Gwiazda3.png\" alt=\"Roter Weihnachtsstern (Gartenbauzentrum TOP-PLANT, Stettin)\" width=\"252\" height=\"250\" \/><p id=\"caption-attachment-911\" class=\"wp-caption-text\">Wei\u00dfer Weihnachtsstern (Gartenbauzentrum TOP-PLANT, Stettin)<\/p><\/div>\n<div id=\"attachment_1826\" style=\"width: 594px\" class=\"wp-caption aligncenter\"><img aria-describedby=\"caption-attachment-1826\" decoding=\"async\" class=\"wp-image-1826 size-large\" src=\"https:\/\/topplant.pl\/wp-content\/uploads\/2017\/02\/20171129_104515__-1024x658.jpg\" alt=\"Weihnachtsstern-Verkauf\" width=\"584\" height=\"375\" srcset=\"https:\/\/topplant.pl\/wp-content\/uploads\/2017\/02\/20171129_104515__-1024x658.jpg 1024w, https:\/\/topplant.pl\/wp-content\/uploads\/2017\/02\/20171129_104515__-300x193.jpg 300w, https:\/\/topplant.pl\/wp-content\/uploads\/2017\/02\/20171129_104515__-768x493.jpg 768w, https:\/\/topplant.pl\/wp-content\/uploads\/2017\/02\/20171129_104515__-467x300.jpg 467w, https:\/\/topplant.pl\/wp-content\/uploads\/2017\/02\/20171129_104515__.jpg 1400w\" sizes=\"(max-width: 584px) 100vw, 584px\" \/><p id=\"caption-attachment-1826\" class=\"wp-caption-text\">Weihnachtsstern-Verkauf<\/p><\/div>\n<div id=\"attachment_1827\" style=\"width: 594px\" class=\"wp-caption aligncenter\"><img aria-describedby=\"caption-attachment-1827\" decoding=\"async\" class=\"wp-image-1827 size-large\" src=\"https:\/\/topplant.pl\/wp-content\/uploads\/2017\/02\/20171129_104609__-1024x884.jpg\" alt=\"Weihnachtsstern-Verkauf Szczecin\" width=\"584\" height=\"504\" srcset=\"https:\/\/topplant.pl\/wp-content\/uploads\/2017\/02\/20171129_104609__-1024x884.jpg 1024w, https:\/\/topplant.pl\/wp-content\/uploads\/2017\/02\/20171129_104609__-300x259.jpg 300w, https:\/\/topplant.pl\/wp-content\/uploads\/2017\/02\/20171129_104609__-768x663.jpg 768w, https:\/\/topplant.pl\/wp-content\/uploads\/2017\/02\/20171129_104609__-348x300.jpg 348w, https:\/\/topplant.pl\/wp-content\/uploads\/2017\/02\/20171129_104609__.jpg 1400w\" sizes=\"(max-width: 584px) 100vw, 584px\" \/><p id=\"caption-attachment-1827\" class=\"wp-caption-text\">Weihnachtsstern-Verkauf Szczecin<\/p><\/div>\n<div id=\"attachment_1828\" style=\"width: 594px\" class=\"wp-caption aligncenter\"><img aria-describedby=\"caption-attachment-1828\" decoding=\"async\" class=\"wp-image-1828 size-large\" src=\"https:\/\/topplant.pl\/wp-content\/uploads\/2017\/02\/20171129_104925__-1024x713.jpg\" alt=\"Weihnachtsstern Szczecin\" width=\"584\" height=\"407\" srcset=\"https:\/\/topplant.pl\/wp-content\/uploads\/2017\/02\/20171129_104925__-1024x713.jpg 1024w, https:\/\/topplant.pl\/wp-content\/uploads\/2017\/02\/20171129_104925__-300x209.jpg 300w, https:\/\/topplant.pl\/wp-content\/uploads\/2017\/02\/20171129_104925__-768x535.jpg 768w, https:\/\/topplant.pl\/wp-content\/uploads\/2017\/02\/20171129_104925__-431x300.jpg 431w, https:\/\/topplant.pl\/wp-content\/uploads\/2017\/02\/20171129_104925__.jpg 1400w\" sizes=\"(max-width: 584px) 100vw, 584px\" \/><p id=\"caption-attachment-1828\" class=\"wp-caption-text\">Weihnachtsstern Szczecin<\/p><\/div>\n<div id=\"attachment_911\" style=\"width: 218px\" class=\"wp-caption aligncenter\"><img aria-describedby=\"caption-attachment-911\" decoding=\"async\" class=\"wp-image-911 size-full\" src=\"http:\/\/www.sadzonki-truskawek.eu\/temp\/kwiaty\/Ardisja.png\" alt=\"ARDISIA\" width=\"208\" height=\"250\" \/><p id=\"caption-attachment-911\" class=\"wp-caption-text\">ARDISIA<\/p><\/div>\n<div id=\"attachment_911\" style=\"width: 259px\" class=\"wp-caption aligncenter\"><img aria-describedby=\"caption-attachment-911\" decoding=\"async\" class=\"wp-image-911 size-full\" src=\"http:\/\/www.sadzonki-truskawek.eu\/temp\/kwiaty\/Cyklamen_1.png\" alt=\"Alpenveilchen, Zimmer-Alpenveilchen, Cyclamen persicum\" width=\"249\" height=\"250\" \/><p id=\"caption-attachment-911\" class=\"wp-caption-text\">Alpenveilchen, Zimmer-Alpenveilchen, Cyclamen persicum<\/p><\/div>\n<div id=\"attachment_911\" style=\"width: 219px\" class=\"wp-caption aligncenter\"><img aria-describedby=\"caption-attachment-911\" decoding=\"async\" class=\"wp-image-911 size-full\" src=\"http:\/\/www.sadzonki-truskawek.eu\/temp\/kwiaty\/Cyklamen_2.png\" alt=\"Wei\u00dfes Alpenveilchen, Zimmer-Alpenveilchen, Alpenveilchen persicum\" width=\"209\" height=\"250\" \/><p id=\"caption-attachment-911\" class=\"wp-caption-text\">Wei\u00dfes Alpenveilchen, Zimmer-Alpenveilchen, Alpenveilchen persicum<\/p><\/div>\n<div id=\"attachment_911\" style=\"width: 178px\" class=\"wp-caption aligncenter\"><img aria-describedby=\"caption-attachment-911\" decoding=\"async\" class=\"wp-image-911 size-full\" src=\"http:\/\/www.sadzonki-truskawek.eu\/temp\/kwiaty\/Cyprys.jpg\" alt=\"Cupressus Goldcrest Wilma, Zypressenart\" width=\"168\" height=\"250\" \/><p id=\"caption-attachment-911\" class=\"wp-caption-text\">Cupressus Goldcrest Wilma, Zypressenart<\/p><\/div>\n<div id=\"attachment_911\" style=\"width: 236px\" class=\"wp-caption aligncenter\"><img aria-describedby=\"caption-attachment-911\" decoding=\"async\" class=\"wp-image-911 size-full\" src=\"http:\/\/www.sadzonki-truskawek.eu\/temp\/kwiaty\/Kuflik.png\" alt=\"Zylinderputzer, Callistemon\" width=\"226\" height=\"250\" \/><p id=\"caption-attachment-911\" class=\"wp-caption-text\">Zylinderputzer, Callistemon<\/p><\/div>\n<div id=\"attachment_911\" style=\"width: 225px\" class=\"wp-caption aligncenter\"><img aria-describedby=\"caption-attachment-911\" decoding=\"async\" class=\"wp-image-911 size-full\" src=\"http:\/\/www.sadzonki-truskawek.eu\/temp\/kwiaty\/Paproc.jpg\" alt=\"Zimmerpflanzen: Farne\" width=\"215\" height=\"250\" \/><p id=\"caption-attachment-911\" class=\"wp-caption-text\">Zimmerpflanzen: Farne<\/p><\/div>\n<p><div id=\"attachment_1829\" style=\"width: 310px\" class=\"wp-caption aligncenter\"><img aria-describedby=\"caption-attachment-1829\" decoding=\"async\" class=\"size-medium wp-image-1829\" src=\"https:\/\/topplant.pl\/wp-content\/uploads\/2017\/02\/Azalea-300x284.jpg\" alt=\"Azalia, Azalea\" width=\"300\" height=\"284\" srcset=\"https:\/\/topplant.pl\/wp-content\/uploads\/2017\/02\/Azalea-300x284.jpg 300w, https:\/\/topplant.pl\/wp-content\/uploads\/2017\/02\/Azalea-768x728.jpg 768w, https:\/\/topplant.pl\/wp-content\/uploads\/2017\/02\/Azalea-316x300.jpg 316w, https:\/\/topplant.pl\/wp-content\/uploads\/2017\/02\/Azalea.jpg 890w\" sizes=\"(max-width: 300px) 100vw, 300px\" \/><p id=\"caption-attachment-1829\" class=\"wp-caption-text\">Azalea<\/p><\/div><\/p>","protected":false},"excerpt":{"rendered":"<p>Der sch\u00f6nste Weihnachtsstern (Stettin)<\/p>\n","protected":false},"author":2,"featured_media":0,"parent":0,"menu_order":0,"comment_status":"closed","ping_status":"closed","template":"sidebar-page.php","meta":[],"yoast_head":"<!-- This site is optimized with the Yoast SEO plugin v20.2.1 - https:\/\/yoast.com\/wordpress\/plugins\/seo\/ -->\n<title>(Polski) CENTRUM OGRODNICZE SZCZECIN - GWIAZDA BETLEJEMSKA<\/title>\n<meta name=\"description\" content=\"(Polski) Naj\u0142adniejsza Gwiazda Betlejemska w Szczecinie ju\u017c dost\u0119pna! Zdj\u0119cia przedstawiaj\u0105 produkty dost\u0119pne w naszym centrum ogrodniczym\" \/>\n<meta name=\"robots\" content=\"index, follow, max-snippet:-1, max-image-preview:large, max-video-preview:-1\" \/>\n<link rel=\"canonical\" href=\"https:\/\/topplant.pl\/gwiazda-betlejemska\/\" \/>\n<meta property=\"og:locale\" content=\"de_DE\" \/>\n<meta property=\"og:type\" content=\"article\" \/>\n<meta property=\"og:title\" content=\"[:pl]CENTRUM OGRODNICZE SZCZECIN - GWIAZDA BETLEJEMSKA[:]\" \/>\n<meta property=\"og:description\" content=\"{:pl}Naj\u0142adniejsza Gwiazda Betlejemska w Szczecinie ju\u017c dost\u0119pna! Zdj\u0119cia przedstawiaj\u0105 produkty dost\u0119pne w naszym centrum ogrodniczym{:}\" \/>\n<meta property=\"og:url\" content=\"https:\/\/topplant.pl\/gwiazda-betlejemska\/\" \/>\n<meta property=\"og:site_name\" content=\"TOP-PLANT\" \/>\n<meta property=\"article:publisher\" content=\"https:\/\/www.facebook.com\/Centrum-Ogrodnicze-Top-Plant-Szczecin-317711855543144\" \/>\n<meta property=\"article:modified_time\" content=\"2017-12-04T10:17:37+00:00\" \/>\n<meta property=\"og:image\" content=\"http:\/\/www.sadzonki-truskawek.eu\/temp\/kwiaty\/Gwiazda_.png\" \/>\n<meta name=\"twitter:card\" content=\"summary_large_image\" \/>\n<meta name=\"twitter:label1\" content=\"Gesch\u00e4tzte Lesezeit\" \/>\n\t<meta name=\"twitter:data1\" content=\"2 Minuten\" \/>\n<script type=\"application\/ld+json\" class=\"yoast-schema-graph\">{\"@context\":\"https:\/\/schema.org\",\"@graph\":[{\"@type\":\"WebPage\",\"@id\":\"https:\/\/topplant.pl\/gwiazda-betlejemska\/\",\"url\":\"https:\/\/topplant.pl\/gwiazda-betlejemska\/\",\"name\":\"[:pl]CENTRUM OGRODNICZE SZCZECIN - GWIAZDA BETLEJEMSKA[:]\",\"isPartOf\":{\"@id\":\"https:\/\/topplant.pl\/#website\"},\"datePublished\":\"2017-02-07T11:54:15+00:00\",\"dateModified\":\"2017-12-04T10:17:37+00:00\",\"description\":\"{:pl}Naj\u0142adniejsza Gwiazda Betlejemska w Szczecinie ju\u017c dost\u0119pna! Zdj\u0119cia przedstawiaj\u0105 produkty dost\u0119pne w naszym centrum ogrodniczym{:}\",\"breadcrumb\":{\"@id\":\"https:\/\/topplant.pl\/gwiazda-betlejemska\/#breadcrumb\"},\"inLanguage\":\"de-DE\",\"potentialAction\":[{\"@type\":\"ReadAction\",\"target\":[\"https:\/\/topplant.pl\/gwiazda-betlejemska\/\"]}]},{\"@type\":\"BreadcrumbList\",\"@id\":\"https:\/\/topplant.pl\/gwiazda-betlejemska\/#breadcrumb\",\"itemListElement\":[{\"@type\":\"ListItem\",\"position\":1,\"name\":\"Strona g\u0142\u00f3wna\",\"item\":\"https:\/\/topplant.pl\/\"},{\"@type\":\"ListItem\",\"position\":2,\"name\":\"Gwiazda Betlejemska\"}]},{\"@type\":\"WebSite\",\"@id\":\"https:\/\/topplant.pl\/#website\",\"url\":\"https:\/\/topplant.pl\/\",\"name\":\"Centrum Ogrodnicze TOP-PLANT\",\"description\":\"Producent kwiat\u00f3w, sadzonek, owoc\u00f3w truskawek i malin\",\"publisher\":{\"@id\":\"https:\/\/topplant.pl\/#organization\"},\"potentialAction\":[{\"@type\":\"SearchAction\",\"target\":{\"@type\":\"EntryPoint\",\"urlTemplate\":\"https:\/\/topplant.pl\/?s={search_term_string}\"},\"query-input\":\"required name=search_term_string\"}],\"inLanguage\":\"de-DE\"},{\"@type\":\"Organization\",\"@id\":\"https:\/\/topplant.pl\/#organization\",\"name\":\"Centrum Ogrodnicze TOP-PLANT\",\"url\":\"https:\/\/topplant.pl\/\",\"logo\":{\"@type\":\"ImageObject\",\"inLanguage\":\"de-DE\",\"@id\":\"https:\/\/topplant.pl\/#\/schema\/logo\/image\/\",\"url\":\"https:\/\/topplant.pl\/wp-content\/uploads\/2018\/01\/baner-10_bratek_nowe_logo.jpg\",\"contentUrl\":\"https:\/\/topplant.pl\/wp-content\/uploads\/2018\/01\/baner-10_bratek_nowe_logo.jpg\",\"width\":1000,\"height\":320,\"caption\":\"Centrum Ogrodnicze TOP-PLANT\"},\"image\":{\"@id\":\"https:\/\/topplant.pl\/#\/schema\/logo\/image\/\"},\"sameAs\":[\"https:\/\/www.facebook.com\/Centrum-Ogrodnicze-Top-Plant-Szczecin-317711855543144\"]}]}<\/script>\n<!-- \/ Yoast SEO plugin. -->","yoast_head_json":{"title":"(Polski) CENTRUM OGRODNICZE SZCZECIN - GWIAZDA BETLEJEMSKA","description":"(Polski) Naj\u0142adniejsza Gwiazda Betlejemska w Szczecinie ju\u017c dost\u0119pna! Zdj\u0119cia przedstawiaj\u0105 produkty dost\u0119pne w naszym centrum ogrodniczym","robots":{"index":"index","follow":"follow","max-snippet":"max-snippet:-1","max-image-preview":"max-image-preview:large","max-video-preview":"max-video-preview:-1"},"canonical":"https:\/\/topplant.pl\/gwiazda-betlejemska\/","og_locale":"de_DE","og_type":"article","og_title":"[:pl]CENTRUM OGRODNICZE SZCZECIN - GWIAZDA BETLEJEMSKA[:]","og_description":"{:pl}Naj\u0142adniejsza Gwiazda Betlejemska w Szczecinie ju\u017c dost\u0119pna! Zdj\u0119cia przedstawiaj\u0105 produkty dost\u0119pne w naszym centrum ogrodniczym{:}","og_url":"https:\/\/topplant.pl\/gwiazda-betlejemska\/","og_site_name":"TOP-PLANT","article_publisher":"https:\/\/www.facebook.com\/Centrum-Ogrodnicze-Top-Plant-Szczecin-317711855543144","article_modified_time":"2017-12-04T10:17:37+00:00","og_image":[{"url":"http:\/\/www.sadzonki-truskawek.eu\/temp\/kwiaty\/Gwiazda_.png"}],"twitter_card":"summary_large_image","twitter_misc":{"Gesch\u00e4tzte Lesezeit":"2 Minuten"},"schema":{"@context":"https:\/\/schema.org","@graph":[{"@type":"WebPage","@id":"https:\/\/topplant.pl\/gwiazda-betlejemska\/","url":"https:\/\/topplant.pl\/gwiazda-betlejemska\/","name":"[:pl]CENTRUM OGRODNICZE SZCZECIN - GWIAZDA BETLEJEMSKA[:]","isPartOf":{"@id":"https:\/\/topplant.pl\/#website"},"datePublished":"2017-02-07T11:54:15+00:00","dateModified":"2017-12-04T10:17:37+00:00","description":"{:pl}Naj\u0142adniejsza Gwiazda Betlejemska w Szczecinie ju\u017c dost\u0119pna! Zdj\u0119cia przedstawiaj\u0105 produkty dost\u0119pne w naszym centrum ogrodniczym{:}","breadcrumb":{"@id":"https:\/\/topplant.pl\/gwiazda-betlejemska\/#breadcrumb"},"inLanguage":"de-DE","potentialAction":[{"@type":"ReadAction","target":["https:\/\/topplant.pl\/gwiazda-betlejemska\/"]}]},{"@type":"BreadcrumbList","@id":"https:\/\/topplant.pl\/gwiazda-betlejemska\/#breadcrumb","itemListElement":[{"@type":"ListItem","position":1,"name":"Strona g\u0142\u00f3wna","item":"https:\/\/topplant.pl\/"},{"@type":"ListItem","position":2,"name":"Gwiazda Betlejemska"}]},{"@type":"WebSite","@id":"https:\/\/topplant.pl\/#website","url":"https:\/\/topplant.pl\/","name":"Centrum Ogrodnicze TOP-PLANT","description":"Producent kwiat\u00f3w, sadzonek, owoc\u00f3w truskawek i malin","publisher":{"@id":"https:\/\/topplant.pl\/#organization"},"potentialAction":[{"@type":"SearchAction","target":{"@type":"EntryPoint","urlTemplate":"https:\/\/topplant.pl\/?s={search_term_string}"},"query-input":"required name=search_term_string"}],"inLanguage":"de-DE"},{"@type":"Organization","@id":"https:\/\/topplant.pl\/#organization","name":"Centrum Ogrodnicze TOP-PLANT","url":"https:\/\/topplant.pl\/","logo":{"@type":"ImageObject","inLanguage":"de-DE","@id":"https:\/\/topplant.pl\/#\/schema\/logo\/image\/","url":"https:\/\/topplant.pl\/wp-content\/uploads\/2018\/01\/baner-10_bratek_nowe_logo.jpg","contentUrl":"https:\/\/topplant.pl\/wp-content\/uploads\/2018\/01\/baner-10_bratek_nowe_logo.jpg","width":1000,"height":320,"caption":"Centrum Ogrodnicze TOP-PLANT"},"image":{"@id":"https:\/\/topplant.pl\/#\/schema\/logo\/image\/"},"sameAs":["https:\/\/www.facebook.com\/Centrum-Ogrodnicze-Top-Plant-Szczecin-317711855543144"]}]}},"_links":{"self":[{"href":"https:\/\/topplant.pl\/de\/wp-json\/wp\/v2\/pages\/1381"}],"collection":[{"href":"https:\/\/topplant.pl\/de\/wp-json\/wp\/v2\/pages"}],"about":[{"href":"https:\/\/topplant.pl\/de\/wp-json\/wp\/v2\/types\/page"}],"author":[{"embeddable":true,"href":"https:\/\/topplant.pl\/de\/wp-json\/wp\/v2\/users\/2"}],"replies":[{"embeddable":true,"href":"https:\/\/topplant.pl\/de\/wp-json\/wp\/v2\/comments?post=1381"}],"version-history":[{"count":4,"href":"https:\/\/topplant.pl\/de\/wp-json\/wp\/v2\/pages\/1381\/revisions"}],"predecessor-version":[{"id":1844,"href":"https:\/\/topplant.pl\/de\/wp-json\/wp\/v2\/pages\/1381\/revisions\/1844"}],"wp:attachment":[{"href":"https:\/\/topplant.pl\/de\/wp-json\/wp\/v2\/media?parent=1381"}],"curies":[{"name":"wp","href":"https:\/\/api.w.org\/{rel}","templated":true}]}}