{"id":1267,"date":"2016-10-27T12:55:44","date_gmt":"2016-10-27T10:55:44","guid":{"rendered":"https:\/\/topplant.pl\/?page_id=1267"},"modified":"2016-10-27T13:29:14","modified_gmt":"2016-10-27T11:29:14","slug":"wianki-inspiracje","status":"publish","type":"page","link":"https:\/\/topplant.pl\/de\/wianki-inspiracje\/","title":{"rendered":"Wianki &#8211; inspiracje"},"content":{"rendered":"<p>&nbsp;<\/p>\n<p><img decoding=\"async\" class=\"aligncenter size-large wp-image-1272\" src=\"https:\/\/topplant.pl\/wp-content\/uploads\/2016\/10\/1-1-1024x713.jpg\" alt=\"1\" width=\"584\" height=\"407\" srcset=\"https:\/\/topplant.pl\/wp-content\/uploads\/2016\/10\/1-1-1024x713.jpg 1024w, https:\/\/topplant.pl\/wp-content\/uploads\/2016\/10\/1-1-300x209.jpg 300w, https:\/\/topplant.pl\/wp-content\/uploads\/2016\/10\/1-1-768x535.jpg 768w, https:\/\/topplant.pl\/wp-content\/uploads\/2016\/10\/1-1-431x300.jpg 431w, https:\/\/topplant.pl\/wp-content\/uploads\/2016\/10\/1-1.jpg 1500w\" sizes=\"(max-width: 584px) 100vw, 584px\" \/> <a href=\"https:\/\/topplant.pl\/wp-content\/uploads\/2016\/10\/2-1.gif\" rel=\"attachment wp-att-1273\"><img decoding=\"async\" class=\"aligncenter size-large wp-image-1273\" src=\"https:\/\/topplant.pl\/wp-content\/uploads\/2016\/10\/2-1-1024x768.gif\" alt=\"2\" width=\"584\" height=\"438\" srcset=\"https:\/\/topplant.pl\/wp-content\/uploads\/2016\/10\/2-1-1024x768.gif 1024w, https:\/\/topplant.pl\/wp-content\/uploads\/2016\/10\/2-1-300x225.gif 300w, https:\/\/topplant.pl\/wp-content\/uploads\/2016\/10\/2-1-768x576.gif 768w, https:\/\/topplant.pl\/wp-content\/uploads\/2016\/10\/2-1-400x300.gif 400w\" sizes=\"(max-width: 584px) 100vw, 584px\" \/><\/a> <a href=\"https:\/\/topplant.pl\/wp-content\/uploads\/2016\/10\/3-1.jpg\" rel=\"attachment wp-att-1274\"><img decoding=\"async\" class=\"aligncenter size-large wp-image-1274\" src=\"https:\/\/topplant.pl\/wp-content\/uploads\/2016\/10\/3-1.jpg\" alt=\"3\" width=\"584\" height=\"526\" srcset=\"https:\/\/topplant.pl\/wp-content\/uploads\/2016\/10\/3-1.jpg 710w, https:\/\/topplant.pl\/wp-content\/uploads\/2016\/10\/3-1-300x270.jpg 300w, https:\/\/topplant.pl\/wp-content\/uploads\/2016\/10\/3-1-333x300.jpg 333w\" sizes=\"(max-width: 584px) 100vw, 584px\" \/><\/a> <a href=\"https:\/\/topplant.pl\/wp-content\/uploads\/2016\/10\/4a4210705da0eea977408a6fa68c5059.jpg\" rel=\"attachment wp-att-1275\"><img decoding=\"async\" class=\"aligncenter size-large wp-image-1275\" src=\"https:\/\/topplant.pl\/wp-content\/uploads\/2016\/10\/4a4210705da0eea977408a6fa68c5059.jpg\" alt=\"4a4210705da0eea977408a6fa68c5059\" width=\"488\" height=\"1007\" srcset=\"https:\/\/topplant.pl\/wp-content\/uploads\/2016\/10\/4a4210705da0eea977408a6fa68c5059.jpg 488w, https:\/\/topplant.pl\/wp-content\/uploads\/2016\/10\/4a4210705da0eea977408a6fa68c5059-145x300.jpg 145w\" sizes=\"(max-width: 488px) 100vw, 488px\" \/><\/a> <a href=\"https:\/\/topplant.pl\/wp-content\/uploads\/2016\/10\/193-nobilis-m-vita-parlor_1.jpg\" rel=\"attachment wp-att-1276\"><img decoding=\"async\" class=\"aligncenter size-large wp-image-1276\" src=\"https:\/\/topplant.pl\/wp-content\/uploads\/2016\/10\/193-nobilis-m-vita-parlor_1.jpg\" alt=\"193-nobilis m vita parlor_1\" width=\"550\" height=\"499\" srcset=\"https:\/\/topplant.pl\/wp-content\/uploads\/2016\/10\/193-nobilis-m-vita-parlor_1.jpg 550w, https:\/\/topplant.pl\/wp-content\/uploads\/2016\/10\/193-nobilis-m-vita-parlor_1-300x272.jpg 300w, https:\/\/topplant.pl\/wp-content\/uploads\/2016\/10\/193-nobilis-m-vita-parlor_1-331x300.jpg 331w\" sizes=\"(max-width: 550px) 100vw, 550px\" \/><\/a> <a href=\"https:\/\/topplant.pl\/wp-content\/uploads\/2016\/10\/cbcc01f7c6a3ef03173d6e64a10b4279.jpg\" rel=\"attachment wp-att-1277\"><img decoding=\"async\" class=\"aligncenter size-large wp-image-1277\" src=\"https:\/\/topplant.pl\/wp-content\/uploads\/2016\/10\/cbcc01f7c6a3ef03173d6e64a10b4279.jpg\" alt=\"cbcc01f7c6a3ef03173d6e64a10b4279\" width=\"383\" height=\"344\" srcset=\"https:\/\/topplant.pl\/wp-content\/uploads\/2016\/10\/cbcc01f7c6a3ef03173d6e64a10b4279.jpg 383w, https:\/\/topplant.pl\/wp-content\/uploads\/2016\/10\/cbcc01f7c6a3ef03173d6e64a10b4279-300x269.jpg 300w, https:\/\/topplant.pl\/wp-content\/uploads\/2016\/10\/cbcc01f7c6a3ef03173d6e64a10b4279-334x300.jpg 334w\" sizes=\"(max-width: 383px) 100vw, 383px\" \/><\/a> <a href=\"https:\/\/topplant.pl\/wp-content\/uploads\/2016\/10\/doorkrans.jpg\" rel=\"attachment wp-att-1278\"><img decoding=\"async\" class=\"aligncenter size-large wp-image-1278\" src=\"https:\/\/topplant.pl\/wp-content\/uploads\/2016\/10\/doorkrans.jpg\" alt=\"doorkrans\" width=\"530\" height=\"532\" srcset=\"https:\/\/topplant.pl\/wp-content\/uploads\/2016\/10\/doorkrans.jpg 530w, https:\/\/topplant.pl\/wp-content\/uploads\/2016\/10\/doorkrans-150x150.jpg 150w, https:\/\/topplant.pl\/wp-content\/uploads\/2016\/10\/doorkrans-300x300.jpg 300w, https:\/\/topplant.pl\/wp-content\/uploads\/2016\/10\/doorkrans-299x300.jpg 299w\" sizes=\"(max-width: 530px) 100vw, 530px\" \/><\/a> <a href=\"https:\/\/topplant.pl\/wp-content\/uploads\/2016\/10\/green-christmas-wreath.jpg\" rel=\"attachment wp-att-1279\"><img decoding=\"async\" class=\"aligncenter size-large wp-image-1279\" src=\"https:\/\/topplant.pl\/wp-content\/uploads\/2016\/10\/green-christmas-wreath.jpg\" alt=\"green-christmas-wreath\" width=\"550\" height=\"400\" srcset=\"https:\/\/topplant.pl\/wp-content\/uploads\/2016\/10\/green-christmas-wreath.jpg 550w, https:\/\/topplant.pl\/wp-content\/uploads\/2016\/10\/green-christmas-wreath-300x218.jpg 300w, https:\/\/topplant.pl\/wp-content\/uploads\/2016\/10\/green-christmas-wreath-413x300.jpg 413w\" sizes=\"(max-width: 550px) 100vw, 550px\" \/><\/a> <a href=\"https:\/\/topplant.pl\/wp-content\/uploads\/2016\/10\/images-1.jpg\" rel=\"attachment wp-att-1280\"><br \/>\n<\/a> <a href=\"https:\/\/topplant.pl\/wp-content\/uploads\/2016\/10\/images-2.jpg\" rel=\"attachment wp-att-1281\"><img decoding=\"async\" class=\"aligncenter size-large wp-image-1281\" src=\"https:\/\/topplant.pl\/wp-content\/uploads\/2016\/10\/images-2.jpg\" alt=\"images (2)\" width=\"224\" height=\"225\" srcset=\"https:\/\/topplant.pl\/wp-content\/uploads\/2016\/10\/images-2.jpg 224w, https:\/\/topplant.pl\/wp-content\/uploads\/2016\/10\/images-2-150x150.jpg 150w\" sizes=\"(max-width: 224px) 100vw, 224px\" \/><\/a> <a href=\"https:\/\/topplant.pl\/wp-content\/uploads\/2016\/10\/images-3.jpg\" rel=\"attachment wp-att-1282\"><img decoding=\"async\" class=\"aligncenter size-large wp-image-1282\" src=\"https:\/\/topplant.pl\/wp-content\/uploads\/2016\/10\/images-3.jpg\" alt=\"images (3)\" width=\"260\" height=\"194\" \/><\/a> <a href=\"https:\/\/topplant.pl\/wp-content\/uploads\/2016\/10\/images.jpg\" rel=\"attachment wp-att-1283\"><img decoding=\"async\" class=\"aligncenter size-large wp-image-1283\" src=\"https:\/\/topplant.pl\/wp-content\/uploads\/2016\/10\/images-1024x904.jpg\" alt=\"images\" width=\"584\" height=\"516\" srcset=\"https:\/\/topplant.pl\/wp-content\/uploads\/2016\/10\/images-1024x904.jpg 1024w, https:\/\/topplant.pl\/wp-content\/uploads\/2016\/10\/images-300x265.jpg 300w, https:\/\/topplant.pl\/wp-content\/uploads\/2016\/10\/images-768x678.jpg 768w, https:\/\/topplant.pl\/wp-content\/uploads\/2016\/10\/images-340x300.jpg 340w\" sizes=\"(max-width: 584px) 100vw, 584px\" \/><\/a> <a href=\"https:\/\/topplant.pl\/wp-content\/uploads\/2016\/10\/julkrans_1164836842_1194369873_10489382-1.jpg\" rel=\"attachment wp-att-1284\"><img decoding=\"async\" class=\"aligncenter size-large wp-image-1284\" src=\"https:\/\/topplant.pl\/wp-content\/uploads\/2016\/10\/julkrans_1164836842_1194369873_10489382-1.jpg\" alt=\"julkrans_1164836842_1194369873_10489382 (1)\" width=\"400\" height=\"351\" srcset=\"https:\/\/topplant.pl\/wp-content\/uploads\/2016\/10\/julkrans_1164836842_1194369873_10489382-1.jpg 400w, https:\/\/topplant.pl\/wp-content\/uploads\/2016\/10\/julkrans_1164836842_1194369873_10489382-1-300x263.jpg 300w, https:\/\/topplant.pl\/wp-content\/uploads\/2016\/10\/julkrans_1164836842_1194369873_10489382-1-342x300.jpg 342w\" sizes=\"(max-width: 400px) 100vw, 400px\" \/><\/a> <a href=\"https:\/\/topplant.pl\/wp-content\/uploads\/2016\/10\/julkrans_med_natursnore_o_hjartan.jpg\" rel=\"attachment wp-att-1285\"><img decoding=\"async\" class=\"aligncenter size-large wp-image-1285\" src=\"https:\/\/topplant.pl\/wp-content\/uploads\/2016\/10\/julkrans_med_natursnore_o_hjartan-1024x982.jpg\" alt=\"julkrans_med_natursnore_o_hjartan\" width=\"584\" height=\"560\" srcset=\"https:\/\/topplant.pl\/wp-content\/uploads\/2016\/10\/julkrans_med_natursnore_o_hjartan-1024x982.jpg 1024w, https:\/\/topplant.pl\/wp-content\/uploads\/2016\/10\/julkrans_med_natursnore_o_hjartan-300x288.jpg 300w, https:\/\/topplant.pl\/wp-content\/uploads\/2016\/10\/julkrans_med_natursnore_o_hjartan-768x736.jpg 768w, https:\/\/topplant.pl\/wp-content\/uploads\/2016\/10\/julkrans_med_natursnore_o_hjartan-313x300.jpg 313w\" sizes=\"(max-width: 584px) 100vw, 584px\" \/><\/a> <a href=\"https:\/\/topplant.pl\/wp-content\/uploads\/2016\/10\/LLBEAN-WREATH-WNPR.jpg\" rel=\"attachment wp-att-1286\"><img decoding=\"async\" class=\"aligncenter size-large wp-image-1286\" src=\"https:\/\/topplant.pl\/wp-content\/uploads\/2016\/10\/LLBEAN-WREATH-WNPR.jpg\" alt=\"LLBEAN-WREATH-WNPR\" width=\"428\" height=\"428\" srcset=\"https:\/\/topplant.pl\/wp-content\/uploads\/2016\/10\/LLBEAN-WREATH-WNPR.jpg 428w, https:\/\/topplant.pl\/wp-content\/uploads\/2016\/10\/LLBEAN-WREATH-WNPR-150x150.jpg 150w, https:\/\/topplant.pl\/wp-content\/uploads\/2016\/10\/LLBEAN-WREATH-WNPR-300x300.jpg 300w\" sizes=\"(max-width: 428px) 100vw, 428px\" \/><\/a> <a href=\"https:\/\/topplant.pl\/wp-content\/uploads\/2016\/10\/nobelis_krans_med_tomte_o_god_julskylt.jpg\" rel=\"attachment wp-att-1287\"><img decoding=\"async\" class=\"aligncenter size-large wp-image-1287\" src=\"https:\/\/topplant.pl\/wp-content\/uploads\/2016\/10\/nobelis_krans_med_tomte_o_god_julskylt-1024x1003.jpg\" alt=\"nobelis_krans_med_tomte_o_god_julskylt\" width=\"584\" height=\"572\" srcset=\"https:\/\/topplant.pl\/wp-content\/uploads\/2016\/10\/nobelis_krans_med_tomte_o_god_julskylt-1024x1003.jpg 1024w, https:\/\/topplant.pl\/wp-content\/uploads\/2016\/10\/nobelis_krans_med_tomte_o_god_julskylt-300x294.jpg 300w, https:\/\/topplant.pl\/wp-content\/uploads\/2016\/10\/nobelis_krans_med_tomte_o_god_julskylt-768x752.jpg 768w, https:\/\/topplant.pl\/wp-content\/uploads\/2016\/10\/nobelis_krans_med_tomte_o_god_julskylt-306x300.jpg 306w\" sizes=\"(max-width: 584px) 100vw, 584px\" \/><\/a> <a href=\"https:\/\/topplant.pl\/wp-content\/uploads\/2016\/10\/nobiliskrans_med_tallkottar_o_rodvit_rosett.jpg\" rel=\"attachment wp-att-1288\"><img decoding=\"async\" class=\"aligncenter size-large wp-image-1288\" src=\"https:\/\/topplant.pl\/wp-content\/uploads\/2016\/10\/nobiliskrans_med_tallkottar_o_rodvit_rosett-1024x1008.jpg\" alt=\"nobiliskrans_med_tallkottar_o_rodvit_rosett\" width=\"584\" height=\"575\" srcset=\"https:\/\/topplant.pl\/wp-content\/uploads\/2016\/10\/nobiliskrans_med_tallkottar_o_rodvit_rosett-1024x1008.jpg 1024w, https:\/\/topplant.pl\/wp-content\/uploads\/2016\/10\/nobiliskrans_med_tallkottar_o_rodvit_rosett-300x295.jpg 300w, https:\/\/topplant.pl\/wp-content\/uploads\/2016\/10\/nobiliskrans_med_tallkottar_o_rodvit_rosett-768x756.jpg 768w, https:\/\/topplant.pl\/wp-content\/uploads\/2016\/10\/nobiliskrans_med_tallkottar_o_rodvit_rosett-305x300.jpg 305w\" sizes=\"(max-width: 584px) 100vw, 584px\" \/><\/a> <a href=\"https:\/\/topplant.pl\/wp-content\/uploads\/2016\/10\/w.jpg\" rel=\"attachment wp-att-1289\"><img decoding=\"async\" class=\"aligncenter size-large wp-image-1289\" src=\"https:\/\/topplant.pl\/wp-content\/uploads\/2016\/10\/w.jpg\" alt=\"w\" width=\"534\" height=\"800\" srcset=\"https:\/\/topplant.pl\/wp-content\/uploads\/2016\/10\/w.jpg 534w, https:\/\/topplant.pl\/wp-content\/uploads\/2016\/10\/w-200x300.jpg 200w\" sizes=\"(max-width: 534px) 100vw, 534px\" \/><\/a> <a href=\"https:\/\/topplant.pl\/wp-content\/uploads\/2016\/10\/williamsburg_orange_wreath_1194645831_17270104-1.jpg\" rel=\"attachment wp-att-1290\"><img decoding=\"async\" class=\"aligncenter size-large wp-image-1290\" src=\"https:\/\/topplant.pl\/wp-content\/uploads\/2016\/10\/williamsburg_orange_wreath_1194645831_17270104-1.jpg\" alt=\"williamsburg_orange_wreath_1194645831_17270104\" width=\"584\" height=\"579\" srcset=\"https:\/\/topplant.pl\/wp-content\/uploads\/2016\/10\/williamsburg_orange_wreath_1194645831_17270104-1.jpg 754w, https:\/\/topplant.pl\/wp-content\/uploads\/2016\/10\/williamsburg_orange_wreath_1194645831_17270104-1-150x150.jpg 150w, https:\/\/topplant.pl\/wp-content\/uploads\/2016\/10\/williamsburg_orange_wreath_1194645831_17270104-1-300x297.jpg 300w, https:\/\/topplant.pl\/wp-content\/uploads\/2016\/10\/williamsburg_orange_wreath_1194645831_17270104-1-303x300.jpg 303w\" sizes=\"(max-width: 584px) 100vw, 584px\" \/><\/a><\/p>\n<p>Zdj\u0119cia nie s\u0105 nasze. \u0179r\u00f3d\u0142a internetowe: google.com \/ pinterest.com \/ wnpr.com \/ Kransmakaren.se \/\u00a0agnieszkabuchta.pl \/\u00a0christadelgado.com \/<\/p>\n","protected":false},"excerpt":{"rendered":"<p>&nbsp; Zdj\u0119cia nie s\u0105 nasze. \u0179r\u00f3d\u0142a internetowe: google.com \/ pinterest.com \/ wnpr.com \/ Kransmakaren.se \/\u00a0agnieszkabuchta.pl \/\u00a0christadelgado.com \/<\/p>\n","protected":false},"author":2,"featured_media":0,"parent":0,"menu_order":0,"comment_status":"closed","ping_status":"closed","template":"sidebar-page.php","meta":[],"yoast_head":"<!-- This site is optimized with the Yoast SEO plugin v20.2.1 - https:\/\/yoast.com\/wordpress\/plugins\/seo\/ -->\n<title>Wianki - inspiracje &nbsp;<\/title>\n<meta name=\"robots\" content=\"index, follow, max-snippet:-1, max-image-preview:large, max-video-preview:-1\" \/>\n<link rel=\"canonical\" href=\"https:\/\/topplant.pl\/wianki-inspiracje\/\" \/>\n<meta property=\"og:locale\" content=\"de_DE\" \/>\n<meta property=\"og:type\" content=\"article\" \/>\n<meta property=\"og:title\" content=\"Wianki - inspiracje &nbsp;\" \/>\n<meta property=\"og:description\" content=\"&nbsp; Zdj\u0119cia nie s\u0105 nasze. \u0179r\u00f3d\u0142a internetowe: google.com \/ pinterest.com \/ wnpr.com \/ Kransmakaren.se \/\u00a0agnieszkabuchta.pl \/\u00a0christadelgado.com \/\" \/>\n<meta property=\"og:url\" content=\"https:\/\/topplant.pl\/wianki-inspiracje\/\" \/>\n<meta property=\"og:site_name\" content=\"TOP-PLANT\" \/>\n<meta property=\"article:publisher\" content=\"https:\/\/www.facebook.com\/Centrum-Ogrodnicze-Top-Plant-Szczecin-317711855543144\" \/>\n<meta property=\"article:modified_time\" content=\"2016-10-27T11:29:14+00:00\" \/>\n<meta property=\"og:image\" content=\"https:\/\/topplant.pl\/wp-content\/uploads\/2016\/10\/1-1-1024x713.jpg\" \/>\n<meta name=\"twitter:card\" content=\"summary_large_image\" \/>\n<script type=\"application\/ld+json\" class=\"yoast-schema-graph\">{\"@context\":\"https:\/\/schema.org\",\"@graph\":[{\"@type\":\"WebPage\",\"@id\":\"https:\/\/topplant.pl\/wianki-inspiracje\/\",\"url\":\"https:\/\/topplant.pl\/wianki-inspiracje\/\",\"name\":\"Wianki - inspiracje &nbsp;\",\"isPartOf\":{\"@id\":\"https:\/\/topplant.pl\/#website\"},\"datePublished\":\"2016-10-27T10:55:44+00:00\",\"dateModified\":\"2016-10-27T11:29:14+00:00\",\"breadcrumb\":{\"@id\":\"https:\/\/topplant.pl\/wianki-inspiracje\/#breadcrumb\"},\"inLanguage\":\"de-DE\",\"potentialAction\":[{\"@type\":\"ReadAction\",\"target\":[\"https:\/\/topplant.pl\/wianki-inspiracje\/\"]}]},{\"@type\":\"BreadcrumbList\",\"@id\":\"https:\/\/topplant.pl\/wianki-inspiracje\/#breadcrumb\",\"itemListElement\":[{\"@type\":\"ListItem\",\"position\":1,\"name\":\"Strona g\u0142\u00f3wna\",\"item\":\"https:\/\/topplant.pl\/\"},{\"@type\":\"ListItem\",\"position\":2,\"name\":\"Wianki &#8211; inspiracje\"}]},{\"@type\":\"WebSite\",\"@id\":\"https:\/\/topplant.pl\/#website\",\"url\":\"https:\/\/topplant.pl\/\",\"name\":\"Centrum Ogrodnicze TOP-PLANT\",\"description\":\"Producent kwiat\u00f3w, sadzonek, owoc\u00f3w truskawek i malin\",\"publisher\":{\"@id\":\"https:\/\/topplant.pl\/#organization\"},\"potentialAction\":[{\"@type\":\"SearchAction\",\"target\":{\"@type\":\"EntryPoint\",\"urlTemplate\":\"https:\/\/topplant.pl\/?s={search_term_string}\"},\"query-input\":\"required name=search_term_string\"}],\"inLanguage\":\"de-DE\"},{\"@type\":\"Organization\",\"@id\":\"https:\/\/topplant.pl\/#organization\",\"name\":\"Centrum Ogrodnicze TOP-PLANT\",\"url\":\"https:\/\/topplant.pl\/\",\"logo\":{\"@type\":\"ImageObject\",\"inLanguage\":\"de-DE\",\"@id\":\"https:\/\/topplant.pl\/#\/schema\/logo\/image\/\",\"url\":\"https:\/\/topplant.pl\/wp-content\/uploads\/2018\/01\/baner-10_bratek_nowe_logo.jpg\",\"contentUrl\":\"https:\/\/topplant.pl\/wp-content\/uploads\/2018\/01\/baner-10_bratek_nowe_logo.jpg\",\"width\":1000,\"height\":320,\"caption\":\"Centrum Ogrodnicze TOP-PLANT\"},\"image\":{\"@id\":\"https:\/\/topplant.pl\/#\/schema\/logo\/image\/\"},\"sameAs\":[\"https:\/\/www.facebook.com\/Centrum-Ogrodnicze-Top-Plant-Szczecin-317711855543144\"]}]}<\/script>\n<!-- \/ Yoast SEO plugin. -->","yoast_head_json":{"title":"Wianki - inspiracje &nbsp;","robots":{"index":"index","follow":"follow","max-snippet":"max-snippet:-1","max-image-preview":"max-image-preview:large","max-video-preview":"max-video-preview:-1"},"canonical":"https:\/\/topplant.pl\/wianki-inspiracje\/","og_locale":"de_DE","og_type":"article","og_title":"Wianki - inspiracje &nbsp;","og_description":"&nbsp; Zdj\u0119cia nie s\u0105 nasze. \u0179r\u00f3d\u0142a internetowe: google.com \/ pinterest.com \/ wnpr.com \/ Kransmakaren.se \/\u00a0agnieszkabuchta.pl \/\u00a0christadelgado.com \/","og_url":"https:\/\/topplant.pl\/wianki-inspiracje\/","og_site_name":"TOP-PLANT","article_publisher":"https:\/\/www.facebook.com\/Centrum-Ogrodnicze-Top-Plant-Szczecin-317711855543144","article_modified_time":"2016-10-27T11:29:14+00:00","og_image":[{"url":"https:\/\/topplant.pl\/wp-content\/uploads\/2016\/10\/1-1-1024x713.jpg"}],"twitter_card":"summary_large_image","schema":{"@context":"https:\/\/schema.org","@graph":[{"@type":"WebPage","@id":"https:\/\/topplant.pl\/wianki-inspiracje\/","url":"https:\/\/topplant.pl\/wianki-inspiracje\/","name":"Wianki - inspiracje &nbsp;","isPartOf":{"@id":"https:\/\/topplant.pl\/#website"},"datePublished":"2016-10-27T10:55:44+00:00","dateModified":"2016-10-27T11:29:14+00:00","breadcrumb":{"@id":"https:\/\/topplant.pl\/wianki-inspiracje\/#breadcrumb"},"inLanguage":"de-DE","potentialAction":[{"@type":"ReadAction","target":["https:\/\/topplant.pl\/wianki-inspiracje\/"]}]},{"@type":"BreadcrumbList","@id":"https:\/\/topplant.pl\/wianki-inspiracje\/#breadcrumb","itemListElement":[{"@type":"ListItem","position":1,"name":"Strona g\u0142\u00f3wna","item":"https:\/\/topplant.pl\/"},{"@type":"ListItem","position":2,"name":"Wianki &#8211; inspiracje"}]},{"@type":"WebSite","@id":"https:\/\/topplant.pl\/#website","url":"https:\/\/topplant.pl\/","name":"Centrum Ogrodnicze TOP-PLANT","description":"Producent kwiat\u00f3w, sadzonek, owoc\u00f3w truskawek i malin","publisher":{"@id":"https:\/\/topplant.pl\/#organization"},"potentialAction":[{"@type":"SearchAction","target":{"@type":"EntryPoint","urlTemplate":"https:\/\/topplant.pl\/?s={search_term_string}"},"query-input":"required name=search_term_string"}],"inLanguage":"de-DE"},{"@type":"Organization","@id":"https:\/\/topplant.pl\/#organization","name":"Centrum Ogrodnicze TOP-PLANT","url":"https:\/\/topplant.pl\/","logo":{"@type":"ImageObject","inLanguage":"de-DE","@id":"https:\/\/topplant.pl\/#\/schema\/logo\/image\/","url":"https:\/\/topplant.pl\/wp-content\/uploads\/2018\/01\/baner-10_bratek_nowe_logo.jpg","contentUrl":"https:\/\/topplant.pl\/wp-content\/uploads\/2018\/01\/baner-10_bratek_nowe_logo.jpg","width":1000,"height":320,"caption":"Centrum Ogrodnicze TOP-PLANT"},"image":{"@id":"https:\/\/topplant.pl\/#\/schema\/logo\/image\/"},"sameAs":["https:\/\/www.facebook.com\/Centrum-Ogrodnicze-Top-Plant-Szczecin-317711855543144"]}]}},"_links":{"self":[{"href":"https:\/\/topplant.pl\/de\/wp-json\/wp\/v2\/pages\/1267"}],"collection":[{"href":"https:\/\/topplant.pl\/de\/wp-json\/wp\/v2\/pages"}],"about":[{"href":"https:\/\/topplant.pl\/de\/wp-json\/wp\/v2\/types\/page"}],"author":[{"embeddable":true,"href":"https:\/\/topplant.pl\/de\/wp-json\/wp\/v2\/users\/2"}],"replies":[{"embeddable":true,"href":"https:\/\/topplant.pl\/de\/wp-json\/wp\/v2\/comments?post=1267"}],"version-history":[{"count":0,"href":"https:\/\/topplant.pl\/de\/wp-json\/wp\/v2\/pages\/1267\/revisions"}],"wp:attachment":[{"href":"https:\/\/topplant.pl\/de\/wp-json\/wp\/v2\/media?parent=1267"}],"curies":[{"name":"wp","href":"https:\/\/api.w.org\/{rel}","templated":true}]}}