{"id":1204,"date":"2016-05-28T13:33:32","date_gmt":"2016-05-28T11:33:32","guid":{"rendered":"https:\/\/topplant.pl\/?page_id=1204"},"modified":"2019-03-04T12:31:01","modified_gmt":"2019-03-04T11:31:01","slug":"rabatte-und-gartenblumen","status":"publish","type":"page","link":"https:\/\/topplant.pl\/de\/rabatte-und-gartenblumen\/","title":{"rendered":"Rabatte- und Gartenblumen"},"content":{"rendered":"<p><img decoding=\"async\" class=\"alignnone size-large wp-image-1626\" src=\"https:\/\/topplant.pl\/wp-content\/uploads\/2016\/05\/2016-07-13-12.42.43-1024x768.jpg\" alt=\"\" width=\"584\" height=\"438\" srcset=\"https:\/\/topplant.pl\/wp-content\/uploads\/2016\/05\/2016-07-13-12.42.43-1024x768.jpg 1024w, https:\/\/topplant.pl\/wp-content\/uploads\/2016\/05\/2016-07-13-12.42.43-300x225.jpg 300w, https:\/\/topplant.pl\/wp-content\/uploads\/2016\/05\/2016-07-13-12.42.43-768x576.jpg 768w, https:\/\/topplant.pl\/wp-content\/uploads\/2016\/05\/2016-07-13-12.42.43-400x300.jpg 400w\" sizes=\"(max-width: 584px) 100vw, 584px\" \/> <img decoding=\"async\" class=\"alignnone size-large wp-image-1625\" src=\"https:\/\/topplant.pl\/wp-content\/uploads\/2016\/05\/2016-07-13-12.44.57-1024x768.jpg\" alt=\"\" width=\"584\" height=\"438\" srcset=\"https:\/\/topplant.pl\/wp-content\/uploads\/2016\/05\/2016-07-13-12.44.57-1024x768.jpg 1024w, https:\/\/topplant.pl\/wp-content\/uploads\/2016\/05\/2016-07-13-12.44.57-300x225.jpg 300w, https:\/\/topplant.pl\/wp-content\/uploads\/2016\/05\/2016-07-13-12.44.57-768x576.jpg 768w, https:\/\/topplant.pl\/wp-content\/uploads\/2016\/05\/2016-07-13-12.44.57-400x300.jpg 400w\" sizes=\"(max-width: 584px) 100vw, 584px\" \/><\/p>\n<div id=\"attachment_1624\" style=\"width: 594px\" class=\"wp-caption alignnone\"><img aria-describedby=\"caption-attachment-1624\" decoding=\"async\" class=\"size-large wp-image-1624\" src=\"https:\/\/topplant.pl\/wp-content\/uploads\/2016\/05\/2016-07-13-12.38.06-1024x768.jpg\" alt=\"\" width=\"584\" height=\"438\" srcset=\"https:\/\/topplant.pl\/wp-content\/uploads\/2016\/05\/2016-07-13-12.38.06-1024x768.jpg 1024w, https:\/\/topplant.pl\/wp-content\/uploads\/2016\/05\/2016-07-13-12.38.06-300x225.jpg 300w, https:\/\/topplant.pl\/wp-content\/uploads\/2016\/05\/2016-07-13-12.38.06-768x576.jpg 768w, https:\/\/topplant.pl\/wp-content\/uploads\/2016\/05\/2016-07-13-12.38.06-400x300.jpg 400w\" sizes=\"(max-width: 584px) 100vw, 584px\" \/><p id=\"caption-attachment-1624\" class=\"wp-caption-text\">Gartenbauzentrum TOP-PLANT Szczecin<\/p><\/div>\n<p>Wie jedes Jahr haben Wir f\u00fcr Sie ein einmaliges Angebot vorbereitet:<br \/>\nDie Blumen auf den Balkon und den Garten<br \/>\nEinj\u00e4hrige Pflanzen:<br \/>\n<img decoding=\"async\" class=\"size-medium wp-image-1208 alignright\" src=\"https:\/\/topplant.pl\/wp-content\/uploads\/2016\/05\/Balconni\u00e8re_de_surfinia_-_panoramio-300x225.jpg\" alt=\"OLYMPUS DIGITAL CAMERA\" width=\"300\" height=\"225\" srcset=\"https:\/\/topplant.pl\/wp-content\/uploads\/2016\/05\/Balconni\u00e8re_de_surfinia_-_panoramio-300x225.jpg 300w, https:\/\/topplant.pl\/wp-content\/uploads\/2016\/05\/Balconni\u00e8re_de_surfinia_-_panoramio-768x576.jpg 768w, https:\/\/topplant.pl\/wp-content\/uploads\/2016\/05\/Balconni\u00e8re_de_surfinia_-_panoramio-1024x768.jpg 1024w, https:\/\/topplant.pl\/wp-content\/uploads\/2016\/05\/Balconni\u00e8re_de_surfinia_-_panoramio-400x300.jpg 400w, https:\/\/topplant.pl\/wp-content\/uploads\/2016\/05\/Balconni\u00e8re_de_surfinia_-_panoramio.jpg 2048w\" sizes=\"(max-width: 300px) 100vw, 300px\" \/><\/p>\n<ul>\n<li>Pelargonia,<\/li>\n<li>Petunia,<\/li>\n<li>Begonia ( knollenartig als auch immer bl\u00fchende ),<\/li>\n<li>Springkr\u00e4uter,<\/li>\n<li>Fettbl\u00e4tter,<\/li>\n<li>Fuchsie,<\/li>\n<li>Blaue Lobelie,<\/li>\n<li>Samtblume,<\/li>\n<li>Gew\u00f6hnlicher Leberbalsam,<\/li>\n<li>Heliotrop,<\/li>\n<li>Die Stauden.<\/li>\n<\/ul>\n<p><iframe loading=\"lazy\" src=\"https:\/\/www.google.com\/maps\/embed?pb=!1m14!1m8!1m3!1d131255.69590079843!2d14.373713242151737!3d53.408565541570226!3m2!1i1024!2i768!4f13.1!3m3!1m2!1s0x0%3A0xa2b84ee56766aead!2sCentrum+Ogrodnicze+TOP-PLANT!5e1!3m2!1spl!2spl!4v1506774213598\" width=\"100%\" height=\"450\" frameborder=\"0\" style=\"border:0\" allowfullscreen><\/iframe><\/p>","protected":false},"excerpt":{"rendered":"<p>Wie jedes Jahr haben Wir f\u00fcr Sie ein einmaliges Angebot vorbereitet: Die Blumen auf den Balkon und den Garten Einj\u00e4hrige Pflanzen: Pelargonia, Petunia, Begonia ( knollenartig als auch immer bl\u00fchende ), Springkr\u00e4uter, Fettbl\u00e4tter, Fuchsie, Blaue Lobelie, Samtblume, Gew\u00f6hnlicher Leberbalsam, Heliotrop, &hellip; <a href=\"https:\/\/topplant.pl\/de\/rabatte-und-gartenblumen\/\">Weiterlesen <span class=\"meta-nav\">&rarr;<\/span><\/a><\/p>\n","protected":false},"author":2,"featured_media":0,"parent":0,"menu_order":0,"comment_status":"closed","ping_status":"closed","template":"sidebar-page.php","meta":[],"yoast_head":"<!-- This site is optimized with the Yoast SEO plugin v20.2.1 - https:\/\/yoast.com\/wordpress\/plugins\/seo\/ -->\n<title>Centrum ogrodnicze - kwiaty doniczkowe\u00a0<\/title>\n<meta name=\"description\" content=\"Nasze centrum ogrodnicze oferuje sadzonki kwiat\u00f3w doniczkowych, rabatowych, a tak\u017ce rozsady warzyw. Top Plant ze Szczecina zapewnia wysok\u0105 jako\u015b\u0107.\" \/>\n<meta name=\"robots\" content=\"index, follow, max-snippet:-1, max-image-preview:large, max-video-preview:-1\" \/>\n<link rel=\"canonical\" href=\"https:\/\/topplant.pl\/rabatte-und-gartenblumen\/\" \/>\n<meta property=\"og:locale\" content=\"de_DE\" \/>\n<meta property=\"og:type\" content=\"article\" \/>\n<meta property=\"og:title\" content=\"Centrum ogrodnicze - kwiaty doniczkowe\u00a0\" \/>\n<meta property=\"og:description\" content=\"Nasze centrum ogrodnicze oferuje sadzonki kwiat\u00f3w doniczkowych, rabatowych, a tak\u017ce rozsady warzyw. Top Plant ze Szczecina zapewnia wysok\u0105 jako\u015b\u0107.\" \/>\n<meta property=\"og:url\" content=\"https:\/\/topplant.pl\/rabatte-und-gartenblumen\/\" \/>\n<meta property=\"og:site_name\" content=\"TOP-PLANT\" \/>\n<meta property=\"article:publisher\" content=\"https:\/\/www.facebook.com\/Centrum-Ogrodnicze-Top-Plant-Szczecin-317711855543144\" \/>\n<meta property=\"article:modified_time\" content=\"2019-03-04T11:31:01+00:00\" \/>\n<meta property=\"og:image\" content=\"https:\/\/topplant.pl\/wp-content\/uploads\/2016\/05\/2016-07-13-12.38.06-1024x768.jpg\" \/>\n<meta name=\"twitter:card\" content=\"summary_large_image\" \/>\n<meta name=\"twitter:label1\" content=\"Gesch\u00e4tzte Lesezeit\" \/>\n\t<meta name=\"twitter:data1\" content=\"2 Minuten\" \/>\n<script type=\"application\/ld+json\" class=\"yoast-schema-graph\">{\"@context\":\"https:\/\/schema.org\",\"@graph\":[{\"@type\":\"WebPage\",\"@id\":\"https:\/\/topplant.pl\/rabatte-und-gartenblumen\/\",\"url\":\"https:\/\/topplant.pl\/rabatte-und-gartenblumen\/\",\"name\":\"Centrum ogrodnicze - kwiaty doniczkowe\u00a0\",\"isPartOf\":{\"@id\":\"https:\/\/topplant.pl\/#website\"},\"datePublished\":\"2016-05-28T11:33:32+00:00\",\"dateModified\":\"2019-03-04T11:31:01+00:00\",\"description\":\"Nasze centrum ogrodnicze oferuje sadzonki kwiat\u00f3w doniczkowych, rabatowych, a tak\u017ce rozsady warzyw. Top Plant ze Szczecina zapewnia wysok\u0105 jako\u015b\u0107.\",\"breadcrumb\":{\"@id\":\"https:\/\/topplant.pl\/rabatte-und-gartenblumen\/#breadcrumb\"},\"inLanguage\":\"de-DE\",\"potentialAction\":[{\"@type\":\"ReadAction\",\"target\":[\"https:\/\/topplant.pl\/rabatte-und-gartenblumen\/\"]}]},{\"@type\":\"BreadcrumbList\",\"@id\":\"https:\/\/topplant.pl\/rabatte-und-gartenblumen\/#breadcrumb\",\"itemListElement\":[{\"@type\":\"ListItem\",\"position\":1,\"name\":\"Strona g\u0142\u00f3wna\",\"item\":\"https:\/\/topplant.pl\/\"},{\"@type\":\"ListItem\",\"position\":2,\"name\":\"Centrum Ogrodnicze Top Plant &#8211; Szczecin\"}]},{\"@type\":\"WebSite\",\"@id\":\"https:\/\/topplant.pl\/#website\",\"url\":\"https:\/\/topplant.pl\/\",\"name\":\"Centrum Ogrodnicze TOP-PLANT\",\"description\":\"Producent kwiat\u00f3w, sadzonek, owoc\u00f3w truskawek i malin\",\"publisher\":{\"@id\":\"https:\/\/topplant.pl\/#organization\"},\"potentialAction\":[{\"@type\":\"SearchAction\",\"target\":{\"@type\":\"EntryPoint\",\"urlTemplate\":\"https:\/\/topplant.pl\/?s={search_term_string}\"},\"query-input\":\"required name=search_term_string\"}],\"inLanguage\":\"de-DE\"},{\"@type\":\"Organization\",\"@id\":\"https:\/\/topplant.pl\/#organization\",\"name\":\"Centrum Ogrodnicze TOP-PLANT\",\"url\":\"https:\/\/topplant.pl\/\",\"logo\":{\"@type\":\"ImageObject\",\"inLanguage\":\"de-DE\",\"@id\":\"https:\/\/topplant.pl\/#\/schema\/logo\/image\/\",\"url\":\"https:\/\/topplant.pl\/wp-content\/uploads\/2018\/01\/baner-10_bratek_nowe_logo.jpg\",\"contentUrl\":\"https:\/\/topplant.pl\/wp-content\/uploads\/2018\/01\/baner-10_bratek_nowe_logo.jpg\",\"width\":1000,\"height\":320,\"caption\":\"Centrum Ogrodnicze TOP-PLANT\"},\"image\":{\"@id\":\"https:\/\/topplant.pl\/#\/schema\/logo\/image\/\"},\"sameAs\":[\"https:\/\/www.facebook.com\/Centrum-Ogrodnicze-Top-Plant-Szczecin-317711855543144\"]}]}<\/script>\n<!-- \/ Yoast SEO plugin. -->","yoast_head_json":{"title":"Centrum ogrodnicze - kwiaty doniczkowe\u00a0","description":"Nasze centrum ogrodnicze oferuje sadzonki kwiat\u00f3w doniczkowych, rabatowych, a tak\u017ce rozsady warzyw. Top Plant ze Szczecina zapewnia wysok\u0105 jako\u015b\u0107.","robots":{"index":"index","follow":"follow","max-snippet":"max-snippet:-1","max-image-preview":"max-image-preview:large","max-video-preview":"max-video-preview:-1"},"canonical":"https:\/\/topplant.pl\/rabatte-und-gartenblumen\/","og_locale":"de_DE","og_type":"article","og_title":"Centrum ogrodnicze - kwiaty doniczkowe\u00a0","og_description":"Nasze centrum ogrodnicze oferuje sadzonki kwiat\u00f3w doniczkowych, rabatowych, a tak\u017ce rozsady warzyw. Top Plant ze Szczecina zapewnia wysok\u0105 jako\u015b\u0107.","og_url":"https:\/\/topplant.pl\/rabatte-und-gartenblumen\/","og_site_name":"TOP-PLANT","article_publisher":"https:\/\/www.facebook.com\/Centrum-Ogrodnicze-Top-Plant-Szczecin-317711855543144","article_modified_time":"2019-03-04T11:31:01+00:00","og_image":[{"url":"https:\/\/topplant.pl\/wp-content\/uploads\/2016\/05\/2016-07-13-12.38.06-1024x768.jpg"}],"twitter_card":"summary_large_image","twitter_misc":{"Gesch\u00e4tzte Lesezeit":"2 Minuten"},"schema":{"@context":"https:\/\/schema.org","@graph":[{"@type":"WebPage","@id":"https:\/\/topplant.pl\/rabatte-und-gartenblumen\/","url":"https:\/\/topplant.pl\/rabatte-und-gartenblumen\/","name":"Centrum ogrodnicze - kwiaty doniczkowe\u00a0","isPartOf":{"@id":"https:\/\/topplant.pl\/#website"},"datePublished":"2016-05-28T11:33:32+00:00","dateModified":"2019-03-04T11:31:01+00:00","description":"Nasze centrum ogrodnicze oferuje sadzonki kwiat\u00f3w doniczkowych, rabatowych, a tak\u017ce rozsady warzyw. Top Plant ze Szczecina zapewnia wysok\u0105 jako\u015b\u0107.","breadcrumb":{"@id":"https:\/\/topplant.pl\/rabatte-und-gartenblumen\/#breadcrumb"},"inLanguage":"de-DE","potentialAction":[{"@type":"ReadAction","target":["https:\/\/topplant.pl\/rabatte-und-gartenblumen\/"]}]},{"@type":"BreadcrumbList","@id":"https:\/\/topplant.pl\/rabatte-und-gartenblumen\/#breadcrumb","itemListElement":[{"@type":"ListItem","position":1,"name":"Strona g\u0142\u00f3wna","item":"https:\/\/topplant.pl\/"},{"@type":"ListItem","position":2,"name":"Centrum Ogrodnicze Top Plant &#8211; Szczecin"}]},{"@type":"WebSite","@id":"https:\/\/topplant.pl\/#website","url":"https:\/\/topplant.pl\/","name":"Centrum Ogrodnicze TOP-PLANT","description":"Producent kwiat\u00f3w, sadzonek, owoc\u00f3w truskawek i malin","publisher":{"@id":"https:\/\/topplant.pl\/#organization"},"potentialAction":[{"@type":"SearchAction","target":{"@type":"EntryPoint","urlTemplate":"https:\/\/topplant.pl\/?s={search_term_string}"},"query-input":"required name=search_term_string"}],"inLanguage":"de-DE"},{"@type":"Organization","@id":"https:\/\/topplant.pl\/#organization","name":"Centrum Ogrodnicze TOP-PLANT","url":"https:\/\/topplant.pl\/","logo":{"@type":"ImageObject","inLanguage":"de-DE","@id":"https:\/\/topplant.pl\/#\/schema\/logo\/image\/","url":"https:\/\/topplant.pl\/wp-content\/uploads\/2018\/01\/baner-10_bratek_nowe_logo.jpg","contentUrl":"https:\/\/topplant.pl\/wp-content\/uploads\/2018\/01\/baner-10_bratek_nowe_logo.jpg","width":1000,"height":320,"caption":"Centrum Ogrodnicze TOP-PLANT"},"image":{"@id":"https:\/\/topplant.pl\/#\/schema\/logo\/image\/"},"sameAs":["https:\/\/www.facebook.com\/Centrum-Ogrodnicze-Top-Plant-Szczecin-317711855543144"]}]}},"_links":{"self":[{"href":"https:\/\/topplant.pl\/de\/wp-json\/wp\/v2\/pages\/1204"}],"collection":[{"href":"https:\/\/topplant.pl\/de\/wp-json\/wp\/v2\/pages"}],"about":[{"href":"https:\/\/topplant.pl\/de\/wp-json\/wp\/v2\/types\/page"}],"author":[{"embeddable":true,"href":"https:\/\/topplant.pl\/de\/wp-json\/wp\/v2\/users\/2"}],"replies":[{"embeddable":true,"href":"https:\/\/topplant.pl\/de\/wp-json\/wp\/v2\/comments?post=1204"}],"version-history":[{"count":18,"href":"https:\/\/topplant.pl\/de\/wp-json\/wp\/v2\/pages\/1204\/revisions"}],"predecessor-version":[{"id":2132,"href":"https:\/\/topplant.pl\/de\/wp-json\/wp\/v2\/pages\/1204\/revisions\/2132"}],"wp:attachment":[{"href":"https:\/\/topplant.pl\/de\/wp-json\/wp\/v2\/media?parent=1204"}],"curies":[{"name":"wp","href":"https:\/\/api.w.org\/{rel}","templated":true}]}}