{"id":1188,"date":"2016-05-10T18:03:09","date_gmt":"2016-05-10T16:03:09","guid":{"rendered":"https:\/\/topplant.pl\/?page_id=1188"},"modified":"2022-02-06T15:05:39","modified_gmt":"2022-02-06T14:05:39","slug":"work-offer-pl","status":"publish","type":"page","link":"https:\/\/topplant.pl\/de\/work-offer-pl\/","title":{"rendered":"Oferta pracy &#8211; dla absolwent\u00f3w ogrodnictwa i rolnictwa"},"content":{"rendered":"<p style=\"text-align: center;\"><strong>dla absolwent\u00f3w ogrodnictwa i rolnictwa<\/strong><\/p>\n<p style=\"text-align: justify;\">TOP-PLANT jest jednym z najwi\u0119kszych w regionie producent\u00f3w owoc\u00f3w truskawek. Ca\u0142o\u015b\u0107 naszej produkcji obejmuje ok. 10 hektar\u00f3w szklarni. Zajmujemy si\u0119 truskawkami od 4 pokole\u0144. Nasze owoce sprzedajemy w Polsce, Niemczech i w krajach Bliskiego Wschodu (transport lotniczy).<\/p>\n<p>Prowadzimy r\u00f3wnie\u017c sie\u0107 30 sklep\u00f3w internetowych z sadzonkami truskawek na ca\u0142\u0105 Uni\u0119 Europejsk\u0105.<\/p>\n<p style=\"text-align: justify;\"><strong>Szukamy absolwent\u00f3w ogrodnictwa i rolnictwa<\/strong> do naszego zespo\u0142u. Miejsce pracy: Szczecin.<\/p>\n<p><strong>Wymagania:<\/strong><\/p>\n<ul>\n<li>Wykszta\u0142cenie ogrodnicze lub rolnicze<\/li>\n<li>Dobra organizacja pracy i umiej\u0119tno\u015bci ustalania priorytet\u00f3w<\/li>\n<li>Du\u017ca samodzielno\u015b\u0107 w dzia\u0142aniu<\/li>\n<li>Znajomo\u015b\u0107 agrotechniki uprawy truskawek<\/li>\n<li>Dyspozycyjno\u015b\u0107, dok\u0142adno\u015b\u0107, zaanga\u017cowanie<\/li>\n<li>Znajomo\u015b\u0107 pakietu MS Office<\/li>\n<\/ul>\n<p><strong>Zakres obowi\u0105zk\u00f3w, m.in:<\/strong><\/p>\n<ul>\n<li>Organizacja oraz kontrola w zakresie prowadzenia prawid\u0142owej agrotechniki<\/li>\n<li>Obs\u0142uga komputera nawo\u017ceniowego<\/li>\n<li>Przygotowanie nawoz\u00f3w, wg zalece\u0144<\/li>\n<li>Odpowiedzialno\u015b\u0107 za realizacj\u0119 za\u0142o\u017conych cel\u00f3w gospodarstwa<\/li>\n<li>Zarz\u0105dzanie podleg\u0142ymi pracownikami<\/li>\n<li>Nadz\u00f3r nad w\u0142a\u015bciw\u0105 eksploatacj\u0105 maszyn i urz\u0105dze\u0144 ogrodniczych<\/li>\n<\/ul>\n<p><strong>Oferujemy:<\/strong><\/p>\n<ul>\n<li>Atrakcyjne wynagrodzenie!<\/li>\n<li>Prac\u0119 w profesjonalnym i zaanga\u017cowanym zespole<\/li>\n<li>Mo\u017cliwo\u015b\u0107 rozwoju zawodowego przy realizacji ciekawych projekt\u00f3w<\/li>\n<\/ul>\n<p>Prowadzimy najwi\u0119kszy w Polsce sklep internetowy z sadzonkami truskawek:<br \/>\n<a href=\"http:\/\/www.sadzonki-truskawek.eu\">www.sadzonki-truskawek.eu<\/a><\/p>\n<p style=\"text-align: justify;\">Jeste\u015bmy obecni na wielu rynkach polskich i zagranicznych:<br \/>\n<span style=\"color: #ff0000;\"><a href=\"https:\/\/owoce-truskawek.eu\">www.owoce-truskawek.eu<\/a> \/ <a href=\"http:\/\/www.jordgubbar24.se\">www.jordgubbar24.se<\/a> \/ <a href=\"http:\/\/www.strawberry-plants.ie\">www.strawberry-plants.ie \/ <\/a><a href=\"http:\/\/www.sadzonki-frigo.pl\">www.sadzonki-frigo.pl<\/a> \/ <a href=\"http:\/\/strawberry.expert\/AR\/\">www.strawberry.expert<\/a> \/ &nbsp;<a href=\"http:\/\/www.erdbeeren.pl\">www.erdbeeren.pl<\/a> \/ <a href=\"https:\/\/topplant.pl\">www.topplant.pl<\/a> \/ <a href=\"http:\/\/centrum-ogrodnicze.online\/\">www.centrum-ogrodnicze.online<\/a> \/<a href=\"http:\/\/www.krans24.se\"> www.krans24.se<\/a> \/<span style=\"color: #000000;\"> &#8230; oraz wiele innych!<\/span><\/span><\/p>\n<hr>\n<p><strong>Aplikuj teraz:&nbsp;<\/strong><br \/>\nW tytule e-maila napisz &#8220;work application&#8221; i prze\u015blij swoje CV na: krzysztofworoch@gmail.com<\/p>\n<p><strong>Masz pytania?<\/strong> To \u015bwietnie, dzwo\u0144 \u015bmia\u0142o: +48 600 455 257 (Krzysztof)<\/p>\n\n\t\t<style type=\"text\/css\">\n\t\t\t#gallery-1 {\n\t\t\t\tmargin: auto;\n\t\t\t}\n\t\t\t#gallery-1 .gallery-item {\n\t\t\t\tfloat: left;\n\t\t\t\tmargin-top: 10px;\n\t\t\t\ttext-align: center;\n\t\t\t\twidth: 33%;\n\t\t\t}\n\t\t\t#gallery-1 img {\n\t\t\t\tborder: 2px solid #cfcfcf;\n\t\t\t}\n\t\t\t#gallery-1 .gallery-caption {\n\t\t\t\tmargin-left: 0;\n\t\t\t}\n\t\t\t\/* see gallery_shortcode() in wp-includes\/media.php *\/\n\t\t<\/style>\n\t\t<div id='gallery-1' class='gallery galleryid-1188 gallery-columns-3 gallery-size-medium'><dl class='gallery-item'>\n\t\t\t<dt class='gallery-icon landscape'>\n\t\t\t\t<a href='https:\/\/topplant.pl\/wp-content\/uploads\/2022\/02\/DSC_4695-\u2014-2-700x467-1.jpg'><img decoding=\"async\" width=\"300\" height=\"200\" src=\"https:\/\/topplant.pl\/wp-content\/uploads\/2022\/02\/DSC_4695-\u2014-2-700x467-1-300x200.jpg\" class=\"attachment-medium size-medium\" alt=\"\" srcset=\"https:\/\/topplant.pl\/wp-content\/uploads\/2022\/02\/DSC_4695-\u2014-2-700x467-1-300x200.jpg 300w, https:\/\/topplant.pl\/wp-content\/uploads\/2022\/02\/DSC_4695-\u2014-2-700x467-1-450x300.jpg 450w, https:\/\/topplant.pl\/wp-content\/uploads\/2022\/02\/DSC_4695-\u2014-2-700x467-1.jpg 700w\" sizes=\"(max-width: 300px) 100vw, 300px\" \/><\/a>\n\t\t\t<\/dt><\/dl><dl class='gallery-item'>\n\t\t\t<dt class='gallery-icon landscape'>\n\t\t\t\t<a href='https:\/\/topplant.pl\/wp-content\/uploads\/2022\/02\/DSC_4709-\u2014-male1-700x467-1.jpg'><img decoding=\"async\" width=\"300\" height=\"200\" src=\"https:\/\/topplant.pl\/wp-content\/uploads\/2022\/02\/DSC_4709-\u2014-male1-700x467-1-300x200.jpg\" class=\"attachment-medium size-medium\" alt=\"\" srcset=\"https:\/\/topplant.pl\/wp-content\/uploads\/2022\/02\/DSC_4709-\u2014-male1-700x467-1-300x200.jpg 300w, https:\/\/topplant.pl\/wp-content\/uploads\/2022\/02\/DSC_4709-\u2014-male1-700x467-1-450x300.jpg 450w, https:\/\/topplant.pl\/wp-content\/uploads\/2022\/02\/DSC_4709-\u2014-male1-700x467-1.jpg 700w\" sizes=\"(max-width: 300px) 100vw, 300px\" \/><\/a>\n\t\t\t<\/dt><\/dl><dl class='gallery-item'>\n\t\t\t<dt class='gallery-icon landscape'>\n\t\t\t\t<a href='https:\/\/topplant.pl\/wp-content\/uploads\/2017\/02\/22.png'><img decoding=\"async\" width=\"300\" height=\"215\" src=\"https:\/\/topplant.pl\/wp-content\/uploads\/2017\/02\/22-300x215.png\" class=\"attachment-medium size-medium\" alt=\"\u0432\u043b\u0430\u0434\u0435\u043b\u044c\u0446\u044b\" aria-describedby=\"gallery-1-1589\" srcset=\"https:\/\/topplant.pl\/wp-content\/uploads\/2017\/02\/22-300x215.png 300w, https:\/\/topplant.pl\/wp-content\/uploads\/2017\/02\/22.png 419w\" sizes=\"(max-width: 300px) 100vw, 300px\" \/><\/a>\n\t\t\t<\/dt>\n\t\t\t\t<dd class='wp-caption-text gallery-caption' id='gallery-1-1589'>\n\t\t\t\tPraca dla in\u017cyniera ogrodnictwa\n\t\t\t\t<\/dd><\/dl><br style=\"clear: both\" \/><dl class='gallery-item'>\n\t\t\t<dt class='gallery-icon landscape'>\n\t\t\t\t<a href='https:\/\/topplant.pl\/wp-content\/uploads\/2016\/12\/Strawberry-from-TOP-PLANT-Poland-11.jpg'><img decoding=\"async\" width=\"300\" height=\"200\" src=\"https:\/\/topplant.pl\/wp-content\/uploads\/2016\/12\/Strawberry-from-TOP-PLANT-Poland-11-300x200.jpg\" class=\"attachment-medium size-medium\" alt=\"\u0420\u0430\u0431\u043e\u0442\u0430 \u0434\u043b\u044f \u0436\u0435\u043d\u0449\u0438\u043d\" srcset=\"https:\/\/topplant.pl\/wp-content\/uploads\/2016\/12\/Strawberry-from-TOP-PLANT-Poland-11-300x200.jpg 300w, https:\/\/topplant.pl\/wp-content\/uploads\/2016\/12\/Strawberry-from-TOP-PLANT-Poland-11-768x512.jpg 768w, https:\/\/topplant.pl\/wp-content\/uploads\/2016\/12\/Strawberry-from-TOP-PLANT-Poland-11-1024x683.jpg 1024w, https:\/\/topplant.pl\/wp-content\/uploads\/2016\/12\/Strawberry-from-TOP-PLANT-Poland-11-450x300.jpg 450w\" sizes=\"(max-width: 300px) 100vw, 300px\" \/><\/a>\n\t\t\t<\/dt><\/dl><dl class='gallery-item'>\n\t\t\t<dt class='gallery-icon landscape'>\n\t\t\t\t<a href='https:\/\/topplant.pl\/wp-content\/uploads\/2017\/02\/zdj\u0119cia-Karoli-1-1.jpg'><img decoding=\"async\" width=\"300\" height=\"169\" src=\"https:\/\/topplant.pl\/wp-content\/uploads\/2017\/02\/zdj\u0119cia-Karoli-1-1-300x169.jpg\" class=\"attachment-medium size-medium\" alt=\"\u0420\u0430\u0431\u043e\u0442\u0430 \u0429\u0435\u0446\u0438\u043d\" srcset=\"https:\/\/topplant.pl\/wp-content\/uploads\/2017\/02\/zdj\u0119cia-Karoli-1-1-300x169.jpg 300w, https:\/\/topplant.pl\/wp-content\/uploads\/2017\/02\/zdj\u0119cia-Karoli-1-1-768x432.jpg 768w, https:\/\/topplant.pl\/wp-content\/uploads\/2017\/02\/zdj\u0119cia-Karoli-1-1-1024x576.jpg 1024w, https:\/\/topplant.pl\/wp-content\/uploads\/2017\/02\/zdj\u0119cia-Karoli-1-1-500x281.jpg 500w, https:\/\/topplant.pl\/wp-content\/uploads\/2017\/02\/zdj\u0119cia-Karoli-1-1.jpg 1600w\" sizes=\"(max-width: 300px) 100vw, 300px\" \/><\/a>\n\t\t\t<\/dt><\/dl><dl class='gallery-item'>\n\t\t\t<dt class='gallery-icon landscape'>\n\t\t\t\t<a href='https:\/\/topplant.pl\/wp-content\/uploads\/2016\/05\/2.jpg'><img decoding=\"async\" width=\"300\" height=\"169\" src=\"https:\/\/topplant.pl\/wp-content\/uploads\/2016\/05\/2-300x169.jpg\" class=\"attachment-medium size-medium\" alt=\"\" aria-describedby=\"gallery-1-1162\" srcset=\"https:\/\/topplant.pl\/wp-content\/uploads\/2016\/05\/2-300x169.jpg 300w, https:\/\/topplant.pl\/wp-content\/uploads\/2016\/05\/2-768x432.jpg 768w, https:\/\/topplant.pl\/wp-content\/uploads\/2016\/05\/2-1024x576.jpg 1024w, https:\/\/topplant.pl\/wp-content\/uploads\/2016\/05\/2-500x281.jpg 500w, https:\/\/topplant.pl\/wp-content\/uploads\/2016\/05\/2.jpg 1920w\" sizes=\"(max-width: 300px) 100vw, 300px\" \/><\/a>\n\t\t\t<\/dt>\n\t\t\t\t<dd class='wp-caption-text gallery-caption' id='gallery-1-1162'>\n\t\t\t\tpraca in\u017cynier ogrodnictwa\n\t\t\t\t<\/dd><\/dl><br style=\"clear: both\" \/><dl class='gallery-item'>\n\t\t\t<dt class='gallery-icon landscape'>\n\t\t\t\t<a href='https:\/\/topplant.pl\/wp-content\/uploads\/2016\/02\/owoce-truskawek-1.jpg'><img decoding=\"async\" width=\"300\" height=\"225\" src=\"https:\/\/topplant.pl\/wp-content\/uploads\/2016\/02\/owoce-truskawek-1-300x225.jpg\" class=\"attachment-medium size-medium\" alt=\"truskawki\" aria-describedby=\"gallery-1-1078\" srcset=\"https:\/\/topplant.pl\/wp-content\/uploads\/2016\/02\/owoce-truskawek-1-300x225.jpg 300w, https:\/\/topplant.pl\/wp-content\/uploads\/2016\/02\/owoce-truskawek-1-768x576.jpg 768w, https:\/\/topplant.pl\/wp-content\/uploads\/2016\/02\/owoce-truskawek-1-1024x768.jpg 1024w, https:\/\/topplant.pl\/wp-content\/uploads\/2016\/02\/owoce-truskawek-1-400x300.jpg 400w\" sizes=\"(max-width: 300px) 100vw, 300px\" \/><\/a>\n\t\t\t<\/dt>\n\t\t\t\t<dd class='wp-caption-text gallery-caption' id='gallery-1-1078'>\n\t\t\t\tPraca dla in\u017cyniera rolnictwa\n\t\t\t\t<\/dd><\/dl><dl class='gallery-item'>\n\t\t\t<dt class='gallery-icon portrait'>\n\t\t\t\t<a href='https:\/\/topplant.pl\/wp-content\/uploads\/2016\/02\/owoce-truskawek-2.jpg'><img decoding=\"async\" width=\"225\" height=\"300\" src=\"https:\/\/topplant.pl\/wp-content\/uploads\/2016\/02\/owoce-truskawek-2-225x300.jpg\" class=\"attachment-medium size-medium\" alt=\"truskawki\" aria-describedby=\"gallery-1-1079\" srcset=\"https:\/\/topplant.pl\/wp-content\/uploads\/2016\/02\/owoce-truskawek-2-225x300.jpg 225w, https:\/\/topplant.pl\/wp-content\/uploads\/2016\/02\/owoce-truskawek-2-768x1024.jpg 768w, https:\/\/topplant.pl\/wp-content\/uploads\/2016\/02\/owoce-truskawek-2.jpg 1714w\" sizes=\"(max-width: 225px) 100vw, 225px\" \/><\/a>\n\t\t\t<\/dt>\n\t\t\t\t<dd class='wp-caption-text gallery-caption' id='gallery-1-1079'>\n\t\t\t\tpraca in\u017cynier ogrodnictwa\n\t\t\t\t<\/dd><\/dl><dl class='gallery-item'>\n\t\t\t<dt class='gallery-icon landscape'>\n\t\t\t\t<a href='https:\/\/topplant.pl\/wp-content\/uploads\/2016\/02\/TOP-PLANT-POLAND-4.jpg'><img decoding=\"async\" width=\"300\" height=\"140\" src=\"https:\/\/topplant.pl\/wp-content\/uploads\/2016\/02\/TOP-PLANT-POLAND-4-300x140.jpg\" class=\"attachment-medium size-medium\" alt=\"\" srcset=\"https:\/\/topplant.pl\/wp-content\/uploads\/2016\/02\/TOP-PLANT-POLAND-4-300x140.jpg 300w, https:\/\/topplant.pl\/wp-content\/uploads\/2016\/02\/TOP-PLANT-POLAND-4-768x358.jpg 768w, https:\/\/topplant.pl\/wp-content\/uploads\/2016\/02\/TOP-PLANT-POLAND-4-500x233.jpg 500w, https:\/\/topplant.pl\/wp-content\/uploads\/2016\/02\/TOP-PLANT-POLAND-4.jpg 778w\" sizes=\"(max-width: 300px) 100vw, 300px\" \/><\/a>\n\t\t\t<\/dt><\/dl><br style=\"clear: both\" \/><dl class='gallery-item'>\n\t\t\t<dt class='gallery-icon landscape'>\n\t\t\t\t<a href='https:\/\/topplant.pl\/wp-content\/uploads\/2018\/04\/DSC_7495-\u2014-kopia.jpg'><img decoding=\"async\" width=\"300\" height=\"200\" src=\"https:\/\/topplant.pl\/wp-content\/uploads\/2018\/04\/DSC_7495-\u2014-kopia-300x200.jpg\" class=\"attachment-medium size-medium\" alt=\"\" srcset=\"https:\/\/topplant.pl\/wp-content\/uploads\/2018\/04\/DSC_7495-\u2014-kopia-300x200.jpg 300w, https:\/\/topplant.pl\/wp-content\/uploads\/2018\/04\/DSC_7495-\u2014-kopia-768x512.jpg 768w, https:\/\/topplant.pl\/wp-content\/uploads\/2018\/04\/DSC_7495-\u2014-kopia.jpg 1024w, https:\/\/topplant.pl\/wp-content\/uploads\/2018\/04\/DSC_7495-\u2014-kopia-450x300.jpg 450w\" sizes=\"(max-width: 300px) 100vw, 300px\" \/><\/a>\n\t\t\t<\/dt><\/dl>\n\t\t\t<br style='clear: both' \/>\n\t\t<\/div>\n\n","protected":false},"excerpt":{"rendered":"<p>dla absolwent\u00f3w ogrodnictwa i rolnictwa TOP-PLANT jest jednym z najwi\u0119kszych w regionie producent\u00f3w owoc\u00f3w truskawek. Ca\u0142o\u015b\u0107 naszej produkcji obejmuje ok. 10 hektar\u00f3w szklarni. Zajmujemy si\u0119 truskawkami od 4 pokole\u0144. Nasze owoce sprzedajemy w Polsce, Niemczech i w krajach Bliskiego Wschodu &hellip; <a href=\"https:\/\/topplant.pl\/de\/work-offer-pl\/\">Weiterlesen <span class=\"meta-nav\">&rarr;<\/span><\/a><\/p>\n","protected":false},"author":2,"featured_media":0,"parent":0,"menu_order":0,"comment_status":"closed","ping_status":"closed","template":"sidebar-page.php","meta":{"footnotes":""},"class_list":["post-1188","page","type-page","status-publish","hentry"],"yoast_head":"<!-- This site is optimized with the Yoast SEO plugin v20.2.1 - https:\/\/yoast.com\/wordpress\/plugins\/seo\/ -->\n<title>(Polski) Oferta pracy - dla absolwent\u00f3w ogrodnictwa i rolnictwa \u00a0<\/title>\n<meta name=\"robots\" content=\"index, follow, max-snippet:-1, max-image-preview:large, max-video-preview:-1\" \/>\n<link rel=\"canonical\" href=\"https:\/\/topplant.pl\/de\/work-offer-pl\/\" \/>\n<meta property=\"og:locale\" content=\"de_DE\" \/>\n<meta property=\"og:type\" content=\"article\" \/>\n<meta property=\"og:title\" content=\"(Polski) Oferta pracy - dla absolwent\u00f3w ogrodnictwa i rolnictwa \u00a0\" \/>\n<meta property=\"og:description\" content=\"dla absolwent\u00f3w ogrodnictwa i rolnictwa TOP-PLANT jest jednym z najwi\u0119kszych w regionie producent\u00f3w owoc\u00f3w truskawek. Ca\u0142o\u015b\u0107 naszej produkcji obejmuje ok. 10 hektar\u00f3w szklarni. Zajmujemy si\u0119 truskawkami od 4 pokole\u0144. Nasze owoce sprzedajemy w Polsce, Niemczech i w krajach Bliskiego Wschodu &hellip; Weiterlesen &rarr;\" \/>\n<meta property=\"og:url\" content=\"https:\/\/topplant.pl\/de\/work-offer-pl\/\" \/>\n<meta property=\"og:site_name\" content=\"TOP-PLANT\" \/>\n<meta property=\"article:publisher\" content=\"https:\/\/www.facebook.com\/Centrum-Ogrodnicze-Top-Plant-Szczecin-317711855543144\" \/>\n<meta property=\"article:modified_time\" content=\"2022-02-06T14:05:39+00:00\" \/>\n<meta property=\"og:image\" content=\"https:\/\/topplant.pl\/wp-content\/uploads\/2022\/02\/DSC_4695-\u2014-2-700x467-1-300x200.jpg\" \/>\n<meta name=\"twitter:card\" content=\"summary_large_image\" \/>\n<meta name=\"twitter:label1\" content=\"Gesch\u00e4tzte Lesezeit\" \/>\n\t<meta name=\"twitter:data1\" content=\"1\u00a0Minute\" \/>\n<script type=\"application\/ld+json\" class=\"yoast-schema-graph\">{\"@context\":\"https:\/\/schema.org\",\"@graph\":[{\"@type\":\"WebPage\",\"@id\":\"https:\/\/topplant.pl\/de\/work-offer-pl\/\",\"url\":\"https:\/\/topplant.pl\/de\/work-offer-pl\/\",\"name\":\"(Polski) Oferta pracy - dla absolwent\u00f3w ogrodnictwa i rolnictwa \u00a0\",\"isPartOf\":{\"@id\":\"https:\/\/topplant.pl\/#website\"},\"datePublished\":\"2016-05-10T16:03:09+00:00\",\"dateModified\":\"2022-02-06T14:05:39+00:00\",\"breadcrumb\":{\"@id\":\"https:\/\/topplant.pl\/de\/work-offer-pl\/#breadcrumb\"},\"inLanguage\":\"de\",\"potentialAction\":[{\"@type\":\"ReadAction\",\"target\":[\"https:\/\/topplant.pl\/de\/work-offer-pl\/\"]}]},{\"@type\":\"BreadcrumbList\",\"@id\":\"https:\/\/topplant.pl\/de\/work-offer-pl\/#breadcrumb\",\"itemListElement\":[{\"@type\":\"ListItem\",\"position\":1,\"name\":\"Strona g\u0142\u00f3wna\",\"item\":\"https:\/\/topplant.pl\/\"},{\"@type\":\"ListItem\",\"position\":2,\"name\":\"Oferta pracy &#8211; dla absolwent\u00f3w ogrodnictwa i rolnictwa\"}]},{\"@type\":\"WebSite\",\"@id\":\"https:\/\/topplant.pl\/#website\",\"url\":\"https:\/\/topplant.pl\/\",\"name\":\"Centrum Ogrodnicze TOP-PLANT\",\"description\":\"Producent kwiat\u00f3w, sadzonek, owoc\u00f3w truskawek i malin\",\"publisher\":{\"@id\":\"https:\/\/topplant.pl\/#organization\"},\"potentialAction\":[{\"@type\":\"SearchAction\",\"target\":{\"@type\":\"EntryPoint\",\"urlTemplate\":\"https:\/\/topplant.pl\/?s={search_term_string}\"},\"query-input\":\"required name=search_term_string\"}],\"inLanguage\":\"de\"},{\"@type\":\"Organization\",\"@id\":\"https:\/\/topplant.pl\/#organization\",\"name\":\"Centrum Ogrodnicze TOP-PLANT\",\"url\":\"https:\/\/topplant.pl\/\",\"logo\":{\"@type\":\"ImageObject\",\"inLanguage\":\"de\",\"@id\":\"https:\/\/topplant.pl\/#\/schema\/logo\/image\/\",\"url\":\"https:\/\/topplant.pl\/wp-content\/uploads\/2018\/01\/baner-10_bratek_nowe_logo.jpg\",\"contentUrl\":\"https:\/\/topplant.pl\/wp-content\/uploads\/2018\/01\/baner-10_bratek_nowe_logo.jpg\",\"width\":1000,\"height\":320,\"caption\":\"Centrum Ogrodnicze TOP-PLANT\"},\"image\":{\"@id\":\"https:\/\/topplant.pl\/#\/schema\/logo\/image\/\"},\"sameAs\":[\"https:\/\/www.facebook.com\/Centrum-Ogrodnicze-Top-Plant-Szczecin-317711855543144\"]}]}<\/script>\n<!-- \/ Yoast SEO plugin. -->","yoast_head_json":{"title":"(Polski) Oferta pracy - dla absolwent\u00f3w ogrodnictwa i rolnictwa \u00a0","robots":{"index":"index","follow":"follow","max-snippet":"max-snippet:-1","max-image-preview":"max-image-preview:large","max-video-preview":"max-video-preview:-1"},"canonical":"https:\/\/topplant.pl\/de\/work-offer-pl\/","og_locale":"de_DE","og_type":"article","og_title":"(Polski) Oferta pracy - dla absolwent\u00f3w ogrodnictwa i rolnictwa \u00a0","og_description":"dla absolwent\u00f3w ogrodnictwa i rolnictwa TOP-PLANT jest jednym z najwi\u0119kszych w regionie producent\u00f3w owoc\u00f3w truskawek. Ca\u0142o\u015b\u0107 naszej produkcji obejmuje ok. 10 hektar\u00f3w szklarni. Zajmujemy si\u0119 truskawkami od 4 pokole\u0144. Nasze owoce sprzedajemy w Polsce, Niemczech i w krajach Bliskiego Wschodu &hellip; Weiterlesen &rarr;","og_url":"https:\/\/topplant.pl\/de\/work-offer-pl\/","og_site_name":"TOP-PLANT","article_publisher":"https:\/\/www.facebook.com\/Centrum-Ogrodnicze-Top-Plant-Szczecin-317711855543144","article_modified_time":"2022-02-06T14:05:39+00:00","og_image":[{"url":"https:\/\/topplant.pl\/wp-content\/uploads\/2022\/02\/DSC_4695-\u2014-2-700x467-1-300x200.jpg"}],"twitter_card":"summary_large_image","twitter_misc":{"Gesch\u00e4tzte Lesezeit":"1\u00a0Minute"},"schema":{"@context":"https:\/\/schema.org","@graph":[{"@type":"WebPage","@id":"https:\/\/topplant.pl\/de\/work-offer-pl\/","url":"https:\/\/topplant.pl\/de\/work-offer-pl\/","name":"(Polski) Oferta pracy - dla absolwent\u00f3w ogrodnictwa i rolnictwa \u00a0","isPartOf":{"@id":"https:\/\/topplant.pl\/#website"},"datePublished":"2016-05-10T16:03:09+00:00","dateModified":"2022-02-06T14:05:39+00:00","breadcrumb":{"@id":"https:\/\/topplant.pl\/de\/work-offer-pl\/#breadcrumb"},"inLanguage":"de","potentialAction":[{"@type":"ReadAction","target":["https:\/\/topplant.pl\/de\/work-offer-pl\/"]}]},{"@type":"BreadcrumbList","@id":"https:\/\/topplant.pl\/de\/work-offer-pl\/#breadcrumb","itemListElement":[{"@type":"ListItem","position":1,"name":"Strona g\u0142\u00f3wna","item":"https:\/\/topplant.pl\/"},{"@type":"ListItem","position":2,"name":"Oferta pracy &#8211; dla absolwent\u00f3w ogrodnictwa i rolnictwa"}]},{"@type":"WebSite","@id":"https:\/\/topplant.pl\/#website","url":"https:\/\/topplant.pl\/","name":"Centrum Ogrodnicze TOP-PLANT","description":"Producent kwiat\u00f3w, sadzonek, owoc\u00f3w truskawek i malin","publisher":{"@id":"https:\/\/topplant.pl\/#organization"},"potentialAction":[{"@type":"SearchAction","target":{"@type":"EntryPoint","urlTemplate":"https:\/\/topplant.pl\/?s={search_term_string}"},"query-input":"required name=search_term_string"}],"inLanguage":"de"},{"@type":"Organization","@id":"https:\/\/topplant.pl\/#organization","name":"Centrum Ogrodnicze TOP-PLANT","url":"https:\/\/topplant.pl\/","logo":{"@type":"ImageObject","inLanguage":"de","@id":"https:\/\/topplant.pl\/#\/schema\/logo\/image\/","url":"https:\/\/topplant.pl\/wp-content\/uploads\/2018\/01\/baner-10_bratek_nowe_logo.jpg","contentUrl":"https:\/\/topplant.pl\/wp-content\/uploads\/2018\/01\/baner-10_bratek_nowe_logo.jpg","width":1000,"height":320,"caption":"Centrum Ogrodnicze TOP-PLANT"},"image":{"@id":"https:\/\/topplant.pl\/#\/schema\/logo\/image\/"},"sameAs":["https:\/\/www.facebook.com\/Centrum-Ogrodnicze-Top-Plant-Szczecin-317711855543144"]}]}},"_links":{"self":[{"href":"https:\/\/topplant.pl\/de\/wp-json\/wp\/v2\/pages\/1188","targetHints":{"allow":["GET"]}}],"collection":[{"href":"https:\/\/topplant.pl\/de\/wp-json\/wp\/v2\/pages"}],"about":[{"href":"https:\/\/topplant.pl\/de\/wp-json\/wp\/v2\/types\/page"}],"author":[{"embeddable":true,"href":"https:\/\/topplant.pl\/de\/wp-json\/wp\/v2\/users\/2"}],"replies":[{"embeddable":true,"href":"https:\/\/topplant.pl\/de\/wp-json\/wp\/v2\/comments?post=1188"}],"version-history":[{"count":4,"href":"https:\/\/topplant.pl\/de\/wp-json\/wp\/v2\/pages\/1188\/revisions"}],"predecessor-version":[{"id":2667,"href":"https:\/\/topplant.pl\/de\/wp-json\/wp\/v2\/pages\/1188\/revisions\/2667"}],"wp:attachment":[{"href":"https:\/\/topplant.pl\/de\/wp-json\/wp\/v2\/media?parent=1188"}],"curies":[{"name":"wp","href":"https:\/\/api.w.org\/{rel}","templated":true}]}}