{"id":1160,"date":"2016-05-08T19:35:02","date_gmt":"2016-05-08T17:35:02","guid":{"rendered":"https:\/\/topplant.pl\/?page_id=1160"},"modified":"2018-03-19T18:09:24","modified_gmt":"2018-03-19T17:09:24","slug":"work-offer","status":"publish","type":"page","link":"https:\/\/topplant.pl\/de\/work-offer\/","title":{"rendered":"\u0420\u0430\u0431\u043e\u0442\u0430 &#8211; \u0441\u0430\u0434\u043e\u0432\u043e\u0434\u0441\u0442\u0432\u043e"},"content":{"rendered":"<p><\/p>\n<div style=\"background: rgba(255, 255, 0, 0.26); width: 100%; border: 1px solid black; padding: 5px;\">\n<h1 style=\"text-align: center;\">\u0420\u0430\u0431\u043e\u0442\u0430 \u0434\u043b\u044f \u0438\u043d\u0436\u0435\u043d\u0435\u0440\u0430 \u0441\u0435\u043b\u044c\u0441\u043a\u043e\u0433\u043e \u0445\u043e\u0437\u044f\u0439\u0441\u0442\u0432\u0430<\/h1>\n<p><img decoding=\"async\" class=\"wp-image-1161 alignright\" style=\"color: #99cc00; font-style: normal; font-weight: 300;\" src=\"https:\/\/topplant.pl\/wp-content\/uploads\/2016\/05\/1-300x74.png\" alt=\"1\" width=\"197\" height=\"57\" \/>\u041d\u0430\u0448\u0435 \u0441\u0435\u043c\u0435\u0439\u043d\u043e\u0435 \u0444\u0435\u0440\u043c\u0435\u0440\u0441\u043a\u043e\u0435 \u0445\u043e\u0437\u044f\u0439\u0441\u0442\u0432\u043e \u0437\u0430\u043d\u0438\u043c\u0430\u0435\u0442\u0441\u044f \u0432\u044b\u0440\u0430\u0449\u0438\u0432\u0430\u043d\u0435\u043c \u043a\u043b\u0443\u0431\u043d\u0438\u043a\u0438 \u0438 \u043c\u0430\u043b\u0438\u043d\u044b \u0432 \u0442\u0435\u043f\u043b\u0438\u0446\u0430\u0445 \u043d\u0430 \u043f\u043e\u0432\u0435\u0440\u0445\u043d\u043e\u0441\u0442\u0438 \u043e\u043a. 10 \u0433\u0435\u043a\u0442\u0430\u0440\u043e\u0432. \u041c\u044b \u0438\u0449\u0435\u043c \u043c\u043e\u043b\u043e\u0434\u043e\u0433\u043e \u0432\u044b\u043f\u0443\u0441\u043a\u043d\u0438\u043a\u0430 \u0441\u0435\u043b \u044c\u0441\u043a\u043e\u0445\u043e\u0437\u044f\u0438\u0441\u0442\u0432\u0435\u043d\u043d\u043e\u0438 \u0430\u043a\u0430\u0434\u0435\u043c\u0438\u0438 (\u043c\u0443\u0436\u0447\u0438\u043d\u0430 \u0438\u043b\u0438 \u0436\u0435\u043d\u0449\u0438\u043d\u0430) \u0441\u043e \u0437\u043d\u0430\u043d\u0438\u0435\u043c \u0432\u043e\u043f\u0440\u043e\u0441\u043e\u0432 \u043e\u043f\u043b\u043e\u0434\u043e\u0442\u0432\u043e\u0440\u0435\u043d\u0438\u044f \u0440\u043e\u0441\u0442\u0435\u043d\u0438\u0438 \u0438 \u0445\u043e\u0442\u044c\u0430\u0431\u044b \u043c\u0438\u043d\u0438\u043c\u0430\u043b\u044c\u043d\u044b\u043c \u043e\u043f\u044b\u0442\u043e\u043c \u043f\u043e \u0440\u0430\u0431\u043e\u0442\u0435 \u0441 \u043a\u043e\u043c\u043f\u044c\u044e\u0442\u0435\u0440\u043e\u043c. \u0412\u043e\u0437\u043c\u043e\u0436\u043d\u0430\u044f \u043f\u043b\u0430\u0442\u043d\u0430\u044f \u0441\u0442\u0430\u0436\u0438\u0440\u043e\u0432\u043a\u0430. \u0416\u0438\u043b\u044c\u0435 \u043e\u0431\u0435\u0441\u043f\u0435\u0447\u0438\u0432\u0430\u0435\u043c. \u0413\u043e\u0440\u043e\u0434 \u0429\u0435\u0446\u0438\u043d. \u0415\u0441\u0442\u044c \u0432\u043e\u043f\u0440\u043e\u0441\u044b? \u0417\u0432\u043e\u043d\u0438\u0442\u0435 \u043f\u043e\u0436\u0430\u043b\u0443\u0439\u0441\u0442\u0430 <a href=\"tel:%2B48%20600%20455%20257\" target=\"_blank\" rel=\"noopener\">+48 600 455 257<\/a> (\u043c\u044b \u0433\u043e\u0432\u043e\u0440\u0438\u043c \u043f\u043e \u0440\u0443\u0441\u0441\u043a\u0438) \u0438\u043b\u0438 \u043f\u0438\u0448\u0438\u0442\u0435:<strong> biuro@topplant.pl<\/strong>; <a href=\"https:\/\/topplant.pl\/\" target=\"_blank\" rel=\"noopener\" data-saferedirecturl=\"https:\/\/www.google.com\/url?hl=pl&amp;q=https:\/\/topplant.pl&amp;source=gmail&amp;ust=1462982414954000&amp;usg=AFQjCNFUJ3LrHfNG9wWdchYbaqP7zxj-8w\">www.topplant.pl<\/a><\/p>\n<p style=\"text-align: center;\"><span style=\"color: #000080;\"><strong>Work Offe<\/strong><\/span><span style=\"color: #000080;\"><strong>r<\/strong><\/span><\/p>\n<p><span style=\"color: #000080;\">We are growing strawberries and raspberries on the area of 10ha in the greenhouses in North-Western Poland. We are currently looking for a graduate of Agricultural Engineering or Horticultural Engineering who is familiar with Irrigation-\/Fertilizer computers.<\/span><\/p>\n<p><span style=\"color: #000080;\">We are able to provide working visa and accommodation. Please apply by sending your resume by e-mail: <strong>biuro@topplant.pl<\/strong>, please write \u201cwork application\u201d in the subject. In case of questions please call: <strong>+48 600 455 257 <\/strong>(Russian language speaker).<\/span><\/p>\n<p><span style=\"color: #99cc00;\">Zajmujemy si\u0119 produkcj\u0105 owoc\u00f3w truskawek, malin orazro\u015blin na obszarze 10ha szklarni. Poszukujemy osoby po studiach rolniczych lub ogrodniczych ze znajomo\u015bci\u0105 \u017cywienia ro\u015blin i umiej\u0119tno\u015bci\u0105 obs\u0142ugi komputerowego miksera nawo\u017ceniowego.<\/span><br \/>\n<span style=\"color: #99cc00;\"> Prosz\u0119 aplikowa\u0107 przez e-mail (biuro@topplant.pl), w tytule dopisa\u0107 &#8220;work application&#8221;.<\/span><\/p>\n<p><strong>TOP-PLANT<\/strong><br \/>\n<strong>Ul. Floriana Krygiera 1<\/strong><br \/>\n<strong>71-001 Szczecin, Poland<\/strong><br \/>\n<strong><a href=\"mailto:biuro@topplant.pl\">biuro@topplant.pl<\/a><\/strong><br \/>\n<strong><a href=\"https:\/\/topplant.pl\">www.topplant.pl<\/a><\/strong><br \/>\n<strong><a href=\"http:\/\/www.owoce-truskawek.eu\">www.owoce-truskawek.eu<\/a><\/strong><br \/>\n<strong><a href=\"http:\/\/www.sadzonki-truskawek.eu\">www.sadzonki-truskawek.eu<\/a><\/strong><\/p>\n<div id=\"attachment_1162\" style=\"width: 594px\" class=\"wp-caption alignnone\"><img aria-describedby=\"caption-attachment-1162\" decoding=\"async\" class=\"\u0420\u0430\u0431\u043e\u0442\u0430 - \u0441\u0430\u0434\u043e\u0432\u043e\u0434\u0441\u0442\u0432\u043e wp-image-1162 size-large\" style=\"color: #333333; font-style: normal; font-weight: 300;\" title=\"\u0420\u0430\u0431\u043e\u0442\u0430 - \u0441\u0430\u0434\u043e\u0432\u043e\u0434\u0441\u0442\u0432\u043e\" src=\"https:\/\/topplant.pl\/wp-content\/uploads\/2016\/05\/2-1024x576.jpg\" alt=\"\u0420\u0430\u0431\u043e\u0442\u0430 - \u0441\u0430\u0434\u043e\u0432\u043e\u0434\u0441\u0442\u0432\u043e\" width=\"584\" height=\"329\" srcset=\"https:\/\/topplant.pl\/wp-content\/uploads\/2016\/05\/2-1024x576.jpg 1024w, https:\/\/topplant.pl\/wp-content\/uploads\/2016\/05\/2-300x169.jpg 300w, https:\/\/topplant.pl\/wp-content\/uploads\/2016\/05\/2-768x432.jpg 768w, https:\/\/topplant.pl\/wp-content\/uploads\/2016\/05\/2-500x281.jpg 500w, https:\/\/topplant.pl\/wp-content\/uploads\/2016\/05\/2.jpg 1920w\" sizes=\"(max-width: 584px) 100vw, 584px\" \/><p id=\"caption-attachment-1162\" class=\"wp-caption-text\">\u0420\u0430\u0431\u043e\u0442\u0430 &#8211; \u0441\u0430\u0434\u043e\u0432\u043e\u0434\u0441\u0442\u0432\u043e<\/p><\/div>\n<p><img decoding=\"async\" class=\"wp-image-1163 size-large alignnone\" src=\"https:\/\/topplant.pl\/wp-content\/uploads\/2016\/05\/3-1024x310.jpg\" alt=\"3\" width=\"584\" height=\"177\" srcset=\"https:\/\/topplant.pl\/wp-content\/uploads\/2016\/05\/3-1024x310.jpg 1024w, https:\/\/topplant.pl\/wp-content\/uploads\/2016\/05\/3-300x91.jpg 300w, https:\/\/topplant.pl\/wp-content\/uploads\/2016\/05\/3-768x233.jpg 768w, https:\/\/topplant.pl\/wp-content\/uploads\/2016\/05\/3-500x152.jpg 500w, https:\/\/topplant.pl\/wp-content\/uploads\/2016\/05\/3.jpg 1412w\" sizes=\"(max-width: 584px) 100vw, 584px\" \/><\/p>\n<div id=\"attachment_1591\" style=\"width: 594px\" class=\"wp-caption alignnone\"><img aria-describedby=\"caption-attachment-1591\" decoding=\"async\" class=\"\u0420\u0430\u0431\u043e\u0442\u0430 \u0434\u043b\u044f \u0432\u044b\u043f\u0443\u0441\u043a\u043d\u0438\u043a\u043e\u0432 \u0441\u0430\u0434\u043e\u0432\u043e\u0434\u0441\u0442\u0432\u0430 wp-image-1591 size-large\" title=\"\u0420\u0430\u0431\u043e\u0442\u0430 \u0434\u043b\u044f \u0432\u044b\u043f\u0443\u0441\u043a\u043d\u0438\u043a\u043e\u0432 \u0441\u0430\u0434\u043e\u0432\u043e\u0434\u0441\u0442\u0432\u0430\" src=\"https:\/\/topplant.pl\/wp-content\/uploads\/2017\/02\/DSC_0069-1024x683.jpg\" alt=\"\u0420\u0430\u0431\u043e\u0442\u0430 \u0434\u043b\u044f \u0432\u044b\u043f\u0443\u0441\u043a\u043d\u0438\u043a\u043e\u0432 \u0441\u0430\u0434\u043e\u0432\u043e\u0434\u0441\u0442\u0432\u0430\" width=\"584\" height=\"390\" srcset=\"https:\/\/topplant.pl\/wp-content\/uploads\/2017\/02\/DSC_0069-1024x683.jpg 1024w, https:\/\/topplant.pl\/wp-content\/uploads\/2017\/02\/DSC_0069-300x200.jpg 300w, https:\/\/topplant.pl\/wp-content\/uploads\/2017\/02\/DSC_0069-768x512.jpg 768w, https:\/\/topplant.pl\/wp-content\/uploads\/2017\/02\/DSC_0069-450x300.jpg 450w\" sizes=\"(max-width: 584px) 100vw, 584px\" \/><p id=\"caption-attachment-1591\" class=\"wp-caption-text\">\u0420\u0430\u0431\u043e\u0442\u0430 \u0434\u043b\u044f \u0432\u044b\u043f\u0443\u0441\u043a\u043d\u0438\u043a\u043e\u0432 \u0441\u0430\u0434\u043e\u0432\u043e\u0434\u0441\u0442\u0432\u0430<\/p><\/div>\n<div id=\"attachment_1080\" style=\"width: 788px\" class=\"wp-caption alignnone\"><img aria-describedby=\"caption-attachment-1080\" decoding=\"async\" class=\"\u0420\u0430\u0431\u043e\u0442\u0430 \u0434\u043b\u044f \u0432\u044b\u043f\u0443\u0441\u043a\u043d\u0438\u043a\u043e\u0432 \u0441\u0430\u0434\u043e\u0432\u043e\u0434\u0441\u0442\u0432\u0430 wp-image-1080 size-full\" title=\"\u0420\u0430\u0431\u043e\u0442\u0430 \u0434\u043b\u044f \u0432\u044b\u043f\u0443\u0441\u043a\u043d\u0438\u043a\u043e\u0432 \u0441\u0430\u0434\u043e\u0432\u043e\u0434\u0441\u0442\u0432\u0430\" src=\"https:\/\/topplant.pl\/wp-content\/uploads\/2016\/02\/TOP-PLANT-POLAND-4.jpg\" alt=\"\u0420\u0430\u0431\u043e\u0442\u0430 \u0434\u043b\u044f \u0432\u044b\u043f\u0443\u0441\u043a\u043d\u0438\u043a\u043e\u0432 \u0441\u0430\u0434\u043e\u0432\u043e\u0434\u0441\u0442\u0432\u0430\" width=\"778\" height=\"363\" srcset=\"https:\/\/topplant.pl\/wp-content\/uploads\/2016\/02\/TOP-PLANT-POLAND-4.jpg 778w, https:\/\/topplant.pl\/wp-content\/uploads\/2016\/02\/TOP-PLANT-POLAND-4-300x140.jpg 300w, https:\/\/topplant.pl\/wp-content\/uploads\/2016\/02\/TOP-PLANT-POLAND-4-768x358.jpg 768w, https:\/\/topplant.pl\/wp-content\/uploads\/2016\/02\/TOP-PLANT-POLAND-4-500x233.jpg 500w\" sizes=\"(max-width: 778px) 100vw, 778px\" \/><p id=\"caption-attachment-1080\" class=\"wp-caption-text\">\u0420\u0430\u0431\u043e\u0442\u0430 \u0434\u043b\u044f \u0432\u044b\u043f\u0443\u0441\u043a\u043d\u0438\u043a\u043e\u0432 \u0441\u0430\u0434\u043e\u0432\u043e\u0434\u0441\u0442\u0432\u0430<\/p><\/div>\n<\/div>\n<p><\/p>","protected":false},"excerpt":{"rendered":"<p>\u0420\u0430\u0431\u043e\u0442\u0430 \u0434\u043b\u044f \u0438\u043d\u0436\u0435\u043d\u0435\u0440\u0430 \u0441\u0435\u043b\u044c\u0441\u043a\u043e\u0433\u043e \u0445\u043e\u0437\u044f\u0439\u0441\u0442\u0432\u0430 \u041d\u0430\u0448\u0435 \u0441\u0435\u043c\u0435\u0439\u043d\u043e\u0435 \u0444\u0435\u0440\u043c\u0435\u0440\u0441\u043a\u043e\u0435 \u0445\u043e\u0437\u044f\u0439\u0441\u0442\u0432\u043e \u0437\u0430\u043d\u0438\u043c\u0430\u0435\u0442\u0441\u044f \u0432\u044b\u0440\u0430\u0449\u0438\u0432\u0430\u043d\u0435\u043c \u043a\u043b\u0443\u0431\u043d\u0438\u043a\u0438 \u0438 \u043c\u0430\u043b\u0438\u043d\u044b \u0432 \u0442\u0435\u043f\u043b\u0438\u0446\u0430\u0445 \u043d\u0430 \u043f\u043e\u0432\u0435\u0440\u0445\u043d\u043e\u0441\u0442\u0438 \u043e\u043a. 10 \u0433\u0435\u043a\u0442\u0430\u0440\u043e\u0432. \u041c\u044b \u0438\u0449\u0435\u043c \u043c\u043e\u043b\u043e\u0434\u043e\u0433\u043e \u0432\u044b\u043f\u0443\u0441\u043a\u043d\u0438\u043a\u0430 \u0441\u0435\u043b \u044c\u0441\u043a\u043e\u0445\u043e\u0437\u044f\u0438\u0441\u0442\u0432\u0435\u043d\u043d\u043e\u0438 \u0430\u043a\u0430\u0434\u0435\u043c\u0438\u0438 (\u043c\u0443\u0436\u0447\u0438\u043d\u0430 \u0438\u043b\u0438 \u0436\u0435\u043d\u0449\u0438\u043d\u0430) \u0441\u043e \u0437\u043d\u0430\u043d\u0438\u0435\u043c \u0432\u043e\u043f\u0440\u043e\u0441\u043e\u0432 \u043e\u043f\u043b\u043e\u0434\u043e\u0442\u0432\u043e\u0440\u0435\u043d\u0438\u044f \u0440\u043e\u0441\u0442\u0435\u043d\u0438\u0438 \u0438 \u0445\u043e\u0442\u044c\u0430\u0431\u044b \u043c\u0438\u043d\u0438\u043c\u0430\u043b\u044c\u043d\u044b\u043c \u043e\u043f\u044b\u0442\u043e\u043c &hellip; <a href=\"https:\/\/topplant.pl\/de\/work-offer\/\">Weiterlesen <span class=\"meta-nav\">&rarr;<\/span><\/a><\/p>\n","protected":false},"author":2,"featured_media":0,"parent":0,"menu_order":0,"comment_status":"closed","ping_status":"closed","template":"sidebar-page.php","meta":[],"yoast_head":"<!-- This site is optimized with the Yoast SEO plugin v20.2.1 - https:\/\/yoast.com\/wordpress\/plugins\/seo\/ -->\n<title>\u0420\u0430\u0431\u043e\u0442\u0430 \u00b7 \u0434\u043b\u044f \u0432\u044b\u043f\u0443\u0441\u043a\u043d\u0438\u043a\u043e\u0432 \u0441\u0430\u0434\u043e\u0432\u043e\u0434\u0441\u0442\u0432\u0430 \u00b7 Top-Plant\u2122<\/title>\n<meta name=\"description\" content=\"\u041c\u044b \u0438\u0449\u0435\u043c \u043c\u043e\u043b\u043e\u0434\u043e\u0433\u043e \u0432\u044b\u043f\u0443\u0441\u043a\u043d\u0438\u043a\u0430 \u0441\u0435\u043b\u044c\u0441\u043a\u043e\u0445\u043e\u0437\u044f\u0438\u0441\u0442\u0432\u0435\u043d\u043d\u043e\u0438 \u0430\u043a\u0430\u0434\u0435\u043c\u0438\u0438 \u0441\u043e \u0437\u043d\u0430\u043d\u0438\u0435\u043c \u0432\u043e\u043f\u0440\u043e\u0441\u043e\u0432 \u043e\u043f\u043b\u043e\u0434\u043e\u0442\u0432\u043e\u0440\u0435\u043d\u0438\u044f \u0440\u043e\u0441\u0442\u0435\u043d\u0438\u0438 \u0438 \u0445\u043e\u0442\u044c\u0430\u0431\u044b \u00b7 Top-Plant\u2122\" \/>\n<meta name=\"robots\" content=\"index, follow, max-snippet:-1, max-image-preview:large, max-video-preview:-1\" \/>\n<link rel=\"canonical\" href=\"https:\/\/topplant.pl\/de\/work-offer\/\" \/>\n<meta property=\"og:locale\" content=\"de_DE\" \/>\n<meta property=\"og:type\" content=\"article\" \/>\n<meta property=\"og:title\" content=\"\u0420\u0430\u0431\u043e\u0442\u0430 \u00b7 \u0434\u043b\u044f \u0432\u044b\u043f\u0443\u0441\u043a\u043d\u0438\u043a\u043e\u0432 \u0441\u0430\u0434\u043e\u0432\u043e\u0434\u0441\u0442\u0432\u0430 \u00b7 Top-Plant\u2122\" \/>\n<meta property=\"og:description\" content=\"\u041c\u044b \u0438\u0449\u0435\u043c \u043c\u043e\u043b\u043e\u0434\u043e\u0433\u043e \u0432\u044b\u043f\u0443\u0441\u043a\u043d\u0438\u043a\u0430 \u0441\u0435\u043b\u044c\u0441\u043a\u043e\u0445\u043e\u0437\u044f\u0438\u0441\u0442\u0432\u0435\u043d\u043d\u043e\u0438 \u0430\u043a\u0430\u0434\u0435\u043c\u0438\u0438 \u0441\u043e \u0437\u043d\u0430\u043d\u0438\u0435\u043c \u0432\u043e\u043f\u0440\u043e\u0441\u043e\u0432 \u043e\u043f\u043b\u043e\u0434\u043e\u0442\u0432\u043e\u0440\u0435\u043d\u0438\u044f \u0440\u043e\u0441\u0442\u0435\u043d\u0438\u0438 \u0438 \u0445\u043e\u0442\u044c\u0430\u0431\u044b \u00b7 Top-Plant\u2122\" \/>\n<meta property=\"og:url\" content=\"https:\/\/topplant.pl\/de\/work-offer\/\" \/>\n<meta property=\"og:site_name\" content=\"TOP-PLANT\" \/>\n<meta property=\"article:publisher\" content=\"https:\/\/www.facebook.com\/Centrum-Ogrodnicze-Top-Plant-Szczecin-317711855543144\" \/>\n<meta property=\"article:modified_time\" content=\"2018-03-19T17:09:24+00:00\" \/>\n<meta property=\"og:image\" content=\"https:\/\/topplant.pl\/wp-content\/uploads\/2016\/05\/1-300x74.png\" \/>\n<meta name=\"twitter:card\" content=\"summary_large_image\" \/>\n<meta name=\"twitter:label1\" content=\"Gesch\u00e4tzte Lesezeit\" \/>\n\t<meta name=\"twitter:data1\" content=\"2 Minuten\" \/>\n<script type=\"application\/ld+json\" class=\"yoast-schema-graph\">{\"@context\":\"https:\/\/schema.org\",\"@graph\":[{\"@type\":\"WebPage\",\"@id\":\"https:\/\/topplant.pl\/de\/work-offer\/\",\"url\":\"https:\/\/topplant.pl\/de\/work-offer\/\",\"name\":\"\u0420\u0430\u0431\u043e\u0442\u0430 \u00b7 \u0434\u043b\u044f \u0432\u044b\u043f\u0443\u0441\u043a\u043d\u0438\u043a\u043e\u0432 \u0441\u0430\u0434\u043e\u0432\u043e\u0434\u0441\u0442\u0432\u0430 \u00b7 Top-Plant\u2122\",\"isPartOf\":{\"@id\":\"https:\/\/topplant.pl\/#website\"},\"datePublished\":\"2016-05-08T17:35:02+00:00\",\"dateModified\":\"2018-03-19T17:09:24+00:00\",\"description\":\"\u041c\u044b \u0438\u0449\u0435\u043c \u043c\u043e\u043b\u043e\u0434\u043e\u0433\u043e \u0432\u044b\u043f\u0443\u0441\u043a\u043d\u0438\u043a\u0430 \u0441\u0435\u043b\u044c\u0441\u043a\u043e\u0445\u043e\u0437\u044f\u0438\u0441\u0442\u0432\u0435\u043d\u043d\u043e\u0438 \u0430\u043a\u0430\u0434\u0435\u043c\u0438\u0438 \u0441\u043e \u0437\u043d\u0430\u043d\u0438\u0435\u043c \u0432\u043e\u043f\u0440\u043e\u0441\u043e\u0432 \u043e\u043f\u043b\u043e\u0434\u043e\u0442\u0432\u043e\u0440\u0435\u043d\u0438\u044f \u0440\u043e\u0441\u0442\u0435\u043d\u0438\u0438 \u0438 \u0445\u043e\u0442\u044c\u0430\u0431\u044b \u00b7 Top-Plant\u2122\",\"breadcrumb\":{\"@id\":\"https:\/\/topplant.pl\/de\/work-offer\/#breadcrumb\"},\"inLanguage\":\"de-DE\",\"potentialAction\":[{\"@type\":\"ReadAction\",\"target\":[\"https:\/\/topplant.pl\/de\/work-offer\/\"]}]},{\"@type\":\"BreadcrumbList\",\"@id\":\"https:\/\/topplant.pl\/de\/work-offer\/#breadcrumb\",\"itemListElement\":[{\"@type\":\"ListItem\",\"position\":1,\"name\":\"Strona g\u0142\u00f3wna\",\"item\":\"https:\/\/topplant.pl\/\"},{\"@type\":\"ListItem\",\"position\":2,\"name\":\"\u0420\u0430\u0431\u043e\u0442\u0430 &#8211; \u0441\u0430\u0434\u043e\u0432\u043e\u0434\u0441\u0442\u0432\u043e\"}]},{\"@type\":\"WebSite\",\"@id\":\"https:\/\/topplant.pl\/#website\",\"url\":\"https:\/\/topplant.pl\/\",\"name\":\"Centrum Ogrodnicze TOP-PLANT\",\"description\":\"Producent kwiat\u00f3w, sadzonek, owoc\u00f3w truskawek i malin\",\"publisher\":{\"@id\":\"https:\/\/topplant.pl\/#organization\"},\"potentialAction\":[{\"@type\":\"SearchAction\",\"target\":{\"@type\":\"EntryPoint\",\"urlTemplate\":\"https:\/\/topplant.pl\/?s={search_term_string}\"},\"query-input\":\"required name=search_term_string\"}],\"inLanguage\":\"de-DE\"},{\"@type\":\"Organization\",\"@id\":\"https:\/\/topplant.pl\/#organization\",\"name\":\"Centrum Ogrodnicze TOP-PLANT\",\"url\":\"https:\/\/topplant.pl\/\",\"logo\":{\"@type\":\"ImageObject\",\"inLanguage\":\"de-DE\",\"@id\":\"https:\/\/topplant.pl\/#\/schema\/logo\/image\/\",\"url\":\"https:\/\/topplant.pl\/wp-content\/uploads\/2018\/01\/baner-10_bratek_nowe_logo.jpg\",\"contentUrl\":\"https:\/\/topplant.pl\/wp-content\/uploads\/2018\/01\/baner-10_bratek_nowe_logo.jpg\",\"width\":1000,\"height\":320,\"caption\":\"Centrum Ogrodnicze TOP-PLANT\"},\"image\":{\"@id\":\"https:\/\/topplant.pl\/#\/schema\/logo\/image\/\"},\"sameAs\":[\"https:\/\/www.facebook.com\/Centrum-Ogrodnicze-Top-Plant-Szczecin-317711855543144\"]}]}<\/script>\n<!-- \/ Yoast SEO plugin. -->","yoast_head_json":{"title":"\u0420\u0430\u0431\u043e\u0442\u0430 \u00b7 \u0434\u043b\u044f \u0432\u044b\u043f\u0443\u0441\u043a\u043d\u0438\u043a\u043e\u0432 \u0441\u0430\u0434\u043e\u0432\u043e\u0434\u0441\u0442\u0432\u0430 \u00b7 Top-Plant\u2122","description":"\u041c\u044b \u0438\u0449\u0435\u043c \u043c\u043e\u043b\u043e\u0434\u043e\u0433\u043e \u0432\u044b\u043f\u0443\u0441\u043a\u043d\u0438\u043a\u0430 \u0441\u0435\u043b\u044c\u0441\u043a\u043e\u0445\u043e\u0437\u044f\u0438\u0441\u0442\u0432\u0435\u043d\u043d\u043e\u0438 \u0430\u043a\u0430\u0434\u0435\u043c\u0438\u0438 \u0441\u043e \u0437\u043d\u0430\u043d\u0438\u0435\u043c \u0432\u043e\u043f\u0440\u043e\u0441\u043e\u0432 \u043e\u043f\u043b\u043e\u0434\u043e\u0442\u0432\u043e\u0440\u0435\u043d\u0438\u044f \u0440\u043e\u0441\u0442\u0435\u043d\u0438\u0438 \u0438 \u0445\u043e\u0442\u044c\u0430\u0431\u044b \u00b7 Top-Plant\u2122","robots":{"index":"index","follow":"follow","max-snippet":"max-snippet:-1","max-image-preview":"max-image-preview:large","max-video-preview":"max-video-preview:-1"},"canonical":"https:\/\/topplant.pl\/de\/work-offer\/","og_locale":"de_DE","og_type":"article","og_title":"\u0420\u0430\u0431\u043e\u0442\u0430 \u00b7 \u0434\u043b\u044f \u0432\u044b\u043f\u0443\u0441\u043a\u043d\u0438\u043a\u043e\u0432 \u0441\u0430\u0434\u043e\u0432\u043e\u0434\u0441\u0442\u0432\u0430 \u00b7 Top-Plant\u2122","og_description":"\u041c\u044b \u0438\u0449\u0435\u043c \u043c\u043e\u043b\u043e\u0434\u043e\u0433\u043e \u0432\u044b\u043f\u0443\u0441\u043a\u043d\u0438\u043a\u0430 \u0441\u0435\u043b\u044c\u0441\u043a\u043e\u0445\u043e\u0437\u044f\u0438\u0441\u0442\u0432\u0435\u043d\u043d\u043e\u0438 \u0430\u043a\u0430\u0434\u0435\u043c\u0438\u0438 \u0441\u043e \u0437\u043d\u0430\u043d\u0438\u0435\u043c \u0432\u043e\u043f\u0440\u043e\u0441\u043e\u0432 \u043e\u043f\u043b\u043e\u0434\u043e\u0442\u0432\u043e\u0440\u0435\u043d\u0438\u044f \u0440\u043e\u0441\u0442\u0435\u043d\u0438\u0438 \u0438 \u0445\u043e\u0442\u044c\u0430\u0431\u044b \u00b7 Top-Plant\u2122","og_url":"https:\/\/topplant.pl\/de\/work-offer\/","og_site_name":"TOP-PLANT","article_publisher":"https:\/\/www.facebook.com\/Centrum-Ogrodnicze-Top-Plant-Szczecin-317711855543144","article_modified_time":"2018-03-19T17:09:24+00:00","og_image":[{"url":"https:\/\/topplant.pl\/wp-content\/uploads\/2016\/05\/1-300x74.png"}],"twitter_card":"summary_large_image","twitter_misc":{"Gesch\u00e4tzte Lesezeit":"2 Minuten"},"schema":{"@context":"https:\/\/schema.org","@graph":[{"@type":"WebPage","@id":"https:\/\/topplant.pl\/de\/work-offer\/","url":"https:\/\/topplant.pl\/de\/work-offer\/","name":"\u0420\u0430\u0431\u043e\u0442\u0430 \u00b7 \u0434\u043b\u044f \u0432\u044b\u043f\u0443\u0441\u043a\u043d\u0438\u043a\u043e\u0432 \u0441\u0430\u0434\u043e\u0432\u043e\u0434\u0441\u0442\u0432\u0430 \u00b7 Top-Plant\u2122","isPartOf":{"@id":"https:\/\/topplant.pl\/#website"},"datePublished":"2016-05-08T17:35:02+00:00","dateModified":"2018-03-19T17:09:24+00:00","description":"\u041c\u044b \u0438\u0449\u0435\u043c \u043c\u043e\u043b\u043e\u0434\u043e\u0433\u043e \u0432\u044b\u043f\u0443\u0441\u043a\u043d\u0438\u043a\u0430 \u0441\u0435\u043b\u044c\u0441\u043a\u043e\u0445\u043e\u0437\u044f\u0438\u0441\u0442\u0432\u0435\u043d\u043d\u043e\u0438 \u0430\u043a\u0430\u0434\u0435\u043c\u0438\u0438 \u0441\u043e \u0437\u043d\u0430\u043d\u0438\u0435\u043c \u0432\u043e\u043f\u0440\u043e\u0441\u043e\u0432 \u043e\u043f\u043b\u043e\u0434\u043e\u0442\u0432\u043e\u0440\u0435\u043d\u0438\u044f \u0440\u043e\u0441\u0442\u0435\u043d\u0438\u0438 \u0438 \u0445\u043e\u0442\u044c\u0430\u0431\u044b \u00b7 Top-Plant\u2122","breadcrumb":{"@id":"https:\/\/topplant.pl\/de\/work-offer\/#breadcrumb"},"inLanguage":"de-DE","potentialAction":[{"@type":"ReadAction","target":["https:\/\/topplant.pl\/de\/work-offer\/"]}]},{"@type":"BreadcrumbList","@id":"https:\/\/topplant.pl\/de\/work-offer\/#breadcrumb","itemListElement":[{"@type":"ListItem","position":1,"name":"Strona g\u0142\u00f3wna","item":"https:\/\/topplant.pl\/"},{"@type":"ListItem","position":2,"name":"\u0420\u0430\u0431\u043e\u0442\u0430 &#8211; \u0441\u0430\u0434\u043e\u0432\u043e\u0434\u0441\u0442\u0432\u043e"}]},{"@type":"WebSite","@id":"https:\/\/topplant.pl\/#website","url":"https:\/\/topplant.pl\/","name":"Centrum Ogrodnicze TOP-PLANT","description":"Producent kwiat\u00f3w, sadzonek, owoc\u00f3w truskawek i malin","publisher":{"@id":"https:\/\/topplant.pl\/#organization"},"potentialAction":[{"@type":"SearchAction","target":{"@type":"EntryPoint","urlTemplate":"https:\/\/topplant.pl\/?s={search_term_string}"},"query-input":"required name=search_term_string"}],"inLanguage":"de-DE"},{"@type":"Organization","@id":"https:\/\/topplant.pl\/#organization","name":"Centrum Ogrodnicze TOP-PLANT","url":"https:\/\/topplant.pl\/","logo":{"@type":"ImageObject","inLanguage":"de-DE","@id":"https:\/\/topplant.pl\/#\/schema\/logo\/image\/","url":"https:\/\/topplant.pl\/wp-content\/uploads\/2018\/01\/baner-10_bratek_nowe_logo.jpg","contentUrl":"https:\/\/topplant.pl\/wp-content\/uploads\/2018\/01\/baner-10_bratek_nowe_logo.jpg","width":1000,"height":320,"caption":"Centrum Ogrodnicze TOP-PLANT"},"image":{"@id":"https:\/\/topplant.pl\/#\/schema\/logo\/image\/"},"sameAs":["https:\/\/www.facebook.com\/Centrum-Ogrodnicze-Top-Plant-Szczecin-317711855543144"]}]}},"_links":{"self":[{"href":"https:\/\/topplant.pl\/de\/wp-json\/wp\/v2\/pages\/1160"}],"collection":[{"href":"https:\/\/topplant.pl\/de\/wp-json\/wp\/v2\/pages"}],"about":[{"href":"https:\/\/topplant.pl\/de\/wp-json\/wp\/v2\/types\/page"}],"author":[{"embeddable":true,"href":"https:\/\/topplant.pl\/de\/wp-json\/wp\/v2\/users\/2"}],"replies":[{"embeddable":true,"href":"https:\/\/topplant.pl\/de\/wp-json\/wp\/v2\/comments?post=1160"}],"version-history":[{"count":4,"href":"https:\/\/topplant.pl\/de\/wp-json\/wp\/v2\/pages\/1160\/revisions"}],"predecessor-version":[{"id":1948,"href":"https:\/\/topplant.pl\/de\/wp-json\/wp\/v2\/pages\/1160\/revisions\/1948"}],"wp:attachment":[{"href":"https:\/\/topplant.pl\/de\/wp-json\/wp\/v2\/media?parent=1160"}],"curies":[{"name":"wp","href":"https:\/\/api.w.org\/{rel}","templated":true}]}}